{"id":1773,"date":"2026-03-02T15:18:04","date_gmt":"2026-03-02T12:18:04","guid":{"rendered":"https:\/\/brothersjewellery.com\/urun\/118-r-string\/"},"modified":"2026-04-01T01:17:36","modified_gmt":"2026-03-31T22:17:36","slug":"118-r-string","status":"publish","type":"product","link":"https:\/\/brothersjewellery.com\/en\/product\/118-r-string\/","title":{"rendered":"118- R-String"},"content":{"rendered":"","protected":false},"excerpt":{"rendered":"<p>Minimal form ile feminen ak\u0131\u015f aras\u0131nda kurulan hassas bir dengedir. \u0130nce g\u00f6vde \u00fczerinde y\u00fckselen k\u00fc\u00e7\u00fck signet form, tasar\u0131ma sade ama dikkat \u00e7ekici bir odak kazand\u0131r\u0131r.<br \/>\nAk\u0131c\u0131 hatlar, bedensel bir zarafet hissi yarat\u0131rken y\u00fcz\u00fc\u011f\u00fcn minimal mimarisi modern bir ifade sunar. K\u00fc\u00e7\u00fck \u00f6l\u00e7ekte g\u00fc\u00e7l\u00fc bir karakter ta\u015f\u0131yan R-String, sessiz ama etkili bir tasar\u0131m yakla\u015f\u0131m\u0131n\u0131 temsil eder.<br \/>\nKapal\u0131\u00e7ar\u015f\u0131\u2019daki at\u00f6lyemizde el i\u015f\u00e7ili\u011fiyle \u00fcretilen bu par\u00e7a, g\u00fcnl\u00fck kullan\u0131m i\u00e7in zarif bir statement y\u00fcz\u00fck olarak tasarland\u0131. Feminen, modern ve zamans\u0131z.<br \/>\nMinimal form. Yumu\u015fak g\u00fc\u00e7. Modern zarafet<\/p>","protected":false},"featured_media":1683,"comment_status":"open","ping_status":"closed","template":"","meta":[],"product_brand":[],"product_cat":[73,54],"product_tag":[],"class_list":{"0":"post-1773","1":"product","2":"type-product","3":"status-publish","4":"has-post-thumbnail","6":"product_cat-signet-koleksiyonu","7":"product_cat-yuzuk","9":"first","10":"instock","11":"shipping-taxable","12":"purchasable","13":"product-type-variable"},"_links":{"self":[{"href":"https:\/\/brothersjewellery.com\/en\/wp-json\/wp\/v2\/product\/1773","targetHints":{"allow":["GET"]}}],"collection":[{"href":"https:\/\/brothersjewellery.com\/en\/wp-json\/wp\/v2\/product"}],"about":[{"href":"https:\/\/brothersjewellery.com\/en\/wp-json\/wp\/v2\/types\/product"}],"replies":[{"embeddable":true,"href":"https:\/\/brothersjewellery.com\/en\/wp-json\/wp\/v2\/comments?post=1773"}],"wp:featuredmedia":[{"embeddable":true,"href":"https:\/\/brothersjewellery.com\/en\/wp-json\/wp\/v2\/media\/1683"}],"wp:attachment":[{"href":"https:\/\/brothersjewellery.com\/en\/wp-json\/wp\/v2\/media?parent=1773"}],"wp:term":[{"taxonomy":"product_brand","embeddable":true,"href":"https:\/\/brothersjewellery.com\/en\/wp-json\/wp\/v2\/product_brand?post=1773"},{"taxonomy":"product_cat","embeddable":true,"href":"https:\/\/brothersjewellery.com\/en\/wp-json\/wp\/v2\/product_cat?post=1773"},{"taxonomy":"product_tag","embeddable":true,"href":"https:\/\/brothersjewellery.com\/en\/wp-json\/wp\/v2\/product_tag?post=1773"}],"curies":[{"name":"wp","href":"https:\/\/api.w.org\/{rel}","templated":true}]}}