{"id":1774,"date":"2026-03-02T15:18:04","date_gmt":"2026-03-02T12:18:04","guid":{"rendered":"https:\/\/brothersjewellery.com\/urun\/119-domea\/"},"modified":"2026-04-01T01:17:36","modified_gmt":"2026-03-31T22:17:36","slug":"119-domea","status":"publish","type":"product","link":"https:\/\/brothersjewellery.com\/en\/product\/119-domea\/","title":{"rendered":"119- Domea"},"content":{"rendered":"","protected":false},"excerpt":{"rendered":"<p>Ak\u0131c\u0131 hacmi ve kusursuz y\u00fczey ge\u00e7i\u015fleriyle formun saf halini temsil eder. Yumu\u015fak kubbe silueti, \u0131\u015f\u0131\u011f\u0131 do\u011fal \u015fekilde yakalayarak y\u00fcz\u00fc\u011fe sakin ama g\u00fc\u00e7l\u00fc bir karakter kazand\u0131r\u0131r.<br \/>\nAbart\u0131dan uzak, dengeli oranlara sahip bu tasar\u0131m g\u00fcnl\u00fck kullan\u0131m i\u00e7in zamans\u0131z bir temel par\u00e7a olarak tasarland\u0131. Minimal mimarisi sayesinde tek ba\u015f\u0131na g\u00fc\u00e7l\u00fc bir ifade sunarken di\u011fer y\u00fcz\u00fcklerle kombinlenmeye de uygundur.<br \/>\nKapal\u0131\u00e7ar\u015f\u0131\u2019daki at\u00f6lyemizde el i\u015f\u00e7ili\u011fiyle \u00fcretilen Domea, modern kuyumculukta sadeli\u011fin en rafine halini yans\u0131t\u0131r. Konforlu, ak\u0131c\u0131 ve zamans\u0131z.<br \/>\nSaf form. Yumu\u015fak hacim. Sessiz g\u00fc\u00e7.<\/p>","protected":false},"featured_media":1687,"comment_status":"open","ping_status":"closed","template":"","meta":[],"product_brand":[],"product_cat":[74,54],"product_tag":[],"class_list":{"0":"post-1774","1":"product","2":"type-product","3":"status-publish","4":"has-post-thumbnail","6":"product_cat-neoklasik-koleksiyon","7":"product_cat-yuzuk","9":"first","10":"instock","11":"shipping-taxable","12":"purchasable","13":"product-type-variable"},"_links":{"self":[{"href":"https:\/\/brothersjewellery.com\/en\/wp-json\/wp\/v2\/product\/1774","targetHints":{"allow":["GET"]}}],"collection":[{"href":"https:\/\/brothersjewellery.com\/en\/wp-json\/wp\/v2\/product"}],"about":[{"href":"https:\/\/brothersjewellery.com\/en\/wp-json\/wp\/v2\/types\/product"}],"replies":[{"embeddable":true,"href":"https:\/\/brothersjewellery.com\/en\/wp-json\/wp\/v2\/comments?post=1774"}],"wp:featuredmedia":[{"embeddable":true,"href":"https:\/\/brothersjewellery.com\/en\/wp-json\/wp\/v2\/media\/1687"}],"wp:attachment":[{"href":"https:\/\/brothersjewellery.com\/en\/wp-json\/wp\/v2\/media?parent=1774"}],"wp:term":[{"taxonomy":"product_brand","embeddable":true,"href":"https:\/\/brothersjewellery.com\/en\/wp-json\/wp\/v2\/product_brand?post=1774"},{"taxonomy":"product_cat","embeddable":true,"href":"https:\/\/brothersjewellery.com\/en\/wp-json\/wp\/v2\/product_cat?post=1774"},{"taxonomy":"product_tag","embeddable":true,"href":"https:\/\/brothersjewellery.com\/en\/wp-json\/wp\/v2\/product_tag?post=1774"}],"curies":[{"name":"wp","href":"https:\/\/api.w.org\/{rel}","templated":true}]}}