{"id":1775,"date":"2026-03-02T15:18:04","date_gmt":"2026-03-02T12:18:04","guid":{"rendered":"https:\/\/brothersjewellery.com\/urun\/120-cadron\/"},"modified":"2026-04-01T01:17:26","modified_gmt":"2026-03-31T22:17:26","slug":"120-cadron","status":"publish","type":"product","link":"https:\/\/brothersjewellery.com\/en\/product\/120-cadron\/","title":{"rendered":"120- Cadron"},"content":{"rendered":"","protected":false},"excerpt":{"rendered":"<p>Ritmik segment yap\u0131s\u0131yla mimari form anlay\u0131\u015f\u0131n\u0131 y\u00fcz\u00fck tasar\u0131m\u0131na ta\u015f\u0131yan g\u00fc\u00e7l\u00fc bir bantt\u0131r. Tekrarlayan blok y\u00fczeyler \u0131\u015f\u0131\u011f\u0131 farkl\u0131 a\u00e7\u0131larda yakalayarak y\u00fcz\u00fc\u011fe dinamik ve karakterli bir g\u00f6r\u00fcn\u00fcm kazand\u0131r\u0131r.<br \/>\nEnd\u00fcstriyel \u00e7izgiler ile Art Deco ritmi aras\u0131ndaki denge, Cadron\u2019un en belirgin ifadesini olu\u015fturur. Yap\u0131sal form dili sayesinde tek ba\u015f\u0131na g\u00fc\u00e7l\u00fc bir statement par\u00e7a olarak \u00f6ne \u00e7\u0131kar.<br \/>\nKapal\u0131\u00e7ar\u015f\u0131\u2019daki at\u00f6lyemizde el i\u015f\u00e7ili\u011fiyle \u00fcretilen Cadron, mimari esteti\u011fi g\u00fcnl\u00fck kullan\u0131ma ta\u015f\u0131yan zamans\u0131z bir tasar\u0131md\u0131r. Net, g\u00fc\u00e7l\u00fc ve modern.<br \/>\nRitim. Yap\u0131. Karakter.<\/p>","protected":false},"featured_media":1691,"comment_status":"open","ping_status":"closed","template":"","meta":[],"product_brand":[],"product_cat":[78,54],"product_tag":[],"class_list":{"0":"post-1775","1":"product","2":"type-product","3":"status-publish","4":"has-post-thumbnail","6":"product_cat-endustriyel-form-koleksiyonu","7":"product_cat-yuzuk","9":"first","10":"instock","11":"shipping-taxable","12":"purchasable","13":"product-type-variable"},"_links":{"self":[{"href":"https:\/\/brothersjewellery.com\/en\/wp-json\/wp\/v2\/product\/1775","targetHints":{"allow":["GET"]}}],"collection":[{"href":"https:\/\/brothersjewellery.com\/en\/wp-json\/wp\/v2\/product"}],"about":[{"href":"https:\/\/brothersjewellery.com\/en\/wp-json\/wp\/v2\/types\/product"}],"replies":[{"embeddable":true,"href":"https:\/\/brothersjewellery.com\/en\/wp-json\/wp\/v2\/comments?post=1775"}],"wp:featuredmedia":[{"embeddable":true,"href":"https:\/\/brothersjewellery.com\/en\/wp-json\/wp\/v2\/media\/1691"}],"wp:attachment":[{"href":"https:\/\/brothersjewellery.com\/en\/wp-json\/wp\/v2\/media?parent=1775"}],"wp:term":[{"taxonomy":"product_brand","embeddable":true,"href":"https:\/\/brothersjewellery.com\/en\/wp-json\/wp\/v2\/product_brand?post=1775"},{"taxonomy":"product_cat","embeddable":true,"href":"https:\/\/brothersjewellery.com\/en\/wp-json\/wp\/v2\/product_cat?post=1775"},{"taxonomy":"product_tag","embeddable":true,"href":"https:\/\/brothersjewellery.com\/en\/wp-json\/wp\/v2\/product_tag?post=1775"}],"curies":[{"name":"wp","href":"https:\/\/api.w.org\/{rel}","templated":true}]}}