{"id":1776,"date":"2026-03-02T15:18:04","date_gmt":"2026-03-02T12:18:04","guid":{"rendered":"https:\/\/brothersjewellery.com\/urun\/121-oriente-belle\/"},"modified":"2026-04-01T01:17:26","modified_gmt":"2026-03-31T22:17:26","slug":"121-oriente-belle","status":"publish","type":"product","link":"https:\/\/brothersjewellery.com\/en\/product\/121-oriente-belle\/","title":{"rendered":"121- Oriente Belle"},"content":{"rendered":"","protected":false},"excerpt":{"rendered":"<p>Osmanl\u0131\u2019n\u0131n son d\u00f6neminde Do\u011fu esteti\u011fi ile Avrupa zarafetinin kesi\u015fti\u011fi k\u00fclt\u00fcrel d\u00f6n\u00fc\u015f\u00fcmden ilham al\u0131r. Y\u00fcz\u00fc\u011f\u00fcn merkezinde yer alan el i\u015f\u00e7ili\u011fi floral scroll grav\u00fcr, Belle \u00c9poque kuyumculuk anlay\u0131\u015f\u0131n\u0131 ince bir bant formuyla bulu\u015fturur.<br \/>\nK\u00fc\u00e7\u00fck plaka detay\u0131, y\u00fcz\u00fc\u011fe zarif bir odak noktas\u0131 kazand\u0131r\u0131rken ak\u0131c\u0131 bant formu g\u00fcnl\u00fck kullan\u0131m i\u00e7in konforlu ve dengeli bir duru\u015f sunar. Geleneksel grav\u00fcr dili, modern sadelik i\u00e7inde yeniden yorumlanm\u0131\u015ft\u0131r.<br \/>\nKapal\u0131\u00e7ar\u015f\u0131\u2019daki at\u00f6lyemizde el i\u015f\u00e7ili\u011fiyle \u00fcretilen Oriente Belle, Do\u011fu ile Bat\u0131 aras\u0131nda kurulan estetik k\u00f6pr\u00fcn\u00fcn zamans\u0131z bir ifadesidir. Romantik, rafine ve karakterli.<br \/>\nDo\u011fu. Zarafet. Belle \u00c9poque.<\/p>","protected":false},"featured_media":1695,"comment_status":"open","ping_status":"closed","template":"","meta":[],"product_brand":[],"product_cat":[76,54],"product_tag":[],"class_list":{"0":"post-1776","1":"product","2":"type-product","3":"status-publish","4":"has-post-thumbnail","6":"product_cat-neo-osmanli-koleksiyonu","7":"product_cat-yuzuk","9":"first","10":"instock","11":"shipping-taxable","12":"purchasable","13":"product-type-variable"},"_links":{"self":[{"href":"https:\/\/brothersjewellery.com\/en\/wp-json\/wp\/v2\/product\/1776","targetHints":{"allow":["GET"]}}],"collection":[{"href":"https:\/\/brothersjewellery.com\/en\/wp-json\/wp\/v2\/product"}],"about":[{"href":"https:\/\/brothersjewellery.com\/en\/wp-json\/wp\/v2\/types\/product"}],"replies":[{"embeddable":true,"href":"https:\/\/brothersjewellery.com\/en\/wp-json\/wp\/v2\/comments?post=1776"}],"wp:featuredmedia":[{"embeddable":true,"href":"https:\/\/brothersjewellery.com\/en\/wp-json\/wp\/v2\/media\/1695"}],"wp:attachment":[{"href":"https:\/\/brothersjewellery.com\/en\/wp-json\/wp\/v2\/media?parent=1776"}],"wp:term":[{"taxonomy":"product_brand","embeddable":true,"href":"https:\/\/brothersjewellery.com\/en\/wp-json\/wp\/v2\/product_brand?post=1776"},{"taxonomy":"product_cat","embeddable":true,"href":"https:\/\/brothersjewellery.com\/en\/wp-json\/wp\/v2\/product_cat?post=1776"},{"taxonomy":"product_tag","embeddable":true,"href":"https:\/\/brothersjewellery.com\/en\/wp-json\/wp\/v2\/product_tag?post=1776"}],"curies":[{"name":"wp","href":"https:\/\/api.w.org\/{rel}","templated":true}]}}