{"id":1777,"date":"2026-03-02T15:18:04","date_gmt":"2026-03-02T12:18:04","guid":{"rendered":"https:\/\/brothersjewellery.com\/urun\/122-skarn\/"},"modified":"2026-04-01T01:17:17","modified_gmt":"2026-03-31T22:17:17","slug":"122-skarn","status":"publish","type":"product","link":"https:\/\/brothersjewellery.com\/en\/product\/122-skarn\/","title":{"rendered":"122- skarn"},"content":{"rendered":"","protected":false},"excerpt":{"rendered":"<p>Klasik signet y\u00fcz\u00fck formunun daha ilkel ve g\u00fc\u00e7l\u00fc bir yorumu.<br \/>\nYo\u011fun hacmi ve kompakt kalkan formu, y\u00fcz\u00fc\u011fe Viking esteti\u011fini hat\u0131rlatan bir a\u011f\u0131rl\u0131k kazand\u0131r\u0131r. G\u00f6steri\u015ften \u00e7ok formun g\u00fcc\u00fcne odaklanan bu tasar\u0131m, y\u00fczeydeki sadelik sayesinde karakterini tamamen siluetten al\u0131r.<br \/>\nKapal\u0131\u00e7ar\u015f\u0131\u2019daki at\u00f6lyemizde elde \u00fcretilen bu par\u00e7a, TBJ\u2019nin zanaatk\u00e2rl\u0131\u011f\u0131 modern bir g\u00fc\u00e7 hissiyle birle\u015ftiren yakla\u015f\u0131m\u0131n\u0131 yans\u0131t\u0131r. Zamans\u0131z, mask\u00fclen ve sessiz bir ifade par\u00e7as\u0131d\u0131r.<br \/>\nTek ba\u015f\u0131na g\u00fc\u00e7l\u00fc, kombin i\u00e7inde dengeleyici bir signet yorumudur.<\/p>","protected":false},"featured_media":1699,"comment_status":"open","ping_status":"closed","template":"","meta":[],"product_brand":[],"product_cat":[73,54],"product_tag":[],"class_list":{"0":"post-1777","1":"product","2":"type-product","3":"status-publish","4":"has-post-thumbnail","6":"product_cat-signet-koleksiyonu","7":"product_cat-yuzuk","9":"first","10":"instock","11":"shipping-taxable","12":"purchasable","13":"product-type-variable"},"_links":{"self":[{"href":"https:\/\/brothersjewellery.com\/en\/wp-json\/wp\/v2\/product\/1777","targetHints":{"allow":["GET"]}}],"collection":[{"href":"https:\/\/brothersjewellery.com\/en\/wp-json\/wp\/v2\/product"}],"about":[{"href":"https:\/\/brothersjewellery.com\/en\/wp-json\/wp\/v2\/types\/product"}],"replies":[{"embeddable":true,"href":"https:\/\/brothersjewellery.com\/en\/wp-json\/wp\/v2\/comments?post=1777"}],"wp:featuredmedia":[{"embeddable":true,"href":"https:\/\/brothersjewellery.com\/en\/wp-json\/wp\/v2\/media\/1699"}],"wp:attachment":[{"href":"https:\/\/brothersjewellery.com\/en\/wp-json\/wp\/v2\/media?parent=1777"}],"wp:term":[{"taxonomy":"product_brand","embeddable":true,"href":"https:\/\/brothersjewellery.com\/en\/wp-json\/wp\/v2\/product_brand?post=1777"},{"taxonomy":"product_cat","embeddable":true,"href":"https:\/\/brothersjewellery.com\/en\/wp-json\/wp\/v2\/product_cat?post=1777"},{"taxonomy":"product_tag","embeddable":true,"href":"https:\/\/brothersjewellery.com\/en\/wp-json\/wp\/v2\/product_tag?post=1777"}],"curies":[{"name":"wp","href":"https:\/\/api.w.org\/{rel}","templated":true}]}}