{"id":1778,"date":"2026-03-02T15:18:05","date_gmt":"2026-03-02T12:18:05","guid":{"rendered":"https:\/\/brothersjewellery.com\/urun\/123-khem\/"},"modified":"2026-04-01T01:17:17","modified_gmt":"2026-03-31T22:17:17","slug":"123-khem","status":"publish","type":"product","link":"https:\/\/brothersjewellery.com\/en\/product\/123-khem\/","title":{"rendered":"123- KHEM"},"content":{"rendered":"","protected":false},"excerpt":{"rendered":"<p>\u00c7\u00f6l\u00fcn organik hareketlerinden esinlenen bir signet formudur.<br \/>\nSegmentli g\u00f6vdesi, kum \u00fczerinde ilerleyen bir k\u0131rkaya\u011f\u0131n ritmini hat\u0131rlat\u0131r; y\u00fcz\u00fck bu hareket hissiyle \u015fekillenir.<br \/>\nMerkezde ta\u015f yerine b\u0131rak\u0131lan yuva, klasik signet gelene\u011fine do\u011frudan bir g\u00f6nderme yapar. Kuzey Afrika ve do\u011fu co\u011frafyas\u0131nda g\u00f6r\u00fclen \u00e7\u00f6l signetlerinin yal\u0131n, i\u015flevsel karakteri burada yeniden yorumlan\u0131r.<br \/>\nGiger esteti\u011fini hat\u0131rlatan biyomekanik tekrarlar, formu sert de\u011fil canl\u0131 g\u00f6sterir. Bu y\u00fczden KHEM, s\u00fcsten \u00e7ok form hissiyle \u00f6ne \u00e7\u0131kar.<br \/>\n\u00c7\u00f6l signeti fikrinin \u00e7a\u011fda\u015f bir yorumu.<br \/>\nSessiz, organik ve karakter sahibi.<\/p>","protected":false},"featured_media":1703,"comment_status":"open","ping_status":"closed","template":"","meta":[],"product_brand":[],"product_cat":[73,54],"product_tag":[],"class_list":{"0":"post-1778","1":"product","2":"type-product","3":"status-publish","4":"has-post-thumbnail","6":"product_cat-signet-koleksiyonu","7":"product_cat-yuzuk","9":"first","10":"instock","11":"shipping-taxable","12":"purchasable","13":"product-type-variable"},"_links":{"self":[{"href":"https:\/\/brothersjewellery.com\/en\/wp-json\/wp\/v2\/product\/1778","targetHints":{"allow":["GET"]}}],"collection":[{"href":"https:\/\/brothersjewellery.com\/en\/wp-json\/wp\/v2\/product"}],"about":[{"href":"https:\/\/brothersjewellery.com\/en\/wp-json\/wp\/v2\/types\/product"}],"replies":[{"embeddable":true,"href":"https:\/\/brothersjewellery.com\/en\/wp-json\/wp\/v2\/comments?post=1778"}],"wp:featuredmedia":[{"embeddable":true,"href":"https:\/\/brothersjewellery.com\/en\/wp-json\/wp\/v2\/media\/1703"}],"wp:attachment":[{"href":"https:\/\/brothersjewellery.com\/en\/wp-json\/wp\/v2\/media?parent=1778"}],"wp:term":[{"taxonomy":"product_brand","embeddable":true,"href":"https:\/\/brothersjewellery.com\/en\/wp-json\/wp\/v2\/product_brand?post=1778"},{"taxonomy":"product_cat","embeddable":true,"href":"https:\/\/brothersjewellery.com\/en\/wp-json\/wp\/v2\/product_cat?post=1778"},{"taxonomy":"product_tag","embeddable":true,"href":"https:\/\/brothersjewellery.com\/en\/wp-json\/wp\/v2\/product_tag?post=1778"}],"curies":[{"name":"wp","href":"https:\/\/api.w.org\/{rel}","templated":true}]}}