{"id":1779,"date":"2026-03-02T15:18:05","date_gmt":"2026-03-02T12:18:05","guid":{"rendered":"https:\/\/brothersjewellery.com\/urun\/124-naro-erkek\/"},"modified":"2026-04-01T01:17:07","modified_gmt":"2026-03-31T22:17:07","slug":"124-naro-erkek","status":"publish","type":"product","link":"https:\/\/brothersjewellery.com\/en\/product\/124-naro-erkek\/","title":{"rendered":"124- NARO, (erkek)"},"content":{"rendered":"","protected":false},"excerpt":{"rendered":"<p>Paralel ilerleyen iki formun u\u00e7larda sabitlenmesiyle olu\u015fan dengeli bir yap\u0131y\u0131 ifade eder. \u00c7ift hatl\u0131 g\u00f6vde, ak\u0131\u015f hissini korurken ba\u011flant\u0131 noktalar\u0131 tasar\u0131ma sakin bir gerilim ve yap\u0131sal netlik kazand\u0131r\u0131r.<br \/>\nA\u00e7\u0131k b\u0131rak\u0131lan merkez bo\u015flu\u011fu y\u00fcz\u00fc\u011fe hafiflik verir; form ise minimal \u00e7izgiler i\u00e7inde mekanik bir karakter ta\u015f\u0131r. G\u00f6steri\u015ften uzak, form odakl\u0131 bir obje olarak hem tek ba\u015f\u0131na hem katmanl\u0131 kullan\u0131mlarda do\u011fal bir uyum sunar.<br \/>\nAt\u00f6lyede elde \u00fcretilen y\u00fczeyler, tasar\u0131m\u0131n sade geometrisini koruyarak par\u00e7an\u0131n karakterini belirler. Model, farkl\u0131 \u00f6l\u00e7\u00fclerde ayn\u0131 form dilini s\u00fcrd\u00fcrecek \u015fekilde tasarlanm\u0131\u015ft\u0131r.<\/p>","protected":false},"featured_media":1707,"comment_status":"open","ping_status":"closed","template":"","meta":[],"product_brand":[],"product_cat":[78,54],"product_tag":[],"class_list":{"0":"post-1779","1":"product","2":"type-product","3":"status-publish","4":"has-post-thumbnail","6":"product_cat-endustriyel-form-koleksiyonu","7":"product_cat-yuzuk","9":"first","10":"instock","11":"shipping-taxable","12":"purchasable","13":"product-type-variable"},"_links":{"self":[{"href":"https:\/\/brothersjewellery.com\/en\/wp-json\/wp\/v2\/product\/1779","targetHints":{"allow":["GET"]}}],"collection":[{"href":"https:\/\/brothersjewellery.com\/en\/wp-json\/wp\/v2\/product"}],"about":[{"href":"https:\/\/brothersjewellery.com\/en\/wp-json\/wp\/v2\/types\/product"}],"replies":[{"embeddable":true,"href":"https:\/\/brothersjewellery.com\/en\/wp-json\/wp\/v2\/comments?post=1779"}],"wp:featuredmedia":[{"embeddable":true,"href":"https:\/\/brothersjewellery.com\/en\/wp-json\/wp\/v2\/media\/1707"}],"wp:attachment":[{"href":"https:\/\/brothersjewellery.com\/en\/wp-json\/wp\/v2\/media?parent=1779"}],"wp:term":[{"taxonomy":"product_brand","embeddable":true,"href":"https:\/\/brothersjewellery.com\/en\/wp-json\/wp\/v2\/product_brand?post=1779"},{"taxonomy":"product_cat","embeddable":true,"href":"https:\/\/brothersjewellery.com\/en\/wp-json\/wp\/v2\/product_cat?post=1779"},{"taxonomy":"product_tag","embeddable":true,"href":"https:\/\/brothersjewellery.com\/en\/wp-json\/wp\/v2\/product_tag?post=1779"}],"curies":[{"name":"wp","href":"https:\/\/api.w.org\/{rel}","templated":true}]}}