{"id":1781,"date":"2026-03-02T15:18:05","date_gmt":"2026-03-02T12:18:05","guid":{"rendered":"https:\/\/brothersjewellery.com\/urun\/126-griling\/"},"modified":"2026-04-01T01:16:55","modified_gmt":"2026-03-31T22:16:55","slug":"126-griling","status":"publish","type":"product","link":"https:\/\/brothersjewellery.com\/en\/product\/126-griling\/","title":{"rendered":"126- GRILING"},"content":{"rendered":"","protected":false},"excerpt":{"rendered":"<p>Kademeli y\u00fczeyi ve ritmik \u00e7izgileriyle end\u00fcstriyel \u0131zgara panellerini hat\u0131rlatan mimari bir formdan do\u011far. Tek y\u00f6ne akan katmanl\u0131 yap\u0131, y\u00fczey boyunca \u0131\u015f\u0131\u011f\u0131n k\u0131r\u0131lmas\u0131n\u0131 sa\u011flayarak par\u00e7aya g\u00fc\u00e7l\u00fc bir cephe hissi kazand\u0131r\u0131r.<br \/>\n\u00dcstteki d\u00fcz k\u00fctle, tasar\u0131m\u0131n yap\u0131sal karakterini dengelerken form bir obje par\u00e7as\u0131 gibi okunur \u2014 net, a\u011f\u0131r ve bilin\u00e7li. End\u00fcstriyel referanslar minimal geometriyle birle\u015ferek g\u00fcnl\u00fck kullan\u0131m i\u00e7inde mimari bir ifade sunar.<br \/>\nAt\u00f6lyede elde \u015fekillendirilen y\u00fczeyler, ritmik dokuyu koruyarak tasar\u0131m\u0131n karakterini belirler.<\/p>","protected":false},"featured_media":1716,"comment_status":"open","ping_status":"closed","template":"","meta":[],"product_brand":[],"product_cat":[78,54],"product_tag":[],"class_list":{"0":"post-1781","1":"product","2":"type-product","3":"status-publish","4":"has-post-thumbnail","6":"product_cat-endustriyel-form-koleksiyonu","7":"product_cat-yuzuk","9":"first","10":"instock","11":"shipping-taxable","12":"purchasable","13":"product-type-variable"},"_links":{"self":[{"href":"https:\/\/brothersjewellery.com\/en\/wp-json\/wp\/v2\/product\/1781","targetHints":{"allow":["GET"]}}],"collection":[{"href":"https:\/\/brothersjewellery.com\/en\/wp-json\/wp\/v2\/product"}],"about":[{"href":"https:\/\/brothersjewellery.com\/en\/wp-json\/wp\/v2\/types\/product"}],"replies":[{"embeddable":true,"href":"https:\/\/brothersjewellery.com\/en\/wp-json\/wp\/v2\/comments?post=1781"}],"wp:featuredmedia":[{"embeddable":true,"href":"https:\/\/brothersjewellery.com\/en\/wp-json\/wp\/v2\/media\/1716"}],"wp:attachment":[{"href":"https:\/\/brothersjewellery.com\/en\/wp-json\/wp\/v2\/media?parent=1781"}],"wp:term":[{"taxonomy":"product_brand","embeddable":true,"href":"https:\/\/brothersjewellery.com\/en\/wp-json\/wp\/v2\/product_brand?post=1781"},{"taxonomy":"product_cat","embeddable":true,"href":"https:\/\/brothersjewellery.com\/en\/wp-json\/wp\/v2\/product_cat?post=1781"},{"taxonomy":"product_tag","embeddable":true,"href":"https:\/\/brothersjewellery.com\/en\/wp-json\/wp\/v2\/product_tag?post=1781"}],"curies":[{"name":"wp","href":"https:\/\/api.w.org\/{rel}","templated":true}]}}