{"id":1782,"date":"2026-03-02T15:18:05","date_gmt":"2026-03-02T12:18:05","guid":{"rendered":"https:\/\/brothersjewellery.com\/urun\/127-stria\/"},"modified":"2026-04-01T01:16:55","modified_gmt":"2026-03-31T22:16:55","slug":"127-stria","status":"publish","type":"product","link":"https:\/\/brothersjewellery.com\/en\/product\/127-stria\/","title":{"rendered":"127- STRIA"},"content":{"rendered":"","protected":false},"excerpt":{"rendered":"<p>\u00dcst \u00fcste yerle\u015fen katmanlar\u0131n olu\u015fturdu\u011fu kabuk benzeri bir formdan do\u011far. Radyal \u00e7izgiler ve g\u00f6zenekli y\u00fczey, zamanla a\u015f\u0131nm\u0131\u015f bir obje hissi ta\u015f\u0131yan g\u00fc\u00e7l\u00fc bir doku olu\u015fturur.<br \/>\n\u00c7apraz ilerleyen plakalar, tasar\u0131m\u0131n ak\u0131\u015f\u0131n\u0131 belirlerken y\u00fcz\u00fck heykelsi ve organik bir karakter kazan\u0131r. Ham y\u00fczey ile kontroll\u00fc form aras\u0131ndaki denge, par\u00e7ay\u0131 klasik bir y\u00fcz\u00fckten \u00e7ok ke\u015ffedilmi\u015f bir artefact gibi konumland\u0131r\u0131r.<br \/>\nAt\u00f6lyede elde \u015fekillendirilen dokular, katmanl\u0131 yap\u0131y\u0131 koruyarak her par\u00e7ay\u0131 kendine \u00f6zg\u00fc k\u0131lar.<\/p>","protected":false},"featured_media":1720,"comment_status":"open","ping_status":"closed","template":"","meta":[],"product_brand":[],"product_cat":[74,54],"product_tag":[],"class_list":{"0":"post-1782","1":"product","2":"type-product","3":"status-publish","4":"has-post-thumbnail","6":"product_cat-neoklasik-koleksiyon","7":"product_cat-yuzuk","9":"first","10":"instock","11":"shipping-taxable","12":"purchasable","13":"product-type-variable"},"_links":{"self":[{"href":"https:\/\/brothersjewellery.com\/en\/wp-json\/wp\/v2\/product\/1782","targetHints":{"allow":["GET"]}}],"collection":[{"href":"https:\/\/brothersjewellery.com\/en\/wp-json\/wp\/v2\/product"}],"about":[{"href":"https:\/\/brothersjewellery.com\/en\/wp-json\/wp\/v2\/types\/product"}],"replies":[{"embeddable":true,"href":"https:\/\/brothersjewellery.com\/en\/wp-json\/wp\/v2\/comments?post=1782"}],"wp:featuredmedia":[{"embeddable":true,"href":"https:\/\/brothersjewellery.com\/en\/wp-json\/wp\/v2\/media\/1720"}],"wp:attachment":[{"href":"https:\/\/brothersjewellery.com\/en\/wp-json\/wp\/v2\/media?parent=1782"}],"wp:term":[{"taxonomy":"product_brand","embeddable":true,"href":"https:\/\/brothersjewellery.com\/en\/wp-json\/wp\/v2\/product_brand?post=1782"},{"taxonomy":"product_cat","embeddable":true,"href":"https:\/\/brothersjewellery.com\/en\/wp-json\/wp\/v2\/product_cat?post=1782"},{"taxonomy":"product_tag","embeddable":true,"href":"https:\/\/brothersjewellery.com\/en\/wp-json\/wp\/v2\/product_tag?post=1782"}],"curies":[{"name":"wp","href":"https:\/\/api.w.org\/{rel}","templated":true}]}}