{"id":1784,"date":"2026-03-02T15:18:05","date_gmt":"2026-03-02T12:18:05","guid":{"rendered":"https:\/\/brothersjewellery.com\/urun\/129-tug\/"},"modified":"2026-04-01T01:11:12","modified_gmt":"2026-03-31T22:11:12","slug":"129-tug","status":"publish","type":"product","link":"https:\/\/brothersjewellery.com\/en\/product\/129-tug\/","title":{"rendered":"129- TU\u011e"},"content":{"rendered":"","protected":false},"excerpt":{"rendered":"<p>Merkezde yer alan stilize Elif m\u00fchr\u00fc etraf\u0131nda kurgulanan g\u00fc\u00e7l\u00fc bir y\u00fczey yap\u0131s\u0131na sahiptir. Oval madalyon formu, m\u00fch\u00fcr gelene\u011fini \u00e7a\u011fda\u015f bir metal yorumuna ta\u015f\u0131yarak sembol\u00fc tasar\u0131m\u0131n ana unsuru haline getirir.<br \/>\nElif\u2019in dikey karakteri, y\u00fcz\u00fc\u011f\u00fcn formunu belirleyen eksen olarak okunur. \u00c7evresindeki kademeli yap\u0131, m\u00fchr\u00fc koruyan mimari bir \u00e7er\u00e7eve olu\u015fturur ve par\u00e7aya dengeli bir k\u00fctle hissi kazand\u0131r\u0131r.<br \/>\nAt\u00f6lyede elde \u015fekillendirilen y\u00fczey dokular\u0131, sembolik merkezi vurgulayan bu yap\u0131y\u0131 koruyarak her par\u00e7aya kendine \u00f6zg\u00fc bir karakter kazand\u0131r\u0131r.<\/p>","protected":false},"featured_media":1728,"comment_status":"open","ping_status":"closed","template":"","meta":[],"product_brand":[],"product_cat":[76,54],"product_tag":[],"class_list":{"0":"post-1784","1":"product","2":"type-product","3":"status-publish","4":"has-post-thumbnail","6":"product_cat-neo-osmanli-koleksiyonu","7":"product_cat-yuzuk","9":"first","10":"instock","11":"shipping-taxable","12":"purchasable","13":"product-type-variable"},"_links":{"self":[{"href":"https:\/\/brothersjewellery.com\/en\/wp-json\/wp\/v2\/product\/1784","targetHints":{"allow":["GET"]}}],"collection":[{"href":"https:\/\/brothersjewellery.com\/en\/wp-json\/wp\/v2\/product"}],"about":[{"href":"https:\/\/brothersjewellery.com\/en\/wp-json\/wp\/v2\/types\/product"}],"replies":[{"embeddable":true,"href":"https:\/\/brothersjewellery.com\/en\/wp-json\/wp\/v2\/comments?post=1784"}],"wp:featuredmedia":[{"embeddable":true,"href":"https:\/\/brothersjewellery.com\/en\/wp-json\/wp\/v2\/media\/1728"}],"wp:attachment":[{"href":"https:\/\/brothersjewellery.com\/en\/wp-json\/wp\/v2\/media?parent=1784"}],"wp:term":[{"taxonomy":"product_brand","embeddable":true,"href":"https:\/\/brothersjewellery.com\/en\/wp-json\/wp\/v2\/product_brand?post=1784"},{"taxonomy":"product_cat","embeddable":true,"href":"https:\/\/brothersjewellery.com\/en\/wp-json\/wp\/v2\/product_cat?post=1784"},{"taxonomy":"product_tag","embeddable":true,"href":"https:\/\/brothersjewellery.com\/en\/wp-json\/wp\/v2\/product_tag?post=1784"}],"curies":[{"name":"wp","href":"https:\/\/api.w.org\/{rel}","templated":true}]}}