{"id":1787,"date":"2026-03-02T15:18:09","date_gmt":"2026-03-02T12:18:09","guid":{"rendered":"https:\/\/brothersjewellery.com\/urun\/132-kun\/"},"modified":"2026-04-01T01:11:01","modified_gmt":"2026-03-31T22:11:01","slug":"132-kun","status":"publish","type":"product","link":"https:\/\/brothersjewellery.com\/en\/product\/132-kun\/","title":{"rendered":"132- K\u00dcN"},"content":{"rendered":"","protected":false},"excerpt":{"rendered":"<p>Bu y\u00fcz\u00fck, Sel\u00e7uklu d\u00f6nemine ait geometrik bezeme gelene\u011fini ta\u015f\u0131yan tarihsel bir formun yeniden yorumudur. Tabla \u00fczerindeki motif, mimari y\u00fczeylerde ve metal i\u015f\u00e7ili\u011finde g\u00f6r\u00fclen karakteristik ritmin k\u00fc\u00e7\u00fck \u00f6l\u00e7ekte bir kar\u015f\u0131l\u0131\u011f\u0131d\u0131r.<br \/>\nTasar\u0131m\u0131n amac\u0131 yeni bir anlam \u00fcretmekten \u00e7ok, var olan bir formu yeniden g\u00f6r\u00fcn\u00fcr k\u0131lmakt\u0131r. Ta\u015f yerine motifin kendisinin merkez olmas\u0131, Sel\u00e7uklu y\u00fczey anlay\u0131\u015f\u0131na do\u011frudan bir g\u00f6nderme niteli\u011fi ta\u015f\u0131r.<br \/>\nBu par\u00e7a bir yorumdan ziyade bir hat\u0131rlatma ve sayg\u0131 duru\u015fudur. Ge\u00e7mi\u015fte var olan bir form, \u00e7a\u011fda\u015f \u00fcretimle tekrar dola\u015f\u0131ma girer ve g\u00fcnl\u00fck hayatta ta\u015f\u0131nabilir hale gelir.<br \/>\nAt\u00f6lyede elde \u00fcretilen K\u00dcN, tarihsel bir y\u00fcz\u00fck formunu bug\u00fcne ta\u015f\u0131yan zamans\u0131z bir par\u00e7ad\u0131r.<\/p>","protected":false},"featured_media":1738,"comment_status":"open","ping_status":"closed","template":"","meta":[],"product_brand":[],"product_cat":[77,54],"product_tag":[],"class_list":{"0":"post-1787","1":"product","2":"type-product","3":"status-publish","4":"has-post-thumbnail","6":"product_cat-antik-ilkel-tasarim-koleksiyonu","7":"product_cat-yuzuk","9":"first","10":"instock","11":"shipping-taxable","12":"purchasable","13":"product-type-variable"},"_links":{"self":[{"href":"https:\/\/brothersjewellery.com\/en\/wp-json\/wp\/v2\/product\/1787","targetHints":{"allow":["GET"]}}],"collection":[{"href":"https:\/\/brothersjewellery.com\/en\/wp-json\/wp\/v2\/product"}],"about":[{"href":"https:\/\/brothersjewellery.com\/en\/wp-json\/wp\/v2\/types\/product"}],"replies":[{"embeddable":true,"href":"https:\/\/brothersjewellery.com\/en\/wp-json\/wp\/v2\/comments?post=1787"}],"wp:featuredmedia":[{"embeddable":true,"href":"https:\/\/brothersjewellery.com\/en\/wp-json\/wp\/v2\/media\/1738"}],"wp:attachment":[{"href":"https:\/\/brothersjewellery.com\/en\/wp-json\/wp\/v2\/media?parent=1787"}],"wp:term":[{"taxonomy":"product_brand","embeddable":true,"href":"https:\/\/brothersjewellery.com\/en\/wp-json\/wp\/v2\/product_brand?post=1787"},{"taxonomy":"product_cat","embeddable":true,"href":"https:\/\/brothersjewellery.com\/en\/wp-json\/wp\/v2\/product_cat?post=1787"},{"taxonomy":"product_tag","embeddable":true,"href":"https:\/\/brothersjewellery.com\/en\/wp-json\/wp\/v2\/product_tag?post=1787"}],"curies":[{"name":"wp","href":"https:\/\/api.w.org\/{rel}","templated":true}]}}