{"id":1788,"date":"2026-03-02T15:18:09","date_gmt":"2026-03-02T12:18:09","guid":{"rendered":"https:\/\/brothersjewellery.com\/urun\/133-nem\/"},"modified":"2026-04-01T01:11:01","modified_gmt":"2026-03-31T22:11:01","slug":"133-nem","status":"publish","type":"product","link":"https:\/\/brothersjewellery.com\/en\/product\/133-nem\/","title":{"rendered":"133-  NEM"},"content":{"rendered":"","protected":false},"excerpt":{"rendered":"<p>K\u00fc\u00e7\u00fck \u00f6l\u00e7ekli klasik signet formunun zarif bir yorumudur. Kare tabla, y\u00fcz\u00fc\u011fe sade bir odak verirken yanlardaki ak\u0131\u015fkan motifler geleneksel oyma karakterini ta\u015f\u0131yor.<br \/>\n\u0130nce g\u00f6vde yap\u0131s\u0131 y\u00fcz\u00fc\u011f\u00fc g\u00fcnl\u00fck kullan\u0131m i\u00e7in rahat ve dengeli k\u0131lar. G\u00f6steri\u015fli olmadan karakter veren, sessiz ama belirgin bir signet y\u00fcz\u00fck.<br \/>\nAt\u00f6lyede elde \u00fcretilen NEM, klasik formu modern kullan\u0131m kolayl\u0131\u011f\u0131yla bulu\u015fturur. Zamans\u0131z, sade ve uzun s\u00fcre birlikte ya\u015fayacak bir par\u00e7a.<\/p>","protected":false},"featured_media":1742,"comment_status":"open","ping_status":"closed","template":"","meta":[],"product_brand":[],"product_cat":[73,54],"product_tag":[],"class_list":{"0":"post-1788","1":"product","2":"type-product","3":"status-publish","4":"has-post-thumbnail","6":"product_cat-signet-koleksiyonu","7":"product_cat-yuzuk","9":"first","10":"instock","11":"shipping-taxable","12":"purchasable","13":"product-type-variable"},"_links":{"self":[{"href":"https:\/\/brothersjewellery.com\/en\/wp-json\/wp\/v2\/product\/1788","targetHints":{"allow":["GET"]}}],"collection":[{"href":"https:\/\/brothersjewellery.com\/en\/wp-json\/wp\/v2\/product"}],"about":[{"href":"https:\/\/brothersjewellery.com\/en\/wp-json\/wp\/v2\/types\/product"}],"replies":[{"embeddable":true,"href":"https:\/\/brothersjewellery.com\/en\/wp-json\/wp\/v2\/comments?post=1788"}],"wp:featuredmedia":[{"embeddable":true,"href":"https:\/\/brothersjewellery.com\/en\/wp-json\/wp\/v2\/media\/1742"}],"wp:attachment":[{"href":"https:\/\/brothersjewellery.com\/en\/wp-json\/wp\/v2\/media?parent=1788"}],"wp:term":[{"taxonomy":"product_brand","embeddable":true,"href":"https:\/\/brothersjewellery.com\/en\/wp-json\/wp\/v2\/product_brand?post=1788"},{"taxonomy":"product_cat","embeddable":true,"href":"https:\/\/brothersjewellery.com\/en\/wp-json\/wp\/v2\/product_cat?post=1788"},{"taxonomy":"product_tag","embeddable":true,"href":"https:\/\/brothersjewellery.com\/en\/wp-json\/wp\/v2\/product_tag?post=1788"}],"curies":[{"name":"wp","href":"https:\/\/api.w.org\/{rel}","templated":true}]}}