{"id":1789,"date":"2026-03-02T15:18:09","date_gmt":"2026-03-02T12:18:09","guid":{"rendered":"https:\/\/brothersjewellery.com\/urun\/134-vex\/"},"modified":"2026-04-01T01:10:49","modified_gmt":"2026-03-31T22:10:49","slug":"134-vex","status":"publish","type":"product","link":"https:\/\/brothersjewellery.com\/en\/product\/134-vex\/","title":{"rendered":"134- VEX"},"content":{"rendered":"","protected":false},"excerpt":{"rendered":"<p>Fig\u00fcratif bir signet y\u00fcz\u00fc\u011f\u00fcn mimari bir yorumudur. Alt\u0131gen tabla, y\u00fcz\u00fc\u011f\u00fc yaln\u0131zca bir y\u00fczey de\u011fil k\u00fc\u00e7\u00fck bir yap\u0131 gibi konumland\u0131r\u0131r; form geometri \u00fczerinden g\u00fc\u00e7 kazan\u0131r.<br \/>\nTablan\u0131n alt\u0131ndaki oyma desenler, s\u00fctun gelene\u011fini hat\u0131rlatan ta\u015f\u0131y\u0131c\u0131 bir katman olu\u015fturur. Bu ge\u00e7i\u015f b\u00f6lgesi, Avrupa mimarisinin temelinde yer alan str\u00fckt\u00fcr fikrini y\u00fcz\u00fck \u00f6l\u00e7e\u011finde yeniden kurar.<br \/>\nMerkezdeki Roma askeri kabartmas\u0131 bu yap\u0131n\u0131n oda\u011f\u0131nda yer al\u0131r. Fig\u00fcr, y\u00fczey s\u00fcs\u00fc de\u011fil mimari kompozisyonun merkezidir.<br \/>\nAt\u00f6lyede elde \u00fcretilen VEX, fig\u00fcratif signet gelene\u011fini mimari bir bak\u0131\u015fla yorumlayan g\u00fc\u00e7l\u00fc ve karakterli bir par\u00e7a.<\/p>","protected":false},"featured_media":1746,"comment_status":"open","ping_status":"closed","template":"","meta":[],"product_brand":[],"product_cat":[77,54],"product_tag":[],"class_list":{"0":"post-1789","1":"product","2":"type-product","3":"status-publish","4":"has-post-thumbnail","6":"product_cat-antik-ilkel-tasarim-koleksiyonu","7":"product_cat-yuzuk","9":"first","10":"instock","11":"shipping-taxable","12":"purchasable","13":"product-type-variable"},"_links":{"self":[{"href":"https:\/\/brothersjewellery.com\/en\/wp-json\/wp\/v2\/product\/1789","targetHints":{"allow":["GET"]}}],"collection":[{"href":"https:\/\/brothersjewellery.com\/en\/wp-json\/wp\/v2\/product"}],"about":[{"href":"https:\/\/brothersjewellery.com\/en\/wp-json\/wp\/v2\/types\/product"}],"replies":[{"embeddable":true,"href":"https:\/\/brothersjewellery.com\/en\/wp-json\/wp\/v2\/comments?post=1789"}],"wp:featuredmedia":[{"embeddable":true,"href":"https:\/\/brothersjewellery.com\/en\/wp-json\/wp\/v2\/media\/1746"}],"wp:attachment":[{"href":"https:\/\/brothersjewellery.com\/en\/wp-json\/wp\/v2\/media?parent=1789"}],"wp:term":[{"taxonomy":"product_brand","embeddable":true,"href":"https:\/\/brothersjewellery.com\/en\/wp-json\/wp\/v2\/product_brand?post=1789"},{"taxonomy":"product_cat","embeddable":true,"href":"https:\/\/brothersjewellery.com\/en\/wp-json\/wp\/v2\/product_cat?post=1789"},{"taxonomy":"product_tag","embeddable":true,"href":"https:\/\/brothersjewellery.com\/en\/wp-json\/wp\/v2\/product_tag?post=1789"}],"curies":[{"name":"wp","href":"https:\/\/api.w.org\/{rel}","templated":true}]}}