{"id":1792,"date":"2026-03-02T15:22:31","date_gmt":"2026-03-02T12:22:31","guid":{"rendered":"https:\/\/brothersjewellery.com\/urun\/102-doria-ring-2\/"},"modified":"2026-04-01T01:10:39","modified_gmt":"2026-03-31T22:10:39","slug":"102-doria-ring-2","status":"publish","type":"product","link":"https:\/\/brothersjewellery.com\/en\/product\/102-doria-ring-2\/","title":{"rendered":"102- Doria Ring"},"content":{"rendered":"","protected":false},"excerpt":{"rendered":"<p>Merkezde yer alan parlak kubbe formu ve burgu detayl\u0131 halka yap\u0131s\u0131yla klasik kubbe y\u00fcz\u00fck esteti\u011fini zarif ve feminen bir yorumla sunan el yap\u0131m\u0131 bir tasar\u0131md\u0131r. I\u015f\u0131\u011f\u0131 g\u00fc\u00e7l\u00fc \u015fekilde yans\u0131tan yar\u0131m k\u00fcre form, ince oranl\u0131 g\u00f6vde ile dengelenerek y\u00fcz\u00fc\u011fe modern ve ak\u0131c\u0131 bir sil\u00fcet kazand\u0131r\u0131r. Burgu formundaki halka, tasar\u0131ma hareket ve dokusal bir karakter katarken minimal hacim g\u00fcnl\u00fck kullan\u0131m i\u00e7in zamans\u0131z bir alternatif olu\u015fturur. The Brothers Jewellery\u2019nin Kapal\u0131\u00e7ar\u015f\u0131\u2019daki  at\u00f6lyesinde \u00fcretilen bu par\u00e7a, modern kubbe formunu zarif artisan i\u015f\u00e7ilikle bir araya getirir. Her par\u00e7a el \u00fcretimi oldu\u011fu i\u00e7in y\u00fczey dokusu ve ton ge\u00e7i\u015fleri k\u00fc\u00e7\u00fck farkl\u0131l\u0131klar g\u00f6sterebilir.<\/p>","protected":false},"featured_media":1618,"comment_status":"open","ping_status":"closed","template":"","meta":[],"product_brand":[],"product_cat":[78,54],"product_tag":[],"class_list":{"0":"post-1792","1":"product","2":"type-product","3":"status-publish","4":"has-post-thumbnail","6":"product_cat-endustriyel-form-koleksiyonu","7":"product_cat-yuzuk","9":"first","10":"instock","11":"shipping-taxable","12":"purchasable","13":"product-type-variable"},"_links":{"self":[{"href":"https:\/\/brothersjewellery.com\/en\/wp-json\/wp\/v2\/product\/1792","targetHints":{"allow":["GET"]}}],"collection":[{"href":"https:\/\/brothersjewellery.com\/en\/wp-json\/wp\/v2\/product"}],"about":[{"href":"https:\/\/brothersjewellery.com\/en\/wp-json\/wp\/v2\/types\/product"}],"replies":[{"embeddable":true,"href":"https:\/\/brothersjewellery.com\/en\/wp-json\/wp\/v2\/comments?post=1792"}],"wp:featuredmedia":[{"embeddable":true,"href":"https:\/\/brothersjewellery.com\/en\/wp-json\/wp\/v2\/media\/1618"}],"wp:attachment":[{"href":"https:\/\/brothersjewellery.com\/en\/wp-json\/wp\/v2\/media?parent=1792"}],"wp:term":[{"taxonomy":"product_brand","embeddable":true,"href":"https:\/\/brothersjewellery.com\/en\/wp-json\/wp\/v2\/product_brand?post=1792"},{"taxonomy":"product_cat","embeddable":true,"href":"https:\/\/brothersjewellery.com\/en\/wp-json\/wp\/v2\/product_cat?post=1792"},{"taxonomy":"product_tag","embeddable":true,"href":"https:\/\/brothersjewellery.com\/en\/wp-json\/wp\/v2\/product_tag?post=1792"}],"curies":[{"name":"wp","href":"https:\/\/api.w.org\/{rel}","templated":true}]}}