{"id":1793,"date":"2026-03-02T15:22:31","date_gmt":"2026-03-02T12:22:31","guid":{"rendered":"https:\/\/brothersjewellery.com\/urun\/103-doria-ring-large-2\/"},"modified":"2026-04-01T01:10:39","modified_gmt":"2026-03-31T22:10:39","slug":"103-doria-ring-large-2","status":"publish","type":"product","link":"https:\/\/brothersjewellery.com\/en\/product\/103-doria-ring-large-2\/","title":{"rendered":"103- Doria Ring \u2014 Large"},"content":{"rendered":"","protected":false},"excerpt":{"rendered":"<p>\u0130konik kubbe formunun daha g\u00fc\u00e7l\u00fc ve hacimli bir yorumunu sunan el yap\u0131m\u0131 bir tasar\u0131md\u0131r. Geni\u015fletilmi\u015f yar\u0131m k\u00fcre form \u0131\u015f\u0131\u011f\u0131 daha yo\u011fun yans\u0131tarak y\u00fcz\u00fc\u011fe belirgin bir karakter kazand\u0131r\u0131rken burgu detayl\u0131 halka yap\u0131s\u0131 tasar\u0131ma hareket ve mask\u00fclen bir denge ekler. Art\u0131r\u0131lm\u0131\u015f hacim, y\u00fcz\u00fc\u011f\u00fcn elde daha dolgun ve g\u00fc\u00e7l\u00fc bir duru\u015f sergilemesini sa\u011flar; klasik dome formunun modern, zamans\u0131z ve iddial\u0131 bir versiyonu olarak \u00f6ne \u00e7\u0131kar. The Brothers Jewellery\u2019nin Kapal\u0131\u00e7ar\u015f\u0131\u2019daki at\u00f6lyesinde \u00fcretilen bu par\u00e7a, minimal form ile g\u00fc\u00e7l\u00fc hacim anlay\u0131\u015f\u0131n\u0131 bir araya getiren artisan bir tasar\u0131md\u0131r. Her par\u00e7a el \u00fcretimi oldu\u011fu i\u00e7in y\u00fczey dokusu ve ton ge\u00e7i\u015fleri k\u00fc\u00e7\u00fck farkl\u0131l\u0131klar g\u00f6sterebilir.<\/p>","protected":false},"featured_media":1621,"comment_status":"open","ping_status":"closed","template":"","meta":[],"product_brand":[],"product_cat":[78,54],"product_tag":[],"class_list":{"0":"post-1793","1":"product","2":"type-product","3":"status-publish","4":"has-post-thumbnail","6":"product_cat-endustriyel-form-koleksiyonu","7":"product_cat-yuzuk","9":"first","10":"instock","11":"shipping-taxable","12":"purchasable","13":"product-type-variable"},"_links":{"self":[{"href":"https:\/\/brothersjewellery.com\/en\/wp-json\/wp\/v2\/product\/1793","targetHints":{"allow":["GET"]}}],"collection":[{"href":"https:\/\/brothersjewellery.com\/en\/wp-json\/wp\/v2\/product"}],"about":[{"href":"https:\/\/brothersjewellery.com\/en\/wp-json\/wp\/v2\/types\/product"}],"replies":[{"embeddable":true,"href":"https:\/\/brothersjewellery.com\/en\/wp-json\/wp\/v2\/comments?post=1793"}],"wp:featuredmedia":[{"embeddable":true,"href":"https:\/\/brothersjewellery.com\/en\/wp-json\/wp\/v2\/media\/1621"}],"wp:attachment":[{"href":"https:\/\/brothersjewellery.com\/en\/wp-json\/wp\/v2\/media?parent=1793"}],"wp:term":[{"taxonomy":"product_brand","embeddable":true,"href":"https:\/\/brothersjewellery.com\/en\/wp-json\/wp\/v2\/product_brand?post=1793"},{"taxonomy":"product_cat","embeddable":true,"href":"https:\/\/brothersjewellery.com\/en\/wp-json\/wp\/v2\/product_cat?post=1793"},{"taxonomy":"product_tag","embeddable":true,"href":"https:\/\/brothersjewellery.com\/en\/wp-json\/wp\/v2\/product_tag?post=1793"}],"curies":[{"name":"wp","href":"https:\/\/api.w.org\/{rel}","templated":true}]}}