{"id":1799,"date":"2026-03-02T15:24:00","date_gmt":"2026-03-02T12:24:00","guid":{"rendered":"https:\/\/brothersjewellery.com\/urun\/105-regent-ring-3\/"},"modified":"2026-04-01T01:10:29","modified_gmt":"2026-03-31T22:10:29","slug":"105-regent-ring-3","status":"publish","type":"product","link":"https:\/\/brothersjewellery.com\/en\/product\/105-regent-ring-3\/","title":{"rendered":"105- Regent Ring"},"content":{"rendered":"","protected":false},"excerpt":{"rendered":"<p>\u0130ngiliz signet gelene\u011finin sade, dengeli ve aristokrat \u00e7izgisine modern bir sayg\u0131 duru\u015fu niteli\u011finde tasarlanm\u0131\u015f el yap\u0131m\u0131 bir par\u00e7ad\u0131r. Dikd\u00f6rtgen formdaki yumu\u015fat\u0131lm\u0131\u015f k\u00f6\u015feli y\u00fczey, g\u00f6steri\u015ften uzak rafine bir karakter sunarken dengeli oranlara sahip g\u00f6vde tasar\u0131m\u0131n klasik duru\u015funu g\u00fc\u00e7lendirir. Minimal y\u00fczey yakla\u015f\u0131m\u0131, y\u00fcz\u00fc\u011f\u00fc zamans\u0131z bir kimli\u011fe ta\u015f\u0131r ve ki\u015fisel kullan\u0131m, grav\u00fcr ya da g\u00fcnl\u00fck stil i\u00e7in do\u011fal bir alan b\u0131rak\u0131r. The Brothers Jewellery\u2019nin Kapal\u0131\u00e7ar\u015f\u0131\u2019daki  at\u00f6lyesinde \u00fcretilen bu par\u00e7a, \u0130ngiliz signet esteti\u011fini modern artisan i\u015f\u00e7ilikle yorumlayan sade ve g\u00fc\u00e7l\u00fc bir klasiktir. Her par\u00e7a el \u00fcretimi oldu\u011fu i\u00e7in y\u00fczey dokusu ve ton ge\u00e7i\u015fleri k\u00fc\u00e7\u00fck farkl\u0131l\u0131klar g\u00f6sterebilir.<\/p>","protected":false},"featured_media":1629,"comment_status":"open","ping_status":"closed","template":"","meta":[],"product_brand":[],"product_cat":[73,54],"product_tag":[],"class_list":{"0":"post-1799","1":"product","2":"type-product","3":"status-publish","4":"has-post-thumbnail","6":"product_cat-signet-koleksiyonu","7":"product_cat-yuzuk","9":"first","10":"instock","11":"shipping-taxable","12":"purchasable","13":"product-type-variable"},"_links":{"self":[{"href":"https:\/\/brothersjewellery.com\/en\/wp-json\/wp\/v2\/product\/1799","targetHints":{"allow":["GET"]}}],"collection":[{"href":"https:\/\/brothersjewellery.com\/en\/wp-json\/wp\/v2\/product"}],"about":[{"href":"https:\/\/brothersjewellery.com\/en\/wp-json\/wp\/v2\/types\/product"}],"replies":[{"embeddable":true,"href":"https:\/\/brothersjewellery.com\/en\/wp-json\/wp\/v2\/comments?post=1799"}],"wp:featuredmedia":[{"embeddable":true,"href":"https:\/\/brothersjewellery.com\/en\/wp-json\/wp\/v2\/media\/1629"}],"wp:attachment":[{"href":"https:\/\/brothersjewellery.com\/en\/wp-json\/wp\/v2\/media?parent=1799"}],"wp:term":[{"taxonomy":"product_brand","embeddable":true,"href":"https:\/\/brothersjewellery.com\/en\/wp-json\/wp\/v2\/product_brand?post=1799"},{"taxonomy":"product_cat","embeddable":true,"href":"https:\/\/brothersjewellery.com\/en\/wp-json\/wp\/v2\/product_cat?post=1799"},{"taxonomy":"product_tag","embeddable":true,"href":"https:\/\/brothersjewellery.com\/en\/wp-json\/wp\/v2\/product_tag?post=1799"}],"curies":[{"name":"wp","href":"https:\/\/api.w.org\/{rel}","templated":true}]}}