{"id":1800,"date":"2026-03-02T15:24:00","date_gmt":"2026-03-02T12:24:00","guid":{"rendered":"https:\/\/brothersjewellery.com\/urun\/109-lacero-triple-ring-3\/"},"modified":"2026-04-01T01:10:29","modified_gmt":"2026-03-31T22:10:29","slug":"109-lacero-triple-ring-3","status":"publish","type":"product","link":"https:\/\/brothersjewellery.com\/en\/product\/109-lacero-triple-ring-3\/","title":{"rendered":"109- Lacero Triple Ring"},"content":{"rendered":"","protected":false},"excerpt":{"rendered":"<p>Serinin karakteristik \u00e7apraz ba\u011f detay\u0131n\u0131 \u00fc\u00e7 ba\u011flant\u0131 noktas\u0131na ta\u015f\u0131yarak daha g\u00fc\u00e7l\u00fc hacim ve belirgin bir mimari ifade sunan el yap\u0131m\u0131 bir tasar\u0131md\u0131r. A\u00e7\u0131k bant form \u00fczerinde yer alan \u00fc\u00e7l\u00fc metal ba\u011f yap\u0131s\u0131, y\u00fcz\u00fckte ritim ve yap\u0131sal gerilim olu\u015fturarak tasar\u0131m\u0131n teknik esteti\u011fini vurgular. Parlak y\u00fczey ile oksitli ba\u011flant\u0131 alanlar\u0131 aras\u0131ndaki kontrast, ba\u011f detaylar\u0131n\u0131n derinli\u011fini art\u0131r\u0131rken y\u00fcz\u00fc\u011fe end\u00fcstriyel ve \u00e7a\u011fda\u015f bir karakter kazand\u0131r\u0131r. The Brothers Jewellery\u2019nin Kapal\u0131\u00e7ar\u015f\u0131\u2019daki  at\u00f6lyesinde \u00fcretilen bu par\u00e7a, serinin daha g\u00fc\u00e7l\u00fc statement versiyonu olarak modern artisan tasar\u0131m anlay\u0131\u015f\u0131n\u0131 yans\u0131t\u0131r. Her par\u00e7a el \u00fcretimi oldu\u011fu i\u00e7in y\u00fczey dokusu ve ba\u011f detaylar\u0131nda k\u00fc\u00e7\u00fck farkl\u0131l\u0131klar g\u00f6sterebilir.<\/p>","protected":false},"featured_media":1646,"comment_status":"open","ping_status":"closed","template":"","meta":[],"product_brand":[],"product_cat":[78,54],"product_tag":[],"class_list":{"0":"post-1800","1":"product","2":"type-product","3":"status-publish","4":"has-post-thumbnail","6":"product_cat-endustriyel-form-koleksiyonu","7":"product_cat-yuzuk","9":"first","10":"instock","11":"shipping-taxable","12":"purchasable","13":"product-type-variable"},"_links":{"self":[{"href":"https:\/\/brothersjewellery.com\/en\/wp-json\/wp\/v2\/product\/1800","targetHints":{"allow":["GET"]}}],"collection":[{"href":"https:\/\/brothersjewellery.com\/en\/wp-json\/wp\/v2\/product"}],"about":[{"href":"https:\/\/brothersjewellery.com\/en\/wp-json\/wp\/v2\/types\/product"}],"replies":[{"embeddable":true,"href":"https:\/\/brothersjewellery.com\/en\/wp-json\/wp\/v2\/comments?post=1800"}],"wp:featuredmedia":[{"embeddable":true,"href":"https:\/\/brothersjewellery.com\/en\/wp-json\/wp\/v2\/media\/1646"}],"wp:attachment":[{"href":"https:\/\/brothersjewellery.com\/en\/wp-json\/wp\/v2\/media?parent=1800"}],"wp:term":[{"taxonomy":"product_brand","embeddable":true,"href":"https:\/\/brothersjewellery.com\/en\/wp-json\/wp\/v2\/product_brand?post=1800"},{"taxonomy":"product_cat","embeddable":true,"href":"https:\/\/brothersjewellery.com\/en\/wp-json\/wp\/v2\/product_cat?post=1800"},{"taxonomy":"product_tag","embeddable":true,"href":"https:\/\/brothersjewellery.com\/en\/wp-json\/wp\/v2\/product_tag?post=1800"}],"curies":[{"name":"wp","href":"https:\/\/api.w.org\/{rel}","templated":true}]}}