{"id":1801,"date":"2026-03-02T15:24:01","date_gmt":"2026-03-02T12:24:01","guid":{"rendered":"https:\/\/brothersjewellery.com\/urun\/130-yok-3\/"},"modified":"2026-04-01T01:10:19","modified_gmt":"2026-03-31T22:10:19","slug":"130-yok-3","status":"publish","type":"product","link":"https:\/\/brothersjewellery.com\/en\/product\/130-yok-3\/","title":{"rendered":"130- YOK"},"content":{"rendered":"","protected":false},"excerpt":{"rendered":"<p>Klasik Osmanl\u0131 ta\u015f y\u00fcz\u00fck formu, merkezde ta\u015f yerine d\u00fcz g\u00fcm\u00fc\u015fle kapat\u0131larak yeniden yorumland\u0131.<br \/>\nBu m\u00fcdahale tasar\u0131m\u0131n anlam\u0131n\u0131 de\u011fi\u015ftirir. Geleneksel olarak y\u00fcz\u00fc\u011f\u00fcn kimli\u011fini belirleyen ta\u015f kald\u0131r\u0131l\u0131r ve merkez, varl\u0131\u011f\u0131yla de\u011fil yoklu\u011fu temsil eden bir y\u00fczeye d\u00f6n\u00fc\u015f\u00fcr. Form tan\u0131d\u0131kt\u0131r ancak okuma tersine \u00e7evrilmi\u015ftir.<br \/>\nAt\u00f6lyede elde \u00fcretilen YOK, signet gelene\u011fini radikal bir sadele\u015ftirme ile yeniden ele alan, merkez fikri \u00fczerine kurulu heykelsi bir y\u00fcz\u00fckt\u00fcr.<\/p>","protected":false},"featured_media":1732,"comment_status":"open","ping_status":"closed","template":"","meta":[],"product_brand":[],"product_cat":[76,54],"product_tag":[],"class_list":{"0":"post-1801","1":"product","2":"type-product","3":"status-publish","4":"has-post-thumbnail","6":"product_cat-neo-osmanli-koleksiyonu","7":"product_cat-yuzuk","9":"first","10":"instock","11":"shipping-taxable","12":"purchasable","13":"product-type-variable"},"_links":{"self":[{"href":"https:\/\/brothersjewellery.com\/en\/wp-json\/wp\/v2\/product\/1801","targetHints":{"allow":["GET"]}}],"collection":[{"href":"https:\/\/brothersjewellery.com\/en\/wp-json\/wp\/v2\/product"}],"about":[{"href":"https:\/\/brothersjewellery.com\/en\/wp-json\/wp\/v2\/types\/product"}],"replies":[{"embeddable":true,"href":"https:\/\/brothersjewellery.com\/en\/wp-json\/wp\/v2\/comments?post=1801"}],"wp:featuredmedia":[{"embeddable":true,"href":"https:\/\/brothersjewellery.com\/en\/wp-json\/wp\/v2\/media\/1732"}],"wp:attachment":[{"href":"https:\/\/brothersjewellery.com\/en\/wp-json\/wp\/v2\/media?parent=1801"}],"wp:term":[{"taxonomy":"product_brand","embeddable":true,"href":"https:\/\/brothersjewellery.com\/en\/wp-json\/wp\/v2\/product_brand?post=1801"},{"taxonomy":"product_cat","embeddable":true,"href":"https:\/\/brothersjewellery.com\/en\/wp-json\/wp\/v2\/product_cat?post=1801"},{"taxonomy":"product_tag","embeddable":true,"href":"https:\/\/brothersjewellery.com\/en\/wp-json\/wp\/v2\/product_tag?post=1801"}],"curies":[{"name":"wp","href":"https:\/\/api.w.org\/{rel}","templated":true}]}}