{"id":1802,"date":"2026-03-02T15:24:01","date_gmt":"2026-03-02T12:24:01","guid":{"rendered":"https:\/\/brothersjewellery.com\/urun\/131-yalin-3\/"},"modified":"2026-04-01T01:10:19","modified_gmt":"2026-03-31T22:10:19","slug":"131-yalin-3","status":"publish","type":"product","link":"https:\/\/brothersjewellery.com\/en\/product\/131-yalin-3\/","title":{"rendered":"131- YALIN"},"content":{"rendered":"","protected":false},"excerpt":{"rendered":"<p>Bir \u015feyi temsil etmez. Bir ger\u00e7e\u011fi hat\u0131rlat\u0131r.<br \/>\n\u0130nsan hayata eklenerek ba\u015flar; isimler, roller, ba\u015far\u0131lar, sahip olunanlar\u2026 Zamanla \u00e7o\u011falan her \u015fey kimlik gibi g\u00f6r\u00fcn\u00fcr. Oysa ba\u015flang\u0131\u00e7 her zaman ayn\u0131d\u0131r. Son da \u00f6yle&#8230;<br \/>\nGer\u00e7ekler yal\u0131n ayak kadar \u00e7\u0131plakt\u0131r:<br \/>\n\u201cGeldi\u011fin ve gitti\u011fin yeri unutma.\u201d<br \/>\nYALIN, kendini sahip olduklar\u0131yla de\u011fil varl\u0131\u011f\u0131yla tan\u0131mlayanlar i\u00e7in tasarlanm\u0131\u015ft\u0131r. Bir nesneden \u00e7ok, sessiz bir fark\u0131ndal\u0131k i\u015fareti gibi durur.<br \/>\nYal\u0131n geldik, yal\u0131n gidece\u011fiz. Bu y\u00fcz\u00fckten geriye tek kalan \u015fey ruhunuzdur.<\/p>","protected":false},"featured_media":1735,"comment_status":"open","ping_status":"closed","template":"","meta":[],"product_brand":[],"product_cat":[76,54],"product_tag":[],"class_list":{"0":"post-1802","1":"product","2":"type-product","3":"status-publish","4":"has-post-thumbnail","6":"product_cat-neo-osmanli-koleksiyonu","7":"product_cat-yuzuk","9":"first","10":"instock","11":"shipping-taxable","12":"purchasable","13":"product-type-variable"},"_links":{"self":[{"href":"https:\/\/brothersjewellery.com\/en\/wp-json\/wp\/v2\/product\/1802","targetHints":{"allow":["GET"]}}],"collection":[{"href":"https:\/\/brothersjewellery.com\/en\/wp-json\/wp\/v2\/product"}],"about":[{"href":"https:\/\/brothersjewellery.com\/en\/wp-json\/wp\/v2\/types\/product"}],"replies":[{"embeddable":true,"href":"https:\/\/brothersjewellery.com\/en\/wp-json\/wp\/v2\/comments?post=1802"}],"wp:featuredmedia":[{"embeddable":true,"href":"https:\/\/brothersjewellery.com\/en\/wp-json\/wp\/v2\/media\/1735"}],"wp:attachment":[{"href":"https:\/\/brothersjewellery.com\/en\/wp-json\/wp\/v2\/media?parent=1802"}],"wp:term":[{"taxonomy":"product_brand","embeddable":true,"href":"https:\/\/brothersjewellery.com\/en\/wp-json\/wp\/v2\/product_brand?post=1802"},{"taxonomy":"product_cat","embeddable":true,"href":"https:\/\/brothersjewellery.com\/en\/wp-json\/wp\/v2\/product_cat?post=1802"},{"taxonomy":"product_tag","embeddable":true,"href":"https:\/\/brothersjewellery.com\/en\/wp-json\/wp\/v2\/product_tag?post=1802"}],"curies":[{"name":"wp","href":"https:\/\/api.w.org\/{rel}","templated":true}]}}