{"id":1865,"date":"2026-03-03T07:01:08","date_gmt":"2026-03-03T04:01:08","guid":{"rendered":"https:\/\/brothersjewellery.com\/urun\/136-arista\/"},"modified":"2026-04-01T01:10:08","modified_gmt":"2026-03-31T22:10:08","slug":"136-arista","status":"publish","type":"product","link":"https:\/\/brothersjewellery.com\/en\/product\/136-arista\/","title":{"rendered":"136-  Arista"},"content":{"rendered":"","protected":false},"excerpt":{"rendered":"<p>\u0130nce ve kontroll\u00fc \u00e7izgilerin bir araya gelerek olu\u015fturdu\u011fu ak\u0131c\u0131 bir form tasar\u0131m\u0131d\u0131r. \u00d6n b\u00f6l\u00fcmde \u00fcst \u00fcste ilerleyen iki y\u00fckselti, y\u00fcz\u00fc\u011fe hafif bir hareket kazand\u0131r\u0131rken genel sil\u00fcet sade ve dengeli kal\u0131r.<br \/>\nY\u00fczeyde uygulanan oksit i\u015flemi, \u00e7izgisel kanallar\u0131 belirginle\u015ftirerek formun derinli\u011fini art\u0131r\u0131r. Parlat\u0131lm\u0131\u015f kenarlar ile koyu tonlu i\u00e7 hatlar aras\u0131ndaki kontrast, tasar\u0131ma net ve modern bir karakter kazand\u0131r\u0131r. Abart\u0131s\u0131z ama kendini belli eden bir duru\u015fa sahiptir.<br \/>\nG\u00fcnl\u00fck stilin bir par\u00e7as\u0131 olabilecek, zamans\u0131z ve minimal bir modeldir.<br \/>\nThe Brothers Jewellery\u2019nin Kapal\u0131\u00e7ar\u015f\u0131\u2019daki at\u00f6lyesinde el i\u015f\u00e7ili\u011fiyle \u00fcretilmi\u015ftir. Seri \u00fcretim de\u011fildir. Her par\u00e7a elde tamamland\u0131\u011f\u0131 i\u00e7in y\u00fczey dokusu ve tonlarda k\u00fc\u00e7\u00fck farkl\u0131l\u0131klar g\u00f6r\u00fclebilir; bu da tasar\u0131m\u0131n \u00f6zg\u00fcn karakterinin bir par\u00e7as\u0131d\u0131r.<\/p>","protected":false},"featured_media":1803,"comment_status":"open","ping_status":"closed","template":"","meta":[],"product_brand":[],"product_cat":[74,54],"product_tag":[],"class_list":{"0":"post-1865","1":"product","2":"type-product","3":"status-publish","4":"has-post-thumbnail","6":"product_cat-neoklasik-koleksiyon","7":"product_cat-yuzuk","9":"first","10":"instock","11":"shipping-taxable","12":"purchasable","13":"product-type-variable"},"_links":{"self":[{"href":"https:\/\/brothersjewellery.com\/en\/wp-json\/wp\/v2\/product\/1865","targetHints":{"allow":["GET"]}}],"collection":[{"href":"https:\/\/brothersjewellery.com\/en\/wp-json\/wp\/v2\/product"}],"about":[{"href":"https:\/\/brothersjewellery.com\/en\/wp-json\/wp\/v2\/types\/product"}],"replies":[{"embeddable":true,"href":"https:\/\/brothersjewellery.com\/en\/wp-json\/wp\/v2\/comments?post=1865"}],"wp:featuredmedia":[{"embeddable":true,"href":"https:\/\/brothersjewellery.com\/en\/wp-json\/wp\/v2\/media\/1803"}],"wp:attachment":[{"href":"https:\/\/brothersjewellery.com\/en\/wp-json\/wp\/v2\/media?parent=1865"}],"wp:term":[{"taxonomy":"product_brand","embeddable":true,"href":"https:\/\/brothersjewellery.com\/en\/wp-json\/wp\/v2\/product_brand?post=1865"},{"taxonomy":"product_cat","embeddable":true,"href":"https:\/\/brothersjewellery.com\/en\/wp-json\/wp\/v2\/product_cat?post=1865"},{"taxonomy":"product_tag","embeddable":true,"href":"https:\/\/brothersjewellery.com\/en\/wp-json\/wp\/v2\/product_tag?post=1865"}],"curies":[{"name":"wp","href":"https:\/\/api.w.org\/{rel}","templated":true}]}}