{"id":1867,"date":"2026-03-03T07:01:09","date_gmt":"2026-03-03T04:01:09","guid":{"rendered":"https:\/\/brothersjewellery.com\/urun\/138-orleans\/"},"modified":"2026-04-01T01:09:57","modified_gmt":"2026-03-31T22:09:57","slug":"138-orleans","status":"publish","type":"product","link":"https:\/\/brothersjewellery.com\/en\/product\/138-orleans\/","title":{"rendered":"138- Orl\u00e9ans"},"content":{"rendered":"","protected":false},"excerpt":{"rendered":"<p>Orta \u00c7a\u011f Avrupa\u2019s\u0131n\u0131n hanedan sembollerinden ilham alan g\u00fc\u00e7l\u00fc bir artisan tasar\u0131md\u0131r. \u00d6n y\u00fczeyde yer alan alt\u0131n tonlu zambak (fleur-de-lis) motifi; asalet, sadakat ve g\u00fc\u00e7 sembol\u00fc olarak tarih boyunca armalar ve sancaklarda kullan\u0131lm\u0131\u015ft\u0131r.<br \/>\nY\u00fcz\u00fc\u011f\u00fcn g\u00f6vdesi bilin\u00e7li olarak ham ve \u00e7eki\u00e7 izli b\u0131rak\u0131lm\u0131\u015ft\u0131r. P\u00fcr\u00fczl\u00fc, ta\u015f dokusunu and\u0131ran y\u00fczey; zambak motifinin daha belirgin ve otoriter g\u00f6r\u00fcnmesini sa\u011flar. Parlak alt\u0131n detay ile oksitli g\u00fcm\u00fc\u015f zemin aras\u0131ndaki kontrast, tasar\u0131ma dramatik bir derinlik kazand\u0131r\u0131r.<br \/>\nA\u00e7\u0131k form yap\u0131s\u0131 y\u00fcz\u00fc\u011fe z\u0131rh par\u00e7as\u0131n\u0131 and\u0131ran bir karakter verirken ayn\u0131 zamanda hafif ayarlanabilir kullan\u0131m sa\u011flar. 14.00 gram a\u011f\u0131rl\u0131\u011f\u0131 ile elde tok ve g\u00fc\u00e7l\u00fc bir hissiyat sunar. G\u00fcnl\u00fck kullan\u0131ma uygun olmakla birlikte, \u00f6zellikle karakterli ve iddial\u0131 kombinlerde \u00f6ne \u00e7\u0131kar.<br \/>\nThe Brothers Jewellery\u2019nin Kapal\u0131\u00e7ar\u015f\u0131\u2019daki at\u00f6lyesinde el i\u015f\u00e7ili\u011fiyle \u00fcretilmi\u015ftir. Seri \u00fcretim de\u011fildir. Her par\u00e7a elde i\u015flendi\u011fi i\u00e7in y\u00fczey dokusu ve oksit tonlar\u0131nda k\u00fc\u00e7\u00fck farkl\u0131l\u0131klar g\u00f6r\u00fclebilir; bu da her y\u00fcz\u00fc\u011f\u00fc benzersiz k\u0131lar<\/p>","protected":false},"featured_media":1811,"comment_status":"open","ping_status":"closed","template":"","meta":[],"product_brand":[],"product_cat":[77,54],"product_tag":[],"class_list":{"0":"post-1867","1":"product","2":"type-product","3":"status-publish","4":"has-post-thumbnail","6":"product_cat-antik-ilkel-tasarim-koleksiyonu","7":"product_cat-yuzuk","9":"first","10":"instock","11":"shipping-taxable","12":"purchasable","13":"product-type-variable"},"_links":{"self":[{"href":"https:\/\/brothersjewellery.com\/en\/wp-json\/wp\/v2\/product\/1867","targetHints":{"allow":["GET"]}}],"collection":[{"href":"https:\/\/brothersjewellery.com\/en\/wp-json\/wp\/v2\/product"}],"about":[{"href":"https:\/\/brothersjewellery.com\/en\/wp-json\/wp\/v2\/types\/product"}],"replies":[{"embeddable":true,"href":"https:\/\/brothersjewellery.com\/en\/wp-json\/wp\/v2\/comments?post=1867"}],"wp:featuredmedia":[{"embeddable":true,"href":"https:\/\/brothersjewellery.com\/en\/wp-json\/wp\/v2\/media\/1811"}],"wp:attachment":[{"href":"https:\/\/brothersjewellery.com\/en\/wp-json\/wp\/v2\/media?parent=1867"}],"wp:term":[{"taxonomy":"product_brand","embeddable":true,"href":"https:\/\/brothersjewellery.com\/en\/wp-json\/wp\/v2\/product_brand?post=1867"},{"taxonomy":"product_cat","embeddable":true,"href":"https:\/\/brothersjewellery.com\/en\/wp-json\/wp\/v2\/product_cat?post=1867"},{"taxonomy":"product_tag","embeddable":true,"href":"https:\/\/brothersjewellery.com\/en\/wp-json\/wp\/v2\/product_tag?post=1867"}],"curies":[{"name":"wp","href":"https:\/\/api.w.org\/{rel}","templated":true}]}}