{"id":1869,"date":"2026-03-03T07:01:09","date_gmt":"2026-03-03T04:01:09","guid":{"rendered":"https:\/\/brothersjewellery.com\/urun\/140-ventus-nomad\/"},"modified":"2026-04-01T01:09:46","modified_gmt":"2026-03-31T22:09:46","slug":"140-ventus-nomad","status":"publish","type":"product","link":"https:\/\/brothersjewellery.com\/en\/product\/140-ventus-nomad\/","title":{"rendered":"140- Ventus Nomad"},"content":{"rendered":"","protected":false},"excerpt":{"rendered":"<p>R\u00fczg\u00e2r\u0131 yararak ilerleyen \u00e7izgiler\u2026 Ventus Nomad, asfalt\u0131n ve \u00f6zg\u00fcrl\u00fc\u011f\u00fcn ruhunu metale ta\u015f\u0131r. Katmanl\u0131 \u00fcst form, h\u0131zla ge\u00e7en manzaralar\u0131n b\u0131rakt\u0131\u011f\u0131 izleri and\u0131r\u0131rken oksitli y\u00fczey g\u00fc\u00e7l\u00fc ve asi bir karakter olu\u015fturur. Parlak kenarlar ise hareketi vurgular.<br \/>\nDolgun g\u00f6vdesi  elde hissedilir bir duru\u015f sunar. G\u00f6steri\u015fli de\u011fil; net ve kararl\u0131.<br \/>\nYolun, h\u0131z\u0131n ve \u00f6zg\u00fcrl\u00fc\u011f\u00fcn simgesi.<\/p>","protected":false},"featured_media":1819,"comment_status":"open","ping_status":"closed","template":"","meta":[],"product_brand":[],"product_cat":[74,54],"product_tag":[],"class_list":{"0":"post-1869","1":"product","2":"type-product","3":"status-publish","4":"has-post-thumbnail","6":"product_cat-neoklasik-koleksiyon","7":"product_cat-yuzuk","9":"first","10":"instock","11":"shipping-taxable","12":"purchasable","13":"product-type-variable"},"_links":{"self":[{"href":"https:\/\/brothersjewellery.com\/en\/wp-json\/wp\/v2\/product\/1869","targetHints":{"allow":["GET"]}}],"collection":[{"href":"https:\/\/brothersjewellery.com\/en\/wp-json\/wp\/v2\/product"}],"about":[{"href":"https:\/\/brothersjewellery.com\/en\/wp-json\/wp\/v2\/types\/product"}],"replies":[{"embeddable":true,"href":"https:\/\/brothersjewellery.com\/en\/wp-json\/wp\/v2\/comments?post=1869"}],"wp:featuredmedia":[{"embeddable":true,"href":"https:\/\/brothersjewellery.com\/en\/wp-json\/wp\/v2\/media\/1819"}],"wp:attachment":[{"href":"https:\/\/brothersjewellery.com\/en\/wp-json\/wp\/v2\/media?parent=1869"}],"wp:term":[{"taxonomy":"product_brand","embeddable":true,"href":"https:\/\/brothersjewellery.com\/en\/wp-json\/wp\/v2\/product_brand?post=1869"},{"taxonomy":"product_cat","embeddable":true,"href":"https:\/\/brothersjewellery.com\/en\/wp-json\/wp\/v2\/product_cat?post=1869"},{"taxonomy":"product_tag","embeddable":true,"href":"https:\/\/brothersjewellery.com\/en\/wp-json\/wp\/v2\/product_tag?post=1869"}],"curies":[{"name":"wp","href":"https:\/\/api.w.org\/{rel}","templated":true}]}}