{"id":1872,"date":"2026-03-03T07:01:10","date_gmt":"2026-03-03T04:01:10","guid":{"rendered":"https:\/\/brothersjewellery.com\/urun\/143-chromaseal\/"},"modified":"2026-04-01T01:09:36","modified_gmt":"2026-03-31T22:09:36","slug":"143-chromaseal","status":"publish","type":"product","link":"https:\/\/brothersjewellery.com\/en\/product\/143-chromaseal\/","title":{"rendered":"143- Chromaseal"},"content":{"rendered":"","protected":false},"excerpt":{"rendered":"<p>Avrupa\u2019n\u0131n klasik m\u00fch\u00fcr y\u00fcz\u00fck anlay\u0131\u015f\u0131n\u0131 \u00e7a\u011fda\u015f bir renk vurgusuyla yeniden yorumlar. Dolgun ve dengeli g\u00fcm\u00fc\u015f formun merkezinde yer alan mine (emaye) y\u00fczey, tasar\u0131m\u0131n imza noktas\u0131d\u0131r.<br \/>\nYuvarlak renk alan\u0131, bir arma ya da ki\u015fisel m\u00fch\u00fcr gibi konumlan\u0131r. Abart\u0131dan uzak, net ve karakterli. Avrupa tasar\u0131m disiplininin \u00f6l\u00e7\u00fcl\u00fc ve sade \u00e7izgisini ta\u015f\u0131r.<br \/>\nMerkezdeki mine uygulamas\u0131 standart olarak turkuaz tonundad\u0131r. Talep do\u011frultusunda farkl\u0131 renk se\u00e7enekleriyle \u00fcretilebilir; b\u00f6ylece her Chromaseal ki\u015fisel bir kimli\u011fe d\u00f6n\u00fc\u015f\u00fcr.<br \/>\nThe Brothers Jewellery\u2019nin Kapal\u0131\u00e7ar\u015f\u0131\u2019daki at\u00f6lyesinde el i\u015f\u00e7ili\u011fiyle \u00fcretilmi\u015ftir. Her par\u00e7a y\u00fczey dokusuyla kendine \u00f6zg\u00fcd\u00fcr.<br \/>\nChromaseal, rengi bir imza gibi ta\u015f\u0131yanlar i\u00e7in.<\/p>","protected":false},"featured_media":1832,"comment_status":"open","ping_status":"closed","template":"","meta":[],"product_brand":[],"product_cat":[73,54],"product_tag":[],"class_list":{"0":"post-1872","1":"product","2":"type-product","3":"status-publish","4":"has-post-thumbnail","6":"product_cat-signet-koleksiyonu","7":"product_cat-yuzuk","9":"first","10":"instock","11":"shipping-taxable","12":"purchasable","13":"product-type-variable"},"_links":{"self":[{"href":"https:\/\/brothersjewellery.com\/en\/wp-json\/wp\/v2\/product\/1872","targetHints":{"allow":["GET"]}}],"collection":[{"href":"https:\/\/brothersjewellery.com\/en\/wp-json\/wp\/v2\/product"}],"about":[{"href":"https:\/\/brothersjewellery.com\/en\/wp-json\/wp\/v2\/types\/product"}],"replies":[{"embeddable":true,"href":"https:\/\/brothersjewellery.com\/en\/wp-json\/wp\/v2\/comments?post=1872"}],"wp:featuredmedia":[{"embeddable":true,"href":"https:\/\/brothersjewellery.com\/en\/wp-json\/wp\/v2\/media\/1832"}],"wp:attachment":[{"href":"https:\/\/brothersjewellery.com\/en\/wp-json\/wp\/v2\/media?parent=1872"}],"wp:term":[{"taxonomy":"product_brand","embeddable":true,"href":"https:\/\/brothersjewellery.com\/en\/wp-json\/wp\/v2\/product_brand?post=1872"},{"taxonomy":"product_cat","embeddable":true,"href":"https:\/\/brothersjewellery.com\/en\/wp-json\/wp\/v2\/product_cat?post=1872"},{"taxonomy":"product_tag","embeddable":true,"href":"https:\/\/brothersjewellery.com\/en\/wp-json\/wp\/v2\/product_tag?post=1872"}],"curies":[{"name":"wp","href":"https:\/\/api.w.org\/{rel}","templated":true}]}}