{"id":1873,"date":"2026-03-03T07:01:11","date_gmt":"2026-03-03T04:01:11","guid":{"rendered":"https:\/\/brothersjewellery.com\/urun\/144-cantilever-red\/"},"modified":"2026-04-01T01:09:36","modified_gmt":"2026-03-31T22:09:36","slug":"144-cantilever-red","status":"publish","type":"product","link":"https:\/\/brothersjewellery.com\/en\/product\/144-cantilever-red\/","title":{"rendered":"144- Cantilever Red"},"content":{"rendered":"","protected":false},"excerpt":{"rendered":"<p>Modern mimarinin tek noktadan y\u00fckselen cesur formlar\u0131ndan ilham alan Cantilever Red, dengede duran bir g\u00fc\u00e7 fikrini temsil eder.<br \/>\nG\u00fcm\u00fc\u015f g\u00f6vde yukar\u0131 do\u011fru geni\u015fler ve \u00fcst b\u00f6l\u00fcmde yatay bir hat olarak uzar. Bu \u00e7izgi, mimari bir \u00e7\u0131kma gibi tek bir noktadan ta\u015f\u0131n\u0131yormu\u015f hissi verir. Yan b\u00f6l\u00fcmdeki metal detay ise tasar\u0131ma teknik ve f\u00fct\u00fcristik bir karakter kazand\u0131r\u0131r.<br \/>\n\u00dcst y\u00fczeydeki mine (emaye) uygulamas\u0131 standart olarak k\u0131rm\u0131z\u0131 renktedir. \u0130ste\u011fe ba\u011fl\u0131 olarak farkl\u0131 renklerde \u00fcretilebilir. B\u00f6ylece her par\u00e7a ki\u015fisel bir hik\u00e2yeye d\u00f6n\u00fc\u015f\u00fcr.<br \/>\nYakla\u015f\u0131k 6.24 gram a\u011f\u0131rl\u0131\u011f\u0131ndad\u0131r.<br \/>\nEl i\u015f\u00e7ili\u011fiyle \u00fcretilmi\u015ftir.<br \/>\nCantilever Red, klasik y\u00fcz\u00fck formunun d\u0131\u015f\u0131na \u00e7\u0131kan; net, kararl\u0131 ve modern bir ifade arayanlar i\u00e7in tasarland\u0131.<\/p>","protected":false},"featured_media":1836,"comment_status":"open","ping_status":"closed","template":"","meta":[],"product_brand":[],"product_cat":[78,54],"product_tag":[],"class_list":{"0":"post-1873","1":"product","2":"type-product","3":"status-publish","4":"has-post-thumbnail","6":"product_cat-endustriyel-form-koleksiyonu","7":"product_cat-yuzuk","9":"first","10":"instock","11":"shipping-taxable","12":"purchasable","13":"product-type-variable"},"_links":{"self":[{"href":"https:\/\/brothersjewellery.com\/en\/wp-json\/wp\/v2\/product\/1873","targetHints":{"allow":["GET"]}}],"collection":[{"href":"https:\/\/brothersjewellery.com\/en\/wp-json\/wp\/v2\/product"}],"about":[{"href":"https:\/\/brothersjewellery.com\/en\/wp-json\/wp\/v2\/types\/product"}],"replies":[{"embeddable":true,"href":"https:\/\/brothersjewellery.com\/en\/wp-json\/wp\/v2\/comments?post=1873"}],"wp:featuredmedia":[{"embeddable":true,"href":"https:\/\/brothersjewellery.com\/en\/wp-json\/wp\/v2\/media\/1836"}],"wp:attachment":[{"href":"https:\/\/brothersjewellery.com\/en\/wp-json\/wp\/v2\/media?parent=1873"}],"wp:term":[{"taxonomy":"product_brand","embeddable":true,"href":"https:\/\/brothersjewellery.com\/en\/wp-json\/wp\/v2\/product_brand?post=1873"},{"taxonomy":"product_cat","embeddable":true,"href":"https:\/\/brothersjewellery.com\/en\/wp-json\/wp\/v2\/product_cat?post=1873"},{"taxonomy":"product_tag","embeddable":true,"href":"https:\/\/brothersjewellery.com\/en\/wp-json\/wp\/v2\/product_tag?post=1873"}],"curies":[{"name":"wp","href":"https:\/\/api.w.org\/{rel}","templated":true}]}}