{"id":1874,"date":"2026-03-03T07:01:11","date_gmt":"2026-03-03T04:01:11","guid":{"rendered":"https:\/\/brothersjewellery.com\/urun\/145-aurea-seal\/"},"modified":"2026-04-01T01:09:26","modified_gmt":"2026-03-31T22:09:26","slug":"145-aurea-seal","status":"publish","type":"product","link":"https:\/\/brothersjewellery.com\/en\/product\/145-aurea-seal\/","title":{"rendered":"145- Aurea Seal"},"content":{"rendered":"","protected":false},"excerpt":{"rendered":"<p>Aurea Seal, Avrupa\u2019n\u0131n klasik m\u00fch\u00fcr y\u00fcz\u00fck gelene\u011fini sade ve zamans\u0131z bir formda yorumlar.<\/p>\n<p>Yuvarlak ve ak\u0131c\u0131 hatlara sahip g\u00f6vdesi, parmak \u00fczerinde do\u011fal bir denge kurar. \u00dcst b\u00f6l\u00fcmde yer alan mine (emaye) y\u00fczey, tasar\u0131m\u0131n odak noktas\u0131d\u0131r. Net bir daire formu, y\u00fcz\u00fc\u011fe g\u00fc\u00e7l\u00fc ama abart\u0131s\u0131z bir karakter kazand\u0131r\u0131r.<\/p>\n<p>Standart \u00fcretimde k\u0131rm\u0131z\u0131 mine uygulanm\u0131\u015ft\u0131r. Talep do\u011frultusunda farkl\u0131 renk se\u00e7enekleriyle ki\u015fiye \u00f6zel \u00fcretim yap\u0131labilir. B\u00f6ylece her y\u00fcz\u00fck, sahibinin tercih etti\u011fi renkle kendi kimli\u011fini kazan\u0131r.<\/p>\n<p>El i\u015f\u00e7ili\u011fiyle \u00fcretilmi\u015ftir.<\/p>\n<p>Avrupa klasik form anlay\u0131\u015f\u0131n\u0131 modern sadelikle birle\u015ftirir.<\/p>\n<p>The Brothers Jewellery \u2013 Kapal\u0131\u00e7ar\u015f\u0131 at\u00f6lye \u00fcretimi.<\/p>\n<p>Aurea Seal, sade ama net bir imza ta\u015f\u0131mak isteyenler i\u00e7in tasarland\u0131.<\/p>","protected":false},"featured_media":1840,"comment_status":"open","ping_status":"closed","template":"","meta":[],"product_brand":[],"product_cat":[73,54],"product_tag":[],"class_list":{"0":"post-1874","1":"product","2":"type-product","3":"status-publish","4":"has-post-thumbnail","6":"product_cat-signet-koleksiyonu","7":"product_cat-yuzuk","9":"first","10":"instock","11":"shipping-taxable","12":"purchasable","13":"product-type-variable"},"_links":{"self":[{"href":"https:\/\/brothersjewellery.com\/en\/wp-json\/wp\/v2\/product\/1874","targetHints":{"allow":["GET"]}}],"collection":[{"href":"https:\/\/brothersjewellery.com\/en\/wp-json\/wp\/v2\/product"}],"about":[{"href":"https:\/\/brothersjewellery.com\/en\/wp-json\/wp\/v2\/types\/product"}],"replies":[{"embeddable":true,"href":"https:\/\/brothersjewellery.com\/en\/wp-json\/wp\/v2\/comments?post=1874"}],"wp:featuredmedia":[{"embeddable":true,"href":"https:\/\/brothersjewellery.com\/en\/wp-json\/wp\/v2\/media\/1840"}],"wp:attachment":[{"href":"https:\/\/brothersjewellery.com\/en\/wp-json\/wp\/v2\/media?parent=1874"}],"wp:term":[{"taxonomy":"product_brand","embeddable":true,"href":"https:\/\/brothersjewellery.com\/en\/wp-json\/wp\/v2\/product_brand?post=1874"},{"taxonomy":"product_cat","embeddable":true,"href":"https:\/\/brothersjewellery.com\/en\/wp-json\/wp\/v2\/product_cat?post=1874"},{"taxonomy":"product_tag","embeddable":true,"href":"https:\/\/brothersjewellery.com\/en\/wp-json\/wp\/v2\/product_tag?post=1874"}],"curies":[{"name":"wp","href":"https:\/\/api.w.org\/{rel}","templated":true}]}}