{"id":1875,"date":"2026-03-03T07:01:11","date_gmt":"2026-03-03T04:01:11","guid":{"rendered":"https:\/\/brothersjewellery.com\/urun\/146-nord-form\/"},"modified":"2026-04-01T01:09:26","modified_gmt":"2026-03-31T22:09:26","slug":"146-nord-form","status":"publish","type":"product","link":"https:\/\/brothersjewellery.com\/en\/product\/146-nord-form\/","title":{"rendered":"146- Nord Form"},"content":{"rendered":"","protected":false},"excerpt":{"rendered":"<p>Kuzey Avrupa tasar\u0131m anlay\u0131\u015f\u0131n\u0131n sade ve net \u00e7izgilerinden ilham al\u0131r.<\/p>\n<p>Ak\u0131c\u0131 ama kontroll\u00fc mont\u00fcr, parmak \u00fczerinde do\u011fal bir denge kurar. \u00dcst b\u00f6l\u00fcmde yer alan yuvarlak mine (emaye) y\u00fczey tasar\u0131m\u0131n merkezidir; minimal form i\u00e7inde g\u00fc\u00e7l\u00fc bir odak noktas\u0131 olu\u015fturur.<\/p>\n<p>Abart\u0131dan uzak, temiz ve kararl\u0131 bir sil\u00fcet.<\/p>\n<p>Modern \u0130skandinav esteti\u011finin temel prensibi olan \u201caz ama yeterli\u201d anlay\u0131\u015f\u0131 bu modelde belirgindir.<\/p>\n<p>Mine rengi standart \u00fcretimde koyu tonludur. Talep do\u011frultusunda farkl\u0131 renk se\u00e7enekleriyle ki\u015fiye \u00f6zel \u00fcretilebilir.<\/p>\n<p>El i\u015f\u00e7ili\u011fiyle \u00fcretilmi\u015ftir.<\/p>\n<p>Her par\u00e7a y\u00fczey dokusunda k\u00fc\u00e7\u00fck farkl\u0131l\u0131klar bar\u0131nd\u0131r\u0131r.<\/p>\n<p>The Brothers Jewellery \u2013 Kapal\u0131\u00e7ar\u015f\u0131 at\u00f6lye \u00fcretimi.<\/p>\n<p>Nord Form, sade ama karakterli bir modern y\u00fcz\u00fck arayanlar i\u00e7in tasarland\u0131.<\/p>","protected":false},"featured_media":1844,"comment_status":"open","ping_status":"closed","template":"","meta":[],"product_brand":[],"product_cat":[74,54],"product_tag":[],"class_list":{"0":"post-1875","1":"product","2":"type-product","3":"status-publish","4":"has-post-thumbnail","6":"product_cat-neoklasik-koleksiyon","7":"product_cat-yuzuk","9":"first","10":"instock","11":"shipping-taxable","12":"purchasable","13":"product-type-variable"},"_links":{"self":[{"href":"https:\/\/brothersjewellery.com\/en\/wp-json\/wp\/v2\/product\/1875","targetHints":{"allow":["GET"]}}],"collection":[{"href":"https:\/\/brothersjewellery.com\/en\/wp-json\/wp\/v2\/product"}],"about":[{"href":"https:\/\/brothersjewellery.com\/en\/wp-json\/wp\/v2\/types\/product"}],"replies":[{"embeddable":true,"href":"https:\/\/brothersjewellery.com\/en\/wp-json\/wp\/v2\/comments?post=1875"}],"wp:featuredmedia":[{"embeddable":true,"href":"https:\/\/brothersjewellery.com\/en\/wp-json\/wp\/v2\/media\/1844"}],"wp:attachment":[{"href":"https:\/\/brothersjewellery.com\/en\/wp-json\/wp\/v2\/media?parent=1875"}],"wp:term":[{"taxonomy":"product_brand","embeddable":true,"href":"https:\/\/brothersjewellery.com\/en\/wp-json\/wp\/v2\/product_brand?post=1875"},{"taxonomy":"product_cat","embeddable":true,"href":"https:\/\/brothersjewellery.com\/en\/wp-json\/wp\/v2\/product_cat?post=1875"},{"taxonomy":"product_tag","embeddable":true,"href":"https:\/\/brothersjewellery.com\/en\/wp-json\/wp\/v2\/product_tag?post=1875"}],"curies":[{"name":"wp","href":"https:\/\/api.w.org\/{rel}","templated":true}]}}