{"id":1877,"date":"2026-03-03T07:01:11","date_gmt":"2026-03-03T04:01:11","guid":{"rendered":"https:\/\/brothersjewellery.com\/urun\/148-arkt\/"},"modified":"2026-04-01T01:09:15","modified_gmt":"2026-03-31T22:09:15","slug":"148-arkt","status":"publish","type":"product","link":"https:\/\/brothersjewellery.com\/en\/product\/148-arkt\/","title":{"rendered":"148- Arkt"},"content":{"rendered":"","protected":false},"excerpt":{"rendered":"<p>Kuzey Avrupa minimalizminin yal\u0131n ve kararl\u0131 esteti\u011fini ta\u015f\u0131r.<br \/>\nHam dokulu g\u00f6vde, bilin\u00e7li olarak parlat\u0131lmam\u0131\u015f bir y\u00fczeyle b\u0131rak\u0131lm\u0131\u015ft\u0131r. \u00dcst b\u00f6l\u00fcmde yer alan dikd\u00f6rtgen mine alan\u0131, tasar\u0131m\u0131n merkezinde net bir renk blo\u011fu olu\u015fturur. S\u00fcsleme yoktur; yaln\u0131zca form ve denge vard\u0131r.<br \/>\nGeometrik \u00fcst plaka ve kal\u0131n g\u00f6vde oran\u0131, y\u00fcz\u00fc\u011fe mimari bir a\u011f\u0131rl\u0131k kazand\u0131r\u0131r. Minimal ama zay\u0131f de\u011fil. Sade ama iddias\u0131z de\u011fil.<br \/>\nMerkezdeki mine standart \u00fcretimde koyu ton uygulanm\u0131\u015ft\u0131r. Talep do\u011frultusunda farkl\u0131 renk se\u00e7enekleriyle \u00fcretilebilir; her renk Arkt\u2019in karakterini farkl\u0131 bir y\u00f6ne ta\u015f\u0131r.<br \/>\nEl i\u015f\u00e7ili\u011fiyle \u00fcretilmi\u015ftir. Y\u00fczey dokusunda ve oksit tonlar\u0131nda k\u00fc\u00e7\u00fck farkl\u0131l\u0131klar g\u00f6r\u00fclebilir.<br \/>\nThe Brothers Jewellery \u2013 Kapal\u0131\u00e7ar\u015f\u0131 at\u00f6lye \u00fcretimi.<\/p>","protected":false},"featured_media":1852,"comment_status":"open","ping_status":"closed","template":"","meta":[],"product_brand":[],"product_cat":[73,54],"product_tag":[],"class_list":{"0":"post-1877","1":"product","2":"type-product","3":"status-publish","4":"has-post-thumbnail","6":"product_cat-signet-koleksiyonu","7":"product_cat-yuzuk","9":"first","10":"instock","11":"shipping-taxable","12":"purchasable","13":"product-type-variable"},"_links":{"self":[{"href":"https:\/\/brothersjewellery.com\/en\/wp-json\/wp\/v2\/product\/1877","targetHints":{"allow":["GET"]}}],"collection":[{"href":"https:\/\/brothersjewellery.com\/en\/wp-json\/wp\/v2\/product"}],"about":[{"href":"https:\/\/brothersjewellery.com\/en\/wp-json\/wp\/v2\/types\/product"}],"replies":[{"embeddable":true,"href":"https:\/\/brothersjewellery.com\/en\/wp-json\/wp\/v2\/comments?post=1877"}],"wp:featuredmedia":[{"embeddable":true,"href":"https:\/\/brothersjewellery.com\/en\/wp-json\/wp\/v2\/media\/1852"}],"wp:attachment":[{"href":"https:\/\/brothersjewellery.com\/en\/wp-json\/wp\/v2\/media?parent=1877"}],"wp:term":[{"taxonomy":"product_brand","embeddable":true,"href":"https:\/\/brothersjewellery.com\/en\/wp-json\/wp\/v2\/product_brand?post=1877"},{"taxonomy":"product_cat","embeddable":true,"href":"https:\/\/brothersjewellery.com\/en\/wp-json\/wp\/v2\/product_cat?post=1877"},{"taxonomy":"product_tag","embeddable":true,"href":"https:\/\/brothersjewellery.com\/en\/wp-json\/wp\/v2\/product_tag?post=1877"}],"curies":[{"name":"wp","href":"https:\/\/api.w.org\/{rel}","templated":true}]}}