{"id":1878,"date":"2026-03-03T07:01:11","date_gmt":"2026-03-03T04:01:11","guid":{"rendered":"https:\/\/brothersjewellery.com\/urun\/149-tundra-block\/"},"modified":"2026-04-01T01:09:05","modified_gmt":"2026-03-31T22:09:05","slug":"149-tundra-block","status":"publish","type":"product","link":"https:\/\/brothersjewellery.com\/en\/product\/149-tundra-block\/","title":{"rendered":"149- Tundra Block"},"content":{"rendered":"","protected":false},"excerpt":{"rendered":"<p>Tundra Block, Kuzey co\u011frafyas\u0131n\u0131n ham ve sert y\u00fczeylerinden ilham alan minimal bir tasar\u0131md\u0131r.<br \/>\nG\u00f6vde bilin\u00e7li olarak p\u00fcr\u00fczl\u00fc b\u0131rak\u0131lm\u0131\u015ft\u0131r. \u0130\u015flenmi\u015f de\u011fil; \u015fekillendirilmi\u015f bir k\u00fctle hissi verir. \u00dcst b\u00f6l\u00fcmde yer alan kare mine (emaye) y\u00fczey, bu ham yap\u0131n\u0131n i\u00e7inde net bir renk blo\u011fu olarak konumlan\u0131r. Geometri ile dokunun kar\u015f\u0131tl\u0131\u011f\u0131 tasar\u0131m\u0131n temel karakterini olu\u015fturur.<br \/>\nMinimal, a\u011f\u0131rba\u015fl\u0131 ve kararl\u0131.<br \/>\nMerkezdeki mine rengi de\u011fi\u015ftirilebilir. Se\u00e7ilen ton, y\u00fcz\u00fc\u011f\u00fcn ruhunu belirgin \u015fekilde d\u00f6n\u00fc\u015ft\u00fcr\u00fcr \u2014 koyu tonlar daha sert bir ifade sunarken, canl\u0131 renkler daha modern bir kontrast yarat\u0131r.<br \/>\nEl i\u015f\u00e7ili\u011fiyle \u00fcretilmi\u015ftir. Y\u00fczey dokusunda do\u011fal farkl\u0131l\u0131klar bulunur; her par\u00e7a kendine \u00f6zg\u00fcd\u00fcr.<br \/>\nThe Brothers Jewellery \u2013 Kapal\u0131\u00e7ar\u015f\u0131 at\u00f6lye \u00fcretimi.<br \/>\nTundra Block, g\u00f6steri\u015f yerine formu tercih edenler i\u00e7in tasarland\u0131.<\/p>","protected":false},"featured_media":1856,"comment_status":"open","ping_status":"closed","template":"","meta":[],"product_brand":[],"product_cat":[73,54],"product_tag":[],"class_list":{"0":"post-1878","1":"product","2":"type-product","3":"status-publish","4":"has-post-thumbnail","6":"product_cat-signet-koleksiyonu","7":"product_cat-yuzuk","9":"first","10":"instock","11":"shipping-taxable","12":"purchasable","13":"product-type-variable"},"_links":{"self":[{"href":"https:\/\/brothersjewellery.com\/en\/wp-json\/wp\/v2\/product\/1878","targetHints":{"allow":["GET"]}}],"collection":[{"href":"https:\/\/brothersjewellery.com\/en\/wp-json\/wp\/v2\/product"}],"about":[{"href":"https:\/\/brothersjewellery.com\/en\/wp-json\/wp\/v2\/types\/product"}],"replies":[{"embeddable":true,"href":"https:\/\/brothersjewellery.com\/en\/wp-json\/wp\/v2\/comments?post=1878"}],"wp:featuredmedia":[{"embeddable":true,"href":"https:\/\/brothersjewellery.com\/en\/wp-json\/wp\/v2\/media\/1856"}],"wp:attachment":[{"href":"https:\/\/brothersjewellery.com\/en\/wp-json\/wp\/v2\/media?parent=1878"}],"wp:term":[{"taxonomy":"product_brand","embeddable":true,"href":"https:\/\/brothersjewellery.com\/en\/wp-json\/wp\/v2\/product_brand?post=1878"},{"taxonomy":"product_cat","embeddable":true,"href":"https:\/\/brothersjewellery.com\/en\/wp-json\/wp\/v2\/product_cat?post=1878"},{"taxonomy":"product_tag","embeddable":true,"href":"https:\/\/brothersjewellery.com\/en\/wp-json\/wp\/v2\/product_tag?post=1878"}],"curies":[{"name":"wp","href":"https:\/\/api.w.org\/{rel}","templated":true}]}}