{"id":1881,"date":"2026-03-03T07:02:41","date_gmt":"2026-03-03T04:02:41","guid":{"rendered":"https:\/\/brothersjewellery.com\/urun\/141-desert-cross-pendant-2\/"},"modified":"2026-04-01T01:08:54","modified_gmt":"2026-03-31T22:08:54","slug":"141-desert-cross-pendant-2","status":"publish","type":"product","link":"https:\/\/brothersjewellery.com\/en\/product\/141-desert-cross-pendant-2\/","title":{"rendered":"141- Desert Cross Pendant"},"content":{"rendered":"","protected":false},"excerpt":{"rendered":"<p>Sade ama g\u00fc\u00e7l\u00fc bir tribal formdur. Sivri u\u00e7lu ha\u00e7 zemini ve merkezden y\u00fckselen g\u00fcverseleriyle arkaik bir denge kurar. K\u00fcresel detaylar hacim kazand\u0131r\u0131rken oksitli koyu y\u00fczey tasar\u0131ma sert ve zamans\u0131z bir karakter verir.<\/p>\n<p>7,13 gram a\u011f\u0131rl\u0131\u011f\u0131ndaki kompakt yap\u0131s\u0131 boyunda net bir duru\u015f sa\u011flar. G\u00f6steri\u015fli de\u011fil; g\u00fc\u00e7l\u00fc ve kararl\u0131.<\/p>\n<p>The Brothers Jewellery\u2019nin Kapal\u0131\u00e7ar\u015f\u0131\u2019daki at\u00f6lyesinde el i\u015f\u00e7ili\u011fiyle \u00fcretilmi\u015ftir. Her par\u00e7a y\u00fczey dokusuyla kendine \u00f6zg\u00fcd\u00fcr.<\/p>\n<p>Desert Cross, sembol\u00fcn en yal\u0131n ve en sert h\u00e2lidir.<\/p>","protected":false},"featured_media":1824,"comment_status":"open","ping_status":"closed","template":"","meta":[],"product_brand":[],"product_cat":[65],"product_tag":[],"class_list":{"0":"post-1881","1":"product","2":"type-product","3":"status-publish","4":"has-post-thumbnail","6":"product_cat-kolye","8":"first","9":"instock","10":"shipping-taxable","11":"purchasable","12":"product-type-variable"},"_links":{"self":[{"href":"https:\/\/brothersjewellery.com\/en\/wp-json\/wp\/v2\/product\/1881","targetHints":{"allow":["GET"]}}],"collection":[{"href":"https:\/\/brothersjewellery.com\/en\/wp-json\/wp\/v2\/product"}],"about":[{"href":"https:\/\/brothersjewellery.com\/en\/wp-json\/wp\/v2\/types\/product"}],"replies":[{"embeddable":true,"href":"https:\/\/brothersjewellery.com\/en\/wp-json\/wp\/v2\/comments?post=1881"}],"wp:featuredmedia":[{"embeddable":true,"href":"https:\/\/brothersjewellery.com\/en\/wp-json\/wp\/v2\/media\/1824"}],"wp:attachment":[{"href":"https:\/\/brothersjewellery.com\/en\/wp-json\/wp\/v2\/media?parent=1881"}],"wp:term":[{"taxonomy":"product_brand","embeddable":true,"href":"https:\/\/brothersjewellery.com\/en\/wp-json\/wp\/v2\/product_brand?post=1881"},{"taxonomy":"product_cat","embeddable":true,"href":"https:\/\/brothersjewellery.com\/en\/wp-json\/wp\/v2\/product_cat?post=1881"},{"taxonomy":"product_tag","embeddable":true,"href":"https:\/\/brothersjewellery.com\/en\/wp-json\/wp\/v2\/product_tag?post=1881"}],"curies":[{"name":"wp","href":"https:\/\/api.w.org\/{rel}","templated":true}]}}