{"id":1972,"date":"2026-03-31T00:34:22","date_gmt":"2026-03-30T21:34:22","guid":{"rendered":"https:\/\/brothersjewellery.com\/urun\/155-baroque-noble-ring\/"},"modified":"2026-04-01T01:08:49","modified_gmt":"2026-03-31T22:08:49","slug":"155-baroque-noble-ring","status":"publish","type":"product","link":"https:\/\/brothersjewellery.com\/en\/product\/155-baroque-noble-ring\/","title":{"rendered":"155- Baroque Noble Ring"},"content":{"rendered":"","protected":false},"excerpt":{"rendered":"<p>Klasik signet formu, y\u00fczeydeki iki farkl\u0131 karakterle modern ve dekoratif bir yorum kazan\u0131r. \u00dcst b\u00f6l\u00fcmdeki mat y\u00fczey, sade ve dengeli bir g\u00f6r\u00fcn\u00fcm sunarken k\u00f6\u015fede yer alan kabartma spiral motif y\u00fcz\u00fc\u011fe hareket ve derinlik kazand\u0131r\u0131r. Bu iki farkl\u0131 y\u00fczeyin olu\u015fturdu\u011fu kontrast, tasar\u0131m\u0131n karakterini belirginle\u015ftirir. Yan k\u0131s\u0131mlardaki barok esintili kabartma detaylar ise y\u00fcz\u00fc\u011fe g\u00fc\u00e7l\u00fc bir vintage atmosfer katar. Kapal\u0131\u00e7ar\u015f\u0131\u2019n\u0131n k\u00f6kl\u00fc zanaatk\u00e2rl\u0131k gelene\u011fi i\u00e7inde el i\u015f\u00e7ili\u011fiyle \u00fcretilmi\u015f bu y\u00fcz\u00fck, klasik signet anlay\u0131\u015f\u0131n\u0131 \u00f6zg\u00fcn bir tasar\u0131m diliyle bulu\u015fturan zamans\u0131z bir par\u00e7ad\u0131r.<\/p>","protected":false},"featured_media":1898,"comment_status":"open","ping_status":"closed","template":"","meta":[],"product_brand":[],"product_cat":[54],"product_tag":[],"class_list":{"0":"post-1972","1":"product","2":"type-product","3":"status-publish","4":"has-post-thumbnail","6":"product_cat-yuzuk","8":"first","9":"instock","10":"shipping-taxable","11":"purchasable","12":"product-type-variable"},"_links":{"self":[{"href":"https:\/\/brothersjewellery.com\/en\/wp-json\/wp\/v2\/product\/1972","targetHints":{"allow":["GET"]}}],"collection":[{"href":"https:\/\/brothersjewellery.com\/en\/wp-json\/wp\/v2\/product"}],"about":[{"href":"https:\/\/brothersjewellery.com\/en\/wp-json\/wp\/v2\/types\/product"}],"replies":[{"embeddable":true,"href":"https:\/\/brothersjewellery.com\/en\/wp-json\/wp\/v2\/comments?post=1972"}],"wp:featuredmedia":[{"embeddable":true,"href":"https:\/\/brothersjewellery.com\/en\/wp-json\/wp\/v2\/media\/1898"}],"wp:attachment":[{"href":"https:\/\/brothersjewellery.com\/en\/wp-json\/wp\/v2\/media?parent=1972"}],"wp:term":[{"taxonomy":"product_brand","embeddable":true,"href":"https:\/\/brothersjewellery.com\/en\/wp-json\/wp\/v2\/product_brand?post=1972"},{"taxonomy":"product_cat","embeddable":true,"href":"https:\/\/brothersjewellery.com\/en\/wp-json\/wp\/v2\/product_cat?post=1972"},{"taxonomy":"product_tag","embeddable":true,"href":"https:\/\/brothersjewellery.com\/en\/wp-json\/wp\/v2\/product_tag?post=1972"}],"curies":[{"name":"wp","href":"https:\/\/api.w.org\/{rel}","templated":true}]}}