{"id":1973,"date":"2026-03-31T00:34:22","date_gmt":"2026-03-30T21:34:22","guid":{"rendered":"https:\/\/brothersjewellery.com\/urun\/156-seljuk-signet-ring\/"},"modified":"2026-04-01T01:08:48","modified_gmt":"2026-03-31T22:08:48","slug":"156-seljuk-signet-ring","status":"publish","type":"product","link":"https:\/\/brothersjewellery.com\/en\/product\/156-seljuk-signet-ring\/","title":{"rendered":"156- Seljuk Signet ring"},"content":{"rendered":"","protected":false},"excerpt":{"rendered":"<p>Anadolu Sel\u00e7uklu Devleti\u2019nin g\u00fcc\u00fc ve h\u00e2kimiyet anlay\u0131\u015f\u0131n\u0131 simgeleyen \u00e7ift ba\u015fl\u0131 kartal motifi, bu y\u00fcz\u00fc\u011f\u00fcn merkezinde g\u00fc\u00e7l\u00fc bir sembol olarak yer al\u0131r. Mat y\u00fczey \u00fczerine i\u015flenen kartal fig\u00fcr\u00fc, tarihsel bir miras\u0131 modern bir yorumla bir araya getirir. Yan k\u0131s\u0131mlardaki detayl\u0131 kabartma motifler y\u00fcz\u00fc\u011fe derinlik kazand\u0131r\u0131rken tasar\u0131m\u0131n vintage karakterini g\u00fc\u00e7lendirir. Kapal\u0131\u00e7ar\u015f\u0131\u2019n\u0131n k\u00f6kl\u00fc zanaatk\u00e2rl\u0131k gelene\u011fi i\u00e7inde el i\u015f\u00e7ili\u011fiyle \u00fcretilmi\u015f olan bu y\u00fcz\u00fck, Anadolu Sel\u00e7uklu sanat\u0131n\u0131n sembolik g\u00fcc\u00fcn\u00fc ta\u015f\u0131yan zamans\u0131z ve karakterli bir par\u00e7ad\u0131r<\/p>","protected":false},"featured_media":1902,"comment_status":"open","ping_status":"closed","template":"","meta":[],"product_brand":[],"product_cat":[54],"product_tag":[],"class_list":{"0":"post-1973","1":"product","2":"type-product","3":"status-publish","4":"has-post-thumbnail","6":"product_cat-yuzuk","8":"first","9":"instock","10":"shipping-taxable","11":"purchasable","12":"product-type-variable"},"_links":{"self":[{"href":"https:\/\/brothersjewellery.com\/en\/wp-json\/wp\/v2\/product\/1973","targetHints":{"allow":["GET"]}}],"collection":[{"href":"https:\/\/brothersjewellery.com\/en\/wp-json\/wp\/v2\/product"}],"about":[{"href":"https:\/\/brothersjewellery.com\/en\/wp-json\/wp\/v2\/types\/product"}],"replies":[{"embeddable":true,"href":"https:\/\/brothersjewellery.com\/en\/wp-json\/wp\/v2\/comments?post=1973"}],"wp:featuredmedia":[{"embeddable":true,"href":"https:\/\/brothersjewellery.com\/en\/wp-json\/wp\/v2\/media\/1902"}],"wp:attachment":[{"href":"https:\/\/brothersjewellery.com\/en\/wp-json\/wp\/v2\/media?parent=1973"}],"wp:term":[{"taxonomy":"product_brand","embeddable":true,"href":"https:\/\/brothersjewellery.com\/en\/wp-json\/wp\/v2\/product_brand?post=1973"},{"taxonomy":"product_cat","embeddable":true,"href":"https:\/\/brothersjewellery.com\/en\/wp-json\/wp\/v2\/product_cat?post=1973"},{"taxonomy":"product_tag","embeddable":true,"href":"https:\/\/brothersjewellery.com\/en\/wp-json\/wp\/v2\/product_tag?post=1973"}],"curies":[{"name":"wp","href":"https:\/\/api.w.org\/{rel}","templated":true}]}}