{"id":1975,"date":"2026-03-31T00:34:22","date_gmt":"2026-03-30T21:34:22","guid":{"rendered":"https:\/\/brothersjewellery.com\/urun\/158-lion-noble-ring\/"},"modified":"2026-04-01T01:08:38","modified_gmt":"2026-03-31T22:08:38","slug":"158-lion-noble-ring","status":"publish","type":"product","link":"https:\/\/brothersjewellery.com\/en\/product\/158-lion-noble-ring\/","title":{"rendered":"158- Lion Noble Ring"},"content":{"rendered":"","protected":false},"excerpt":{"rendered":"<p>G\u00fc\u00e7, cesaret ve asaletin sembol\u00fc olan aslan fig\u00fcr\u00fc, bu y\u00fcz\u00fc\u011f\u00fcn merkezinde yer alan kabartma arma tasar\u0131m\u0131yla dikkat \u00e7ekici bir karakter kazan\u0131r. Mat dokulu \u00fcst y\u00fczey \u00fczerinde yer alan ta\u00e7l\u0131 aslan motifi, y\u00fcz\u00fc\u011fe g\u00fc\u00e7l\u00fc ve aristokratik bir ifade katarken yan k\u0131s\u0131mlardaki detayl\u0131 kabartma desenler tasar\u0131ma derinlik ve zengin bir vintage atmosfer kazand\u0131r\u0131r. Klasik signet formuyla tasarlanan bu y\u00fcz\u00fck, tarihsel sembollerin g\u00fc\u00e7l\u00fc esteti\u011fini modern bir yorumla bir araya getirir. Kapal\u0131\u00e7ar\u015f\u0131\u2019n\u0131n k\u00f6kl\u00fc zanaatk\u00e2rl\u0131k gelene\u011fi i\u00e7inde el i\u015f\u00e7ili\u011fiyle \u00fcretilmi\u015f olan bu par\u00e7a, karakterli ve zamans\u0131z bir stil arayanlar i\u00e7in dikkat \u00e7ekici bir tasar\u0131m sunar.<\/p>","protected":false},"featured_media":1910,"comment_status":"open","ping_status":"closed","template":"","meta":[],"product_brand":[],"product_cat":[54],"product_tag":[],"class_list":{"0":"post-1975","1":"product","2":"type-product","3":"status-publish","4":"has-post-thumbnail","6":"product_cat-yuzuk","8":"first","9":"instock","10":"shipping-taxable","11":"purchasable","12":"product-type-variable"},"_links":{"self":[{"href":"https:\/\/brothersjewellery.com\/en\/wp-json\/wp\/v2\/product\/1975","targetHints":{"allow":["GET"]}}],"collection":[{"href":"https:\/\/brothersjewellery.com\/en\/wp-json\/wp\/v2\/product"}],"about":[{"href":"https:\/\/brothersjewellery.com\/en\/wp-json\/wp\/v2\/types\/product"}],"replies":[{"embeddable":true,"href":"https:\/\/brothersjewellery.com\/en\/wp-json\/wp\/v2\/comments?post=1975"}],"wp:featuredmedia":[{"embeddable":true,"href":"https:\/\/brothersjewellery.com\/en\/wp-json\/wp\/v2\/media\/1910"}],"wp:attachment":[{"href":"https:\/\/brothersjewellery.com\/en\/wp-json\/wp\/v2\/media?parent=1975"}],"wp:term":[{"taxonomy":"product_brand","embeddable":true,"href":"https:\/\/brothersjewellery.com\/en\/wp-json\/wp\/v2\/product_brand?post=1975"},{"taxonomy":"product_cat","embeddable":true,"href":"https:\/\/brothersjewellery.com\/en\/wp-json\/wp\/v2\/product_cat?post=1975"},{"taxonomy":"product_tag","embeddable":true,"href":"https:\/\/brothersjewellery.com\/en\/wp-json\/wp\/v2\/product_tag?post=1975"}],"curies":[{"name":"wp","href":"https:\/\/api.w.org\/{rel}","templated":true}]}}