{"id":1976,"date":"2026-03-31T00:34:22","date_gmt":"2026-03-30T21:34:22","guid":{"rendered":"https:\/\/brothersjewellery.com\/urun\/159-rococo-signet-ring\/"},"modified":"2026-04-01T01:08:37","modified_gmt":"2026-03-31T22:08:37","slug":"159-rococo-signet-ring","status":"publish","type":"product","link":"https:\/\/brothersjewellery.com\/en\/product\/159-rococo-signet-ring\/","title":{"rendered":"159-  Rococo Signet ring"},"content":{"rendered":"","protected":false},"excerpt":{"rendered":"<p>Rokoko ve Viktoryen d\u00f6nem esteti\u011finden ilham alan bu signet y\u00fcz\u00fck, zarif k\u0131vr\u0131ml\u0131 motifleri ve dekoratif kabartmalar\u0131yla klasik bir aristokratik karakter ta\u015f\u0131r. Mat dokulu \u00fcst y\u00fczey, y\u00fcz\u00fc\u011fe dengeli ve sade bir zemin olu\u015ftururken k\u00f6\u015felerde yer alan ince rokoko s\u00fcslemeler tasar\u0131ma hareket ve zarafet katar. Yan k\u0131s\u0131mlardaki detayl\u0131 kabartma desenler ise Viktoryen d\u00f6nem tak\u0131lar\u0131nda g\u00f6r\u00fclen zengin ve heykelsi esteti\u011fi yans\u0131t\u0131r.<br \/>\nKlasik signet formu ile tarihi s\u00fcsleme sanat\u0131n\u0131n birle\u015fti\u011fi bu y\u00fcz\u00fck, hem g\u00fc\u00e7l\u00fc hem de rafine bir stil sunar. Kapal\u0131\u00e7ar\u015f\u0131\u2019n\u0131n k\u00f6kl\u00fc zanaatk\u00e2rl\u0131k gelene\u011fi i\u00e7inde el i\u015f\u00e7ili\u011fiyle \u00fcretilmi\u015f olan bu par\u00e7a, vintage karakteri ve zamans\u0131z duru\u015fuyla dikkat \u00e7eken \u00f6zg\u00fcn bir tasar\u0131md\u0131r.<\/p>","protected":false},"featured_media":1914,"comment_status":"open","ping_status":"closed","template":"","meta":[],"product_brand":[],"product_cat":[54],"product_tag":[],"class_list":{"0":"post-1976","1":"product","2":"type-product","3":"status-publish","4":"has-post-thumbnail","6":"product_cat-yuzuk","8":"first","9":"instock","10":"shipping-taxable","11":"purchasable","12":"product-type-variable"},"_links":{"self":[{"href":"https:\/\/brothersjewellery.com\/en\/wp-json\/wp\/v2\/product\/1976","targetHints":{"allow":["GET"]}}],"collection":[{"href":"https:\/\/brothersjewellery.com\/en\/wp-json\/wp\/v2\/product"}],"about":[{"href":"https:\/\/brothersjewellery.com\/en\/wp-json\/wp\/v2\/types\/product"}],"replies":[{"embeddable":true,"href":"https:\/\/brothersjewellery.com\/en\/wp-json\/wp\/v2\/comments?post=1976"}],"wp:featuredmedia":[{"embeddable":true,"href":"https:\/\/brothersjewellery.com\/en\/wp-json\/wp\/v2\/media\/1914"}],"wp:attachment":[{"href":"https:\/\/brothersjewellery.com\/en\/wp-json\/wp\/v2\/media?parent=1976"}],"wp:term":[{"taxonomy":"product_brand","embeddable":true,"href":"https:\/\/brothersjewellery.com\/en\/wp-json\/wp\/v2\/product_brand?post=1976"},{"taxonomy":"product_cat","embeddable":true,"href":"https:\/\/brothersjewellery.com\/en\/wp-json\/wp\/v2\/product_cat?post=1976"},{"taxonomy":"product_tag","embeddable":true,"href":"https:\/\/brothersjewellery.com\/en\/wp-json\/wp\/v2\/product_tag?post=1976"}],"curies":[{"name":"wp","href":"https:\/\/api.w.org\/{rel}","templated":true}]}}