{"id":1977,"date":"2026-03-31T00:34:22","date_gmt":"2026-03-30T21:34:22","guid":{"rendered":"https:\/\/brothersjewellery.com\/urun\/160-spoon-curve\/"},"modified":"2026-04-01T01:08:27","modified_gmt":"2026-03-31T22:08:27","slug":"160-spoon-curve","status":"publish","type":"product","link":"https:\/\/brothersjewellery.com\/en\/product\/160-spoon-curve\/","title":{"rendered":"160- Spoon Curve"},"content":{"rendered":"","protected":false},"excerpt":{"rendered":"<p>Yumu\u015fak ve ak\u0131\u015fkan formuyla \u00f6ne \u00e7\u0131kan bu y\u00fcz\u00fck, klasik signet y\u00fcz\u00fck anlay\u0131\u015f\u0131na modern ve minimal bir yorum getirir. Ka\u015f k\u0131sm\u0131nda yer alan oval y\u00fczey, g\u00f6vdeyle kesintisiz bir k\u0131vr\u0131m i\u00e7inde birle\u015ferek tasar\u0131ma heykelsi bir karakter kazand\u0131r\u0131r. \u201cSpoon curve\u201d olarak adland\u0131r\u0131lan bu ak\u0131c\u0131 form, y\u00fcz\u00fc\u011fe sade ama g\u00fc\u00e7l\u00fc bir siluet verir.<br \/>\nParlak y\u00fczey dokusu ve yumu\u015fak hatlar\u0131 sayesinde hem g\u00fcnl\u00fck kullan\u0131mda hem de minimal stil tercih edenler i\u00e7in zarif bir tamamlay\u0131c\u0131d\u0131r. Kapal\u0131\u00e7ar\u015f\u0131\u2019n\u0131n k\u00f6kl\u00fc zanaatk\u00e2rl\u0131k gelene\u011fi i\u00e7inde el i\u015f\u00e7ili\u011fiyle \u00fcretilmi\u015f olan bu y\u00fcz\u00fck, sade tasar\u0131m\u0131n zamans\u0131z esteti\u011fini yans\u0131tan modern bir par\u00e7ad\u0131r<\/p>","protected":false},"featured_media":1918,"comment_status":"open","ping_status":"closed","template":"","meta":[],"product_brand":[],"product_cat":[54],"product_tag":[],"class_list":{"0":"post-1977","1":"product","2":"type-product","3":"status-publish","4":"has-post-thumbnail","6":"product_cat-yuzuk","8":"first","9":"instock","10":"shipping-taxable","11":"purchasable","12":"product-type-variable"},"_links":{"self":[{"href":"https:\/\/brothersjewellery.com\/en\/wp-json\/wp\/v2\/product\/1977","targetHints":{"allow":["GET"]}}],"collection":[{"href":"https:\/\/brothersjewellery.com\/en\/wp-json\/wp\/v2\/product"}],"about":[{"href":"https:\/\/brothersjewellery.com\/en\/wp-json\/wp\/v2\/types\/product"}],"replies":[{"embeddable":true,"href":"https:\/\/brothersjewellery.com\/en\/wp-json\/wp\/v2\/comments?post=1977"}],"wp:featuredmedia":[{"embeddable":true,"href":"https:\/\/brothersjewellery.com\/en\/wp-json\/wp\/v2\/media\/1918"}],"wp:attachment":[{"href":"https:\/\/brothersjewellery.com\/en\/wp-json\/wp\/v2\/media?parent=1977"}],"wp:term":[{"taxonomy":"product_brand","embeddable":true,"href":"https:\/\/brothersjewellery.com\/en\/wp-json\/wp\/v2\/product_brand?post=1977"},{"taxonomy":"product_cat","embeddable":true,"href":"https:\/\/brothersjewellery.com\/en\/wp-json\/wp\/v2\/product_cat?post=1977"},{"taxonomy":"product_tag","embeddable":true,"href":"https:\/\/brothersjewellery.com\/en\/wp-json\/wp\/v2\/product_tag?post=1977"}],"curies":[{"name":"wp","href":"https:\/\/api.w.org\/{rel}","templated":true}]}}