{"id":1978,"date":"2026-03-31T00:34:22","date_gmt":"2026-03-30T21:34:22","guid":{"rendered":"https:\/\/brothersjewellery.com\/urun\/161-tribal-breeze\/"},"modified":"2026-04-01T01:08:27","modified_gmt":"2026-03-31T22:08:27","slug":"161-tribal-breeze","status":"publish","type":"product","link":"https:\/\/brothersjewellery.com\/en\/product\/161-tribal-breeze\/","title":{"rendered":"161- Tribal Breeze"},"content":{"rendered":"","protected":false},"excerpt":{"rendered":"<p>Sade formu ve ritmik spiral motifleriyle \u00f6ne \u00e7\u0131kan bu y\u00fcz\u00fck, etnik ve geleneksel s\u00fcsleme sanat\u0131ndan ilham alan karakterli bir tasar\u0131m sunar. Y\u00fczey boyunca devam eden spiral kabartmalar, y\u00fcz\u00fc\u011fe hareketli ve g\u00fc\u00e7l\u00fc bir g\u00f6rsel ritim kazand\u0131r\u0131rken koyu oksit detaylar motiflerin derinli\u011fini belirgin hale getirir.<br \/>\nMinimal bir bant formuna sahip olmas\u0131na ra\u011fmen dekoratif spiral desenler sayesinde dikkat \u00e7ekici bir estetik sunan bu y\u00fcz\u00fck, hem g\u00fcnl\u00fck kullan\u0131m hem de etnik tarz\u0131 sevenler i\u00e7in zamans\u0131z bir stil tamamlay\u0131c\u0131s\u0131d\u0131r. Kapal\u0131\u00e7ar\u015f\u0131\u2019n\u0131n k\u00f6kl\u00fc zanaatk\u00e2rl\u0131k gelene\u011fi i\u00e7inde el i\u015f\u00e7ili\u011fiyle \u00fcretilmi\u015f olan bu par\u00e7a, geleneksel motiflerin modern bir yorumla bulu\u015ftu\u011fu \u00f6zg\u00fcn bir tasar\u0131m niteli\u011findedir.<\/p>","protected":false},"featured_media":1923,"comment_status":"open","ping_status":"closed","template":"","meta":[],"product_brand":[],"product_cat":[54],"product_tag":[],"class_list":{"0":"post-1978","1":"product","2":"type-product","3":"status-publish","4":"has-post-thumbnail","6":"product_cat-yuzuk","8":"first","9":"instock","10":"shipping-taxable","11":"purchasable","12":"product-type-variable"},"_links":{"self":[{"href":"https:\/\/brothersjewellery.com\/en\/wp-json\/wp\/v2\/product\/1978","targetHints":{"allow":["GET"]}}],"collection":[{"href":"https:\/\/brothersjewellery.com\/en\/wp-json\/wp\/v2\/product"}],"about":[{"href":"https:\/\/brothersjewellery.com\/en\/wp-json\/wp\/v2\/types\/product"}],"replies":[{"embeddable":true,"href":"https:\/\/brothersjewellery.com\/en\/wp-json\/wp\/v2\/comments?post=1978"}],"wp:featuredmedia":[{"embeddable":true,"href":"https:\/\/brothersjewellery.com\/en\/wp-json\/wp\/v2\/media\/1923"}],"wp:attachment":[{"href":"https:\/\/brothersjewellery.com\/en\/wp-json\/wp\/v2\/media?parent=1978"}],"wp:term":[{"taxonomy":"product_brand","embeddable":true,"href":"https:\/\/brothersjewellery.com\/en\/wp-json\/wp\/v2\/product_brand?post=1978"},{"taxonomy":"product_cat","embeddable":true,"href":"https:\/\/brothersjewellery.com\/en\/wp-json\/wp\/v2\/product_cat?post=1978"},{"taxonomy":"product_tag","embeddable":true,"href":"https:\/\/brothersjewellery.com\/en\/wp-json\/wp\/v2\/product_tag?post=1978"}],"curies":[{"name":"wp","href":"https:\/\/api.w.org\/{rel}","templated":true}]}}