{"id":1979,"date":"2026-03-31T00:34:22","date_gmt":"2026-03-30T21:34:22","guid":{"rendered":"https:\/\/brothersjewellery.com\/urun\/162-konstantiniyye-1453\/"},"modified":"2026-04-01T01:08:17","modified_gmt":"2026-03-31T22:08:17","slug":"162-konstantiniyye-1453","status":"publish","type":"product","link":"https:\/\/brothersjewellery.com\/en\/product\/162-konstantiniyye-1453\/","title":{"rendered":"162- Konstantiniyye 1453"},"content":{"rendered":"","protected":false},"excerpt":{"rendered":"<p>Bu y\u00fcz\u00fck, bir fig\u00fcr\u00fc de\u011fil bir fikri temsil eder:<br \/>\nmedeniyetlerin kesi\u015fti\u011fi \u015fehir.<br \/>\nTarihte Roma, Bizans ve Osmanl\u0131 gibi b\u00fcy\u00fck uygarl\u0131klar\u0131n merkezi olan Konstantiniyye, Do\u011fu ile Bat\u0131\u2019n\u0131n ayn\u0131 mek\u00e2nda bulu\u015ftu\u011fu nadir \u015fehirlerden biridir. Bu y\u00fcz\u00fck de tam olarak bu d\u00fc\u015f\u00fcnceden do\u011far.<br \/>\nY\u00fcz\u00fc\u011f\u00fcn tepe k\u0131sm\u0131ndaki antik sikke formu, Akdeniz medeniyetlerinin sembolik miras\u0131n\u0131 ta\u015f\u0131r. Antik d\u00fcnyan\u0131n g\u00fc\u00e7l\u00fc ve yal\u0131n estetik dili, kabartma formuyla y\u00fcz\u00fc\u011f\u00fcn merkezinde yer al\u0131r.<br \/>\nG\u00f6vde \u00fczerinde yer alan rum\u00ee tarz\u0131 el kalemi grav\u00fcrler ise Anadolu ve \u0130slam sanat\u0131n\u0131n ak\u0131\u015fkan \u00e7izgilerini temsil eder. Sonsuzluk fikrini ta\u015f\u0131yan bu motifler, sert ve arkaik sikke esteti\u011fiyle birle\u015ferek iki farkl\u0131 sanat gelene\u011fini ayn\u0131 formda bulu\u015fturur.<br \/>\nOrtaya \u00e7\u0131kan tasar\u0131m, yaln\u0131zca bir y\u00fcz\u00fck de\u011fil;<br \/>\nfarkl\u0131 medeniyetlerin estetik haf\u0131zas\u0131n\u0131 ta\u015f\u0131yan bir obje niteli\u011findedir.<br \/>\nKapal\u0131\u00e7ar\u015f\u0131\u2019n\u0131n y\u00fczy\u0131llard\u0131r s\u00fcren zanaat gelene\u011fi i\u00e7inde haz\u0131rlanan bu par\u00e7a, el i\u015f\u00e7ili\u011finin karakterini ve zamans\u0131z bir tasar\u0131m anlay\u0131\u015f\u0131n\u0131 yans\u0131t\u0131r.<br \/>\nKonstantiniyye 1453, ge\u00e7mi\u015f ile bug\u00fcn\u00fcn ayn\u0131 formda bulu\u015ftu\u011fu bir tasar\u0131m ifadesidir.<\/p>","protected":false},"featured_media":1927,"comment_status":"open","ping_status":"closed","template":"","meta":[],"product_brand":[],"product_cat":[54],"product_tag":[],"class_list":{"0":"post-1979","1":"product","2":"type-product","3":"status-publish","4":"has-post-thumbnail","6":"product_cat-yuzuk","8":"first","9":"instock","10":"shipping-taxable","11":"purchasable","12":"product-type-variable"},"_links":{"self":[{"href":"https:\/\/brothersjewellery.com\/en\/wp-json\/wp\/v2\/product\/1979","targetHints":{"allow":["GET"]}}],"collection":[{"href":"https:\/\/brothersjewellery.com\/en\/wp-json\/wp\/v2\/product"}],"about":[{"href":"https:\/\/brothersjewellery.com\/en\/wp-json\/wp\/v2\/types\/product"}],"replies":[{"embeddable":true,"href":"https:\/\/brothersjewellery.com\/en\/wp-json\/wp\/v2\/comments?post=1979"}],"wp:featuredmedia":[{"embeddable":true,"href":"https:\/\/brothersjewellery.com\/en\/wp-json\/wp\/v2\/media\/1927"}],"wp:attachment":[{"href":"https:\/\/brothersjewellery.com\/en\/wp-json\/wp\/v2\/media?parent=1979"}],"wp:term":[{"taxonomy":"product_brand","embeddable":true,"href":"https:\/\/brothersjewellery.com\/en\/wp-json\/wp\/v2\/product_brand?post=1979"},{"taxonomy":"product_cat","embeddable":true,"href":"https:\/\/brothersjewellery.com\/en\/wp-json\/wp\/v2\/product_cat?post=1979"},{"taxonomy":"product_tag","embeddable":true,"href":"https:\/\/brothersjewellery.com\/en\/wp-json\/wp\/v2\/product_tag?post=1979"}],"curies":[{"name":"wp","href":"https:\/\/api.w.org\/{rel}","templated":true}]}}