{"id":1980,"date":"2026-03-31T00:34:22","date_gmt":"2026-03-30T21:34:22","guid":{"rendered":"https:\/\/brothersjewellery.com\/urun\/163-stamboul\/"},"modified":"2026-04-01T01:08:16","modified_gmt":"2026-03-31T22:08:16","slug":"163-stamboul","status":"publish","type":"product","link":"https:\/\/brothersjewellery.com\/en\/product\/163-stamboul\/","title":{"rendered":"163- Stamboul"},"content":{"rendered":"","protected":false},"excerpt":{"rendered":"<p>Baz\u0131 \u015fehirler yaln\u0131zca bir yer de\u011fildir;<br \/>\nmedeniyetlerin bulu\u015ftu\u011fu merkezlerdir.<br \/>\nY\u00fczy\u0131llar boyunca farkl\u0131 k\u00fclt\u00fcrlerin, ticaret yollar\u0131n\u0131n ve imparatorluklar\u0131n kesi\u015fti\u011fi \u015fehir olan \u0130stanbul, Avrupa dillerinde uzun s\u00fcre Stamboul ad\u0131yla an\u0131ld\u0131. Bu y\u00fcz\u00fck, o \u00e7ok katmanl\u0131 tarihsel haf\u0131zay\u0131 estetik bir forma d\u00f6n\u00fc\u015ft\u00fcr\u00fcr.<br \/>\nY\u00fcz\u00fc\u011f\u00fcn tepe k\u0131sm\u0131nda yer alan antik sikke formu, Akdeniz d\u00fcnyas\u0131n\u0131n kadim sembolik dilini temsil eder. Kabartma y\u00fczey, antik metal esteti\u011fini \u00e7a\u011fr\u0131\u015ft\u0131ran g\u00fc\u00e7l\u00fc ve arkaik bir karakter ta\u015f\u0131r.<br \/>\nBu merkezi formu \u00e7evreleyen rum\u00ee tarz\u0131 el kalemi grav\u00fcrler, Anadolu ve \u0130slam sanat\u0131n\u0131n ak\u0131\u015fkan \u00e7izgilerini tasar\u0131ma dahil eder. Sonsuzlu\u011fu ve s\u00fcreklili\u011fi simgeleyen bu motifler, antik d\u00fcnyan\u0131n sikke esteti\u011fiyle birle\u015ferek farkl\u0131 sanat geleneklerini ayn\u0131 y\u00fcz\u00fckte bulu\u015fturur.<br \/>\nOrtaya \u00e7\u0131kan tasar\u0131m tek bir k\u00fclt\u00fcre ait de\u011fildir.<br \/>\nAkdeniz\u2019in antik miras\u0131, Bizans\u2019\u0131n tarihsel katmanlar\u0131 ve Anadolu\u2019nun s\u00fcsleme gelene\u011fi ayn\u0131 form i\u00e7inde birle\u015fir.<br \/>\nKapal\u0131\u00e7ar\u015f\u0131\u2019n\u0131n y\u00fczy\u0131llard\u0131r s\u00fcren zanaat k\u00fclt\u00fcr\u00fc i\u00e7inde haz\u0131rlanan bu par\u00e7a, el i\u015f\u00e7ili\u011finin karakterini ve zamans\u0131z bir tasar\u0131m anlay\u0131\u015f\u0131n\u0131 ta\u015f\u0131r.<br \/>\nStamboul , medeniyetlerin kesi\u015fiminde do\u011fan bir \u015fehrin estetik haf\u0131zas\u0131n\u0131 ta\u015f\u0131yan bir y\u00fcz\u00fckt\u00fcr.<\/p>","protected":false},"featured_media":1931,"comment_status":"open","ping_status":"closed","template":"","meta":[],"product_brand":[],"product_cat":[54],"product_tag":[],"class_list":{"0":"post-1980","1":"product","2":"type-product","3":"status-publish","4":"has-post-thumbnail","6":"product_cat-yuzuk","8":"first","9":"instock","10":"shipping-taxable","11":"purchasable","12":"product-type-variable"},"_links":{"self":[{"href":"https:\/\/brothersjewellery.com\/en\/wp-json\/wp\/v2\/product\/1980","targetHints":{"allow":["GET"]}}],"collection":[{"href":"https:\/\/brothersjewellery.com\/en\/wp-json\/wp\/v2\/product"}],"about":[{"href":"https:\/\/brothersjewellery.com\/en\/wp-json\/wp\/v2\/types\/product"}],"replies":[{"embeddable":true,"href":"https:\/\/brothersjewellery.com\/en\/wp-json\/wp\/v2\/comments?post=1980"}],"wp:featuredmedia":[{"embeddable":true,"href":"https:\/\/brothersjewellery.com\/en\/wp-json\/wp\/v2\/media\/1931"}],"wp:attachment":[{"href":"https:\/\/brothersjewellery.com\/en\/wp-json\/wp\/v2\/media?parent=1980"}],"wp:term":[{"taxonomy":"product_brand","embeddable":true,"href":"https:\/\/brothersjewellery.com\/en\/wp-json\/wp\/v2\/product_brand?post=1980"},{"taxonomy":"product_cat","embeddable":true,"href":"https:\/\/brothersjewellery.com\/en\/wp-json\/wp\/v2\/product_cat?post=1980"},{"taxonomy":"product_tag","embeddable":true,"href":"https:\/\/brothersjewellery.com\/en\/wp-json\/wp\/v2\/product_tag?post=1980"}],"curies":[{"name":"wp","href":"https:\/\/api.w.org\/{rel}","templated":true}]}}