{"id":1981,"date":"2026-03-31T00:34:22","date_gmt":"2026-03-30T21:34:22","guid":{"rendered":"https:\/\/brothersjewellery.com\/urun\/164-porta-aurea\/"},"modified":"2026-04-01T01:08:06","modified_gmt":"2026-03-31T22:08:06","slug":"164-porta-aurea","status":"publish","type":"product","link":"https:\/\/brothersjewellery.com\/en\/product\/164-porta-aurea\/","title":{"rendered":"164- Porta Aurea"},"content":{"rendered":"","protected":false},"excerpt":{"rendered":"<p>Baz\u0131 kap\u0131lar yaln\u0131zca bir giri\u015f de\u011fil, bir \u00e7a\u011f\u0131n sembol\u00fcd\u00fcr.<br \/>\nPorta Aurea, yani \u201cAlt\u0131n Kap\u0131\u201d, Bizans d\u00f6neminde imparatorlar\u0131n zaferle \u015fehre giri\u015f yapt\u0131\u011f\u0131 g\u00f6rkemli ge\u00e7itti. Y\u00fczy\u0131llar boyunca Konstantinopolis\u2019in en ihti\u015faml\u0131 kap\u0131lar\u0131ndan biri olarak kabul edilen bu yap\u0131, g\u00fcc\u00fc, ihti\u015fam\u0131 ve yeni bir ba\u015flang\u0131c\u0131 simgelerdi.<br \/>\nPorta Aurea  y\u00fcz\u00fc\u011f\u00fc, bu tarihsel fikrin modern bir yorumudur. \u00dcst k\u0131sm\u0131ndaki zarif kemer formu, antik mimarinin o g\u00fc\u00e7l\u00fc ge\u00e7it siluetini \u00e7a\u011fr\u0131\u015ft\u0131r\u0131rken tasar\u0131ma sade ama karakterli bir duru\u015f kazand\u0131r\u0131r.<br \/>\nG\u00f6steri\u015ften uzak ama dikkat \u00e7ekici \u00e7izgileri sayesinde bu y\u00fcz\u00fck, tek ba\u015f\u0131na bile stilinizi tamamlayan g\u00fc\u00e7l\u00fc bir par\u00e7a haline gelir. G\u00fcnl\u00fck kullan\u0131mda rahatl\u0131kla tercih edilebilece\u011fi gibi, daha iddial\u0131 kombinlerde de kendine yer bulur.<br \/>\nKapal\u0131\u00e7ar\u015f\u0131\u2019da el i\u015f\u00e7ili\u011fiyle haz\u0131rlanan bu tasar\u0131m, The Brothers Jewellery\u2019nin zamans\u0131z esteti\u011fini ve \u00f6zg\u00fcn tasar\u0131m anlay\u0131\u015f\u0131n\u0131 yans\u0131t\u0131r.<br \/>\nPorta Aurea, \u0130stanbul\u2019un kadim kap\u0131lar\u0131ndan ilham alan modern bir tasar\u0131m ifadesidir.<\/p>","protected":false},"featured_media":1935,"comment_status":"open","ping_status":"closed","template":"","meta":[],"product_brand":[],"product_cat":[54],"product_tag":[],"class_list":{"0":"post-1981","1":"product","2":"type-product","3":"status-publish","4":"has-post-thumbnail","6":"product_cat-yuzuk","8":"first","9":"instock","10":"shipping-taxable","11":"purchasable","12":"product-type-variable"},"_links":{"self":[{"href":"https:\/\/brothersjewellery.com\/en\/wp-json\/wp\/v2\/product\/1981","targetHints":{"allow":["GET"]}}],"collection":[{"href":"https:\/\/brothersjewellery.com\/en\/wp-json\/wp\/v2\/product"}],"about":[{"href":"https:\/\/brothersjewellery.com\/en\/wp-json\/wp\/v2\/types\/product"}],"replies":[{"embeddable":true,"href":"https:\/\/brothersjewellery.com\/en\/wp-json\/wp\/v2\/comments?post=1981"}],"wp:featuredmedia":[{"embeddable":true,"href":"https:\/\/brothersjewellery.com\/en\/wp-json\/wp\/v2\/media\/1935"}],"wp:attachment":[{"href":"https:\/\/brothersjewellery.com\/en\/wp-json\/wp\/v2\/media?parent=1981"}],"wp:term":[{"taxonomy":"product_brand","embeddable":true,"href":"https:\/\/brothersjewellery.com\/en\/wp-json\/wp\/v2\/product_brand?post=1981"},{"taxonomy":"product_cat","embeddable":true,"href":"https:\/\/brothersjewellery.com\/en\/wp-json\/wp\/v2\/product_cat?post=1981"},{"taxonomy":"product_tag","embeddable":true,"href":"https:\/\/brothersjewellery.com\/en\/wp-json\/wp\/v2\/product_tag?post=1981"}],"curies":[{"name":"wp","href":"https:\/\/api.w.org\/{rel}","templated":true}]}}