{"id":1982,"date":"2026-03-31T00:34:22","date_gmt":"2026-03-30T21:34:22","guid":{"rendered":"https:\/\/brothersjewellery.com\/urun\/165-carnaby-ring\/"},"modified":"2026-04-01T01:08:06","modified_gmt":"2026-03-31T22:08:06","slug":"165-carnaby-ring","status":"publish","type":"product","link":"https:\/\/brothersjewellery.com\/en\/product\/165-carnaby-ring\/","title":{"rendered":"165-Carnaby Ring"},"content":{"rendered":"","protected":false},"excerpt":{"rendered":"<p>1960\u2019lar\u0131n \u00f6zg\u00fcr ve yarat\u0131c\u0131 ruhundan ilham alan Carnaby Ring, sade ama karakterli formuyla \u00f6ne \u00e7\u0131kan el yap\u0131m\u0131 bir g\u00fcm\u00fc\u015f y\u00fcz\u00fckt\u00fcr. Ad\u0131n\u0131, Londra\u2019n\u0131n 1960\u2019larda moda ve sanat\u0131n merkezi haline gelen Carnaby Street\u2019ten al\u0131r. Bu d\u00f6nem; bireyselli\u011fin, stilin ve modern tasar\u0131m\u0131n g\u00fc\u00e7l\u00fc \u015fekilde ifade edildi\u011fi y\u0131llar\u0131 temsil eder.<br \/>\nY\u00fcz\u00fc\u011f\u00fcn ak\u0131\u015fkan formu ve dokulu y\u00fczeyi tasar\u0131ma organik bir karakter kazand\u0131r\u0131r. Minimal ama g\u00fc\u00e7l\u00fc duru\u015fu sayesinde hem g\u00fcnl\u00fck kullan\u0131mda hem de stil sahibi kombinlerde dikkat \u00e7eken bir tamamlay\u0131c\u0131d\u0131r.<br \/>\nHer Carnaby Ring, \u0130stanbul\u2019un tarihi Kapal\u0131\u00e7ar\u015f\u0131\u2019s\u0131nda bulunan The Brothers Jewellery at\u00f6lyesinde geleneksel kuyumculuk teknikleriyle elde \u015fekillendirilir. Seri \u00fcretim de\u011fildir; bu nedenle her y\u00fcz\u00fck kendine \u00f6zg\u00fc k\u00fc\u00e7\u00fck farkl\u0131l\u0131klar ta\u015f\u0131r.<\/p>","protected":false},"featured_media":1939,"comment_status":"open","ping_status":"closed","template":"","meta":[],"product_brand":[],"product_cat":[54],"product_tag":[],"class_list":{"0":"post-1982","1":"product","2":"type-product","3":"status-publish","4":"has-post-thumbnail","6":"product_cat-yuzuk","8":"first","9":"instock","10":"shipping-taxable","11":"purchasable","12":"product-type-variable"},"_links":{"self":[{"href":"https:\/\/brothersjewellery.com\/en\/wp-json\/wp\/v2\/product\/1982","targetHints":{"allow":["GET"]}}],"collection":[{"href":"https:\/\/brothersjewellery.com\/en\/wp-json\/wp\/v2\/product"}],"about":[{"href":"https:\/\/brothersjewellery.com\/en\/wp-json\/wp\/v2\/types\/product"}],"replies":[{"embeddable":true,"href":"https:\/\/brothersjewellery.com\/en\/wp-json\/wp\/v2\/comments?post=1982"}],"wp:featuredmedia":[{"embeddable":true,"href":"https:\/\/brothersjewellery.com\/en\/wp-json\/wp\/v2\/media\/1939"}],"wp:attachment":[{"href":"https:\/\/brothersjewellery.com\/en\/wp-json\/wp\/v2\/media?parent=1982"}],"wp:term":[{"taxonomy":"product_brand","embeddable":true,"href":"https:\/\/brothersjewellery.com\/en\/wp-json\/wp\/v2\/product_brand?post=1982"},{"taxonomy":"product_cat","embeddable":true,"href":"https:\/\/brothersjewellery.com\/en\/wp-json\/wp\/v2\/product_cat?post=1982"},{"taxonomy":"product_tag","embeddable":true,"href":"https:\/\/brothersjewellery.com\/en\/wp-json\/wp\/v2\/product_tag?post=1982"}],"curies":[{"name":"wp","href":"https:\/\/api.w.org\/{rel}","templated":true}]}}