{"id":1984,"date":"2026-03-31T00:34:22","date_gmt":"2026-03-30T21:34:22","guid":{"rendered":"https:\/\/brothersjewellery.com\/urun\/167-kamasutra-ii-ring\/"},"modified":"2026-04-01T01:07:55","modified_gmt":"2026-03-31T22:07:55","slug":"167-kamasutra-ii-ring","status":"publish","type":"product","link":"https:\/\/brothersjewellery.com\/en\/product\/167-kamasutra-ii-ring\/","title":{"rendered":"167- Kamasutra II Ring"},"content":{"rendered":"","protected":false},"excerpt":{"rendered":"<p>El Yap\u0131m\u0131 925 Ayar G\u00fcm\u00fc\u015f Fig\u00fcrl\u00fc Y\u00fcz\u00fck<br \/>\nTutku, insan bedeni ve sanatsal ifade bi\u00e7iminden ilham alan Kamasutra II Ring, kad\u0131n ve erkek fig\u00fcrlerinin birle\u015fti\u011fi heykelsi bir kompozisyona sahiptir. Farkl\u0131 bir Kamasutra pozisyonundan esinlenen bu tasar\u0131m, g\u00fc\u00e7l\u00fc sembolizmi ve \u00f6zg\u00fcn formuyla dikkat \u00e7eken bir sanat objesi niteli\u011findedir.<br \/>\nFig\u00fcrlerin ak\u0131\u015fkan birle\u015fimi y\u00fcz\u00fc\u011fe dinamik ve organik bir karakter kazand\u0131r\u0131r. Cesur ve sanatsal tasar\u0131mlar\u0131 sevenler i\u00e7in bu y\u00fcz\u00fck, stil sahibi bir ifade par\u00e7as\u0131 olarak \u00f6ne \u00e7\u0131kar.<br \/>\nHer Kamasutra II Ring, \u0130stanbul\u2019un tarihi Kapal\u0131\u00e7ar\u015f\u0131\u2019s\u0131nda bulunan The Brothers Jewellery at\u00f6lyesinde geleneksel kuyumculuk teknikleriyle elde \u00fcretilir. Seri \u00fcretim de\u011fildir; her par\u00e7a ustalar\u0131n el i\u015f\u00e7ili\u011fi sayesinde kendine \u00f6zg\u00fc k\u00fc\u00e7\u00fck farkl\u0131l\u0131klar ta\u015f\u0131r.<\/p>","protected":false},"featured_media":1948,"comment_status":"open","ping_status":"closed","template":"","meta":[],"product_brand":[],"product_cat":[54],"product_tag":[],"class_list":{"0":"post-1984","1":"product","2":"type-product","3":"status-publish","4":"has-post-thumbnail","6":"product_cat-yuzuk","8":"first","9":"instock","10":"shipping-taxable","11":"purchasable","12":"product-type-variable"},"_links":{"self":[{"href":"https:\/\/brothersjewellery.com\/en\/wp-json\/wp\/v2\/product\/1984","targetHints":{"allow":["GET"]}}],"collection":[{"href":"https:\/\/brothersjewellery.com\/en\/wp-json\/wp\/v2\/product"}],"about":[{"href":"https:\/\/brothersjewellery.com\/en\/wp-json\/wp\/v2\/types\/product"}],"replies":[{"embeddable":true,"href":"https:\/\/brothersjewellery.com\/en\/wp-json\/wp\/v2\/comments?post=1984"}],"wp:featuredmedia":[{"embeddable":true,"href":"https:\/\/brothersjewellery.com\/en\/wp-json\/wp\/v2\/media\/1948"}],"wp:attachment":[{"href":"https:\/\/brothersjewellery.com\/en\/wp-json\/wp\/v2\/media?parent=1984"}],"wp:term":[{"taxonomy":"product_brand","embeddable":true,"href":"https:\/\/brothersjewellery.com\/en\/wp-json\/wp\/v2\/product_brand?post=1984"},{"taxonomy":"product_cat","embeddable":true,"href":"https:\/\/brothersjewellery.com\/en\/wp-json\/wp\/v2\/product_cat?post=1984"},{"taxonomy":"product_tag","embeddable":true,"href":"https:\/\/brothersjewellery.com\/en\/wp-json\/wp\/v2\/product_tag?post=1984"}],"curies":[{"name":"wp","href":"https:\/\/api.w.org\/{rel}","templated":true}]}}