{"id":1985,"date":"2026-03-31T00:34:22","date_gmt":"2026-03-30T21:34:22","guid":{"rendered":"https:\/\/brothersjewellery.com\/urun\/168-kamasutra-iii-ring\/"},"modified":"2026-04-01T01:07:44","modified_gmt":"2026-03-31T22:07:44","slug":"168-kamasutra-iii-ring","status":"publish","type":"product","link":"https:\/\/brothersjewellery.com\/en\/product\/168-kamasutra-iii-ring\/","title":{"rendered":"168- Kamasutra III Ring"},"content":{"rendered":"","protected":false},"excerpt":{"rendered":"<p>El Yap\u0131m\u0131 925 Ayar G\u00fcm\u00fc\u015f Fig\u00fcrl\u00fc Y\u00fcz\u00fck<br \/>\n\u0130nsan bedeninin esteti\u011fi ve sanatsal anlat\u0131m\u0131ndan ilham alan Kamasutra III Ring, iki fig\u00fcr\u00fcn birle\u015fti\u011fi heykelsi bir kompozisyona sahip \u00f6zg\u00fcn bir tasar\u0131md\u0131r. Kamasutra serisinin \u00fc\u00e7\u00fcnc\u00fc yorumunu temsil eden bu y\u00fcz\u00fck, ak\u0131\u015fkan formu ve detayl\u0131 i\u015f\u00e7ili\u011fiyle dikkat \u00e7eken sanatsal bir tak\u0131d\u0131r.<br \/>\nFig\u00fcrlerin zarif birle\u015fimi y\u00fcz\u00fc\u011fe dinamik ve organik bir karakter kazand\u0131r\u0131r. Heykelsi formu sayesinde bu tasar\u0131m yaln\u0131zca bir tak\u0131 de\u011fil, ayn\u0131 zamanda g\u00fc\u00e7l\u00fc bir ifade ta\u015f\u0131yan k\u00fc\u00e7\u00fck bir sanat eseri niteli\u011findedir.<br \/>\nHer Kamasutra III Ring, \u0130stanbul\u2019un tarihi Kapal\u0131\u00e7ar\u015f\u0131\u2019s\u0131nda bulunan The Brothers Jewellery at\u00f6lyesinde geleneksel kuyumculuk teknikleriyle elde \u00fcretilir. Seri \u00fcretim de\u011fildir; her par\u00e7a ustalar\u0131n el i\u015f\u00e7ili\u011fi sayesinde kendine \u00f6zg\u00fc k\u00fc\u00e7\u00fck farkl\u0131l\u0131klar ta\u015f\u0131r.<\/p>","protected":false},"featured_media":1953,"comment_status":"open","ping_status":"closed","template":"","meta":[],"product_brand":[],"product_cat":[54],"product_tag":[],"class_list":{"0":"post-1985","1":"product","2":"type-product","3":"status-publish","4":"has-post-thumbnail","6":"product_cat-yuzuk","8":"first","9":"instock","10":"shipping-taxable","11":"purchasable","12":"product-type-variable"},"_links":{"self":[{"href":"https:\/\/brothersjewellery.com\/en\/wp-json\/wp\/v2\/product\/1985","targetHints":{"allow":["GET"]}}],"collection":[{"href":"https:\/\/brothersjewellery.com\/en\/wp-json\/wp\/v2\/product"}],"about":[{"href":"https:\/\/brothersjewellery.com\/en\/wp-json\/wp\/v2\/types\/product"}],"replies":[{"embeddable":true,"href":"https:\/\/brothersjewellery.com\/en\/wp-json\/wp\/v2\/comments?post=1985"}],"wp:featuredmedia":[{"embeddable":true,"href":"https:\/\/brothersjewellery.com\/en\/wp-json\/wp\/v2\/media\/1953"}],"wp:attachment":[{"href":"https:\/\/brothersjewellery.com\/en\/wp-json\/wp\/v2\/media?parent=1985"}],"wp:term":[{"taxonomy":"product_brand","embeddable":true,"href":"https:\/\/brothersjewellery.com\/en\/wp-json\/wp\/v2\/product_brand?post=1985"},{"taxonomy":"product_cat","embeddable":true,"href":"https:\/\/brothersjewellery.com\/en\/wp-json\/wp\/v2\/product_cat?post=1985"},{"taxonomy":"product_tag","embeddable":true,"href":"https:\/\/brothersjewellery.com\/en\/wp-json\/wp\/v2\/product_tag?post=1985"}],"curies":[{"name":"wp","href":"https:\/\/api.w.org\/{rel}","templated":true}]}}