{"id":1986,"date":"2026-03-31T00:34:22","date_gmt":"2026-03-30T21:34:22","guid":{"rendered":"https:\/\/brothersjewellery.com\/urun\/169-the-doom-of-venus-ring\/"},"modified":"2026-04-01T01:07:44","modified_gmt":"2026-03-31T22:07:44","slug":"169-the-doom-of-venus-ring","status":"publish","type":"product","link":"https:\/\/brothersjewellery.com\/en\/product\/169-the-doom-of-venus-ring\/","title":{"rendered":"169- The Doom of Venus Ring"},"content":{"rendered":"","protected":false},"excerpt":{"rendered":"<p>Bir zamanlar Ven\u00fcs, a\u015fk\u0131n, tutkunun ve ya\u015fam\u0131n devam\u0131n\u0131n sembol\u00fcyd\u00fc. \u0130nsanlar\u0131 birbirine yakla\u015ft\u0131ran g\u00f6r\u00fcnmez g\u00fcc\u00fcn, yeni hayatlar\u0131n ba\u015flang\u0131c\u0131n\u0131n ve g\u00fczelli\u011fin ilahi temsilcisi olarak an\u0131ld\u0131.<br \/>\nFakat bu y\u00fcz\u00fck ba\u015fka bir hik\u00e2ye anlat\u0131r.<br \/>\nThe Doom of Venus, a\u015fk\u0131n unutuldu\u011fu bir d\u00fcnyan\u0131n alegorisidir. \u0130nsanlar\u0131n birbirinden uzakla\u015ft\u0131\u011f\u0131, ba\u011flar\u0131n zay\u0131flad\u0131\u011f\u0131 ve yeni hayatlar\u0131n do\u011fmad\u0131\u011f\u0131 bir \u00e7a\u011f\u0131n sembol\u00fcd\u00fcr. Y\u00fcz\u00fc\u011f\u00fcn merkezinde yer alan Ven\u00fcs fig\u00fcr\u00fc g\u00f6ky\u00fcz\u00fcne do\u011fru bakar; zarafeti h\u00e2l\u00e2 oradad\u0131r, fakat y\u00fcz\u00fcndeki ifade kaybolan bir \u00e7a\u011f\u0131n sessiz tan\u0131kl\u0131\u011f\u0131n\u0131 ta\u015f\u0131r.<br \/>\nAk\u0131\u015fkan hatlar ve organik form, Art Nouveau esteti\u011finin zarafetini ta\u015f\u0131rken heykelsi yap\u0131s\u0131 bu par\u00e7ay\u0131 yaln\u0131zca bir tak\u0131 olmaktan \u00e7\u0131kar\u0131r. Parmak \u00fczerinde k\u00fc\u00e7\u00fck bir heykel gibi duran bu tasar\u0131m, a\u015fk\u0131n g\u00fcc\u00fcn\u00fc ve yoklu\u011funun yarataca\u011f\u0131 bo\u015flu\u011fu hat\u0131rlatan g\u00fc\u00e7l\u00fc bir sembole d\u00f6n\u00fc\u015f\u00fcr.<br \/>\nDetails<br \/>\n925 Sterling Silver<br \/>\nHandmade craftsmanship<br \/>\nVintage \/ Art Nouveau inspired sculptural design<br \/>\nOxidized finish enhancing depth and character<br \/>\nThe Brothers Jewellery<br \/>\nBu par\u00e7a, \u0130stanbul Kapal\u0131\u00e7ar\u015f\u0131\u2019n\u0131n tarihi atmosferinde yer alan The Brothers Jewellery koleksiyonunun \u00f6zg\u00fcn tasar\u0131mlar\u0131ndan biridir.  at\u00f6lyemizde se\u00e7ilen her par\u00e7a karakter sahibi, hik\u00e2yesi olan ve seri \u00fcretimden uzak tasar\u0131mlardan olu\u015fur.<br \/>\nSlogan<br \/>\n\u201cWhen Venus falls, love disappears.\u201d<\/p>","protected":false},"featured_media":1957,"comment_status":"open","ping_status":"closed","template":"","meta":[],"product_brand":[],"product_cat":[54],"product_tag":[],"class_list":{"0":"post-1986","1":"product","2":"type-product","3":"status-publish","4":"has-post-thumbnail","6":"product_cat-yuzuk","8":"first","9":"instock","10":"shipping-taxable","11":"purchasable","12":"product-type-variable"},"_links":{"self":[{"href":"https:\/\/brothersjewellery.com\/en\/wp-json\/wp\/v2\/product\/1986","targetHints":{"allow":["GET"]}}],"collection":[{"href":"https:\/\/brothersjewellery.com\/en\/wp-json\/wp\/v2\/product"}],"about":[{"href":"https:\/\/brothersjewellery.com\/en\/wp-json\/wp\/v2\/types\/product"}],"replies":[{"embeddable":true,"href":"https:\/\/brothersjewellery.com\/en\/wp-json\/wp\/v2\/comments?post=1986"}],"wp:featuredmedia":[{"embeddable":true,"href":"https:\/\/brothersjewellery.com\/en\/wp-json\/wp\/v2\/media\/1957"}],"wp:attachment":[{"href":"https:\/\/brothersjewellery.com\/en\/wp-json\/wp\/v2\/media?parent=1986"}],"wp:term":[{"taxonomy":"product_brand","embeddable":true,"href":"https:\/\/brothersjewellery.com\/en\/wp-json\/wp\/v2\/product_brand?post=1986"},{"taxonomy":"product_cat","embeddable":true,"href":"https:\/\/brothersjewellery.com\/en\/wp-json\/wp\/v2\/product_cat?post=1986"},{"taxonomy":"product_tag","embeddable":true,"href":"https:\/\/brothersjewellery.com\/en\/wp-json\/wp\/v2\/product_tag?post=1986"}],"curies":[{"name":"wp","href":"https:\/\/api.w.org\/{rel}","templated":true}]}}