{"id":1988,"date":"2026-03-31T00:34:22","date_gmt":"2026-03-30T21:34:22","guid":{"rendered":"https:\/\/brothersjewellery.com\/urun\/171-solar-signet-ring\/"},"modified":"2026-04-01T01:07:34","modified_gmt":"2026-03-31T22:07:34","slug":"171-solar-signet-ring","status":"publish","type":"product","link":"https:\/\/brothersjewellery.com\/en\/product\/171-solar-signet-ring\/","title":{"rendered":"171- Solar Signet Ring"},"content":{"rendered":"","protected":false},"excerpt":{"rendered":"<p>Klasik m\u00fch\u00fcr y\u00fcz\u00fck gelene\u011finden ilham alan Solar Signet Ring, zamans\u0131z sembolizmi sade ve g\u00fc\u00e7l\u00fc bir tasar\u0131m diliyle birle\u015ftirir. Y\u00fcz\u00fc\u011f\u00fcn yanlar\u0131nda yer alan \u0131\u015f\u0131n motifleri, tarih boyunca ya\u015fam\u0131n kayna\u011f\u0131 ve g\u00fcc\u00fcn simgesi olan g\u00fcne\u015ften ilham al\u0131r.<br \/>\nMerkezdeki d\u00fcz y\u00fczey, klasik m\u00fch\u00fcr y\u00fcz\u00fck esteti\u011fine g\u00f6nderme yaparken tasar\u0131m\u0131n dengeli ve yal\u0131n karakterini g\u00fc\u00e7lendirir. Bu sade y\u00fczey, y\u00fcz\u00fc\u011fe hem g\u00fc\u00e7l\u00fc bir duru\u015f kazand\u0131r\u0131r hem de \u0131\u015f\u0131\u011f\u0131n g\u00fcm\u00fc\u015f \u00fczerinde do\u011fal \u015fekilde yans\u0131mas\u0131na izin verir.<br \/>\nYanlardaki i\u015flenmi\u015f g\u00fcne\u015f \u0131\u015f\u0131nlar\u0131 ile merkezdeki sakin y\u00fczey aras\u0131ndaki kontrast, par\u00e7aya derinlik ve karakter katar. Bu denge sayesinde Solar Signet Ring, hem geleneksel bir sembol hem de modern bir stil ifadesi olarak \u00f6ne \u00e7\u0131kar.<br \/>\nDetails<br \/>\n925 Sterling Silver<br \/>\nHandmade craftsmanship<br \/>\nVintage signet ring design<br \/>\nEngraved sun-ray motifs on the sides<br \/>\nThe Brothers Jewellery<br \/>\nBu y\u00fcz\u00fck, \u0130stanbul Kapal\u0131\u00e7ar\u015f\u0131\u2019da yer alan The Brothers Jewellery koleksiyonunun \u00f6zg\u00fcn tasar\u0131mlar\u0131ndan biridir. Aile at\u00f6lyemizde sunulan her par\u00e7a seri \u00fcretimden uzak, karakter sahibi ve zamans\u0131z tak\u0131lar aras\u0131ndan se\u00e7ilir.<br \/>\nSolar Signet Ring, g\u00fcne\u015fin sembolik g\u00fcc\u00fcn\u00fc ta\u015f\u0131yan klasik ve zamans\u0131z bir y\u00fcz\u00fckt\u00fcr.<\/p>","protected":false},"featured_media":1966,"comment_status":"open","ping_status":"closed","template":"","meta":[],"product_brand":[],"product_cat":[54],"product_tag":[],"class_list":{"0":"post-1988","1":"product","2":"type-product","3":"status-publish","4":"has-post-thumbnail","6":"product_cat-yuzuk","8":"first","9":"instock","10":"shipping-taxable","11":"purchasable","12":"product-type-variable"},"_links":{"self":[{"href":"https:\/\/brothersjewellery.com\/en\/wp-json\/wp\/v2\/product\/1988","targetHints":{"allow":["GET"]}}],"collection":[{"href":"https:\/\/brothersjewellery.com\/en\/wp-json\/wp\/v2\/product"}],"about":[{"href":"https:\/\/brothersjewellery.com\/en\/wp-json\/wp\/v2\/types\/product"}],"replies":[{"embeddable":true,"href":"https:\/\/brothersjewellery.com\/en\/wp-json\/wp\/v2\/comments?post=1988"}],"wp:featuredmedia":[{"embeddable":true,"href":"https:\/\/brothersjewellery.com\/en\/wp-json\/wp\/v2\/media\/1966"}],"wp:attachment":[{"href":"https:\/\/brothersjewellery.com\/en\/wp-json\/wp\/v2\/media?parent=1988"}],"wp:term":[{"taxonomy":"product_brand","embeddable":true,"href":"https:\/\/brothersjewellery.com\/en\/wp-json\/wp\/v2\/product_brand?post=1988"},{"taxonomy":"product_cat","embeddable":true,"href":"https:\/\/brothersjewellery.com\/en\/wp-json\/wp\/v2\/product_cat?post=1988"},{"taxonomy":"product_tag","embeddable":true,"href":"https:\/\/brothersjewellery.com\/en\/wp-json\/wp\/v2\/product_tag?post=1988"}],"curies":[{"name":"wp","href":"https:\/\/api.w.org\/{rel}","templated":true}]}}