{"id":2249,"date":"2026-03-31T01:19:53","date_gmt":"2026-03-30T22:19:53","guid":{"rendered":"https:\/\/brothersjewellery.com\/urun\/o16-crimson-core-ring-yakut-tasli-el-isciligi-yuzuk\/"},"modified":"2026-04-01T01:06:34","modified_gmt":"2026-03-31T22:06:34","slug":"o16-crimson-core-ring-yakut-tasli-el-isciligi-yuzuk","status":"publish","type":"product","link":"https:\/\/brothersjewellery.com\/en\/product\/o16-crimson-core-ring-yakut-tasli-el-isciligi-yuzuk\/","title":{"rendered":"O16- Crimson Core Ring \u2013 Yakut Ta\u015fl\u0131 El \u0130\u015f\u00e7ili\u011fi Y\u00fcz\u00fck"},"content":{"rendered":"<p>\u00dcr\u00fcn \u00d6zellikleri:<br \/>\nTa\u015f: Do\u011fal yakut (faset kesim)<br \/>\nMalzeme: 925 ayar g\u00fcm\u00fc\u015f<br \/>\nY\u00fczey: \u00d6zel dokulu \/ el i\u015f\u00e7ili\u011fi form<br \/>\nA\u011f\u0131rl\u0131k: ~12.18 gr<br \/>\nStil: Modern &#038; organik signet<br \/>\n\u00dcretim: Tek adet (one of a kind)<br \/>\nNot: Do\u011fal ta\u015f yap\u0131s\u0131 gere\u011fi yakut \u00fczerinde ton ve i\u00e7 yap\u0131 farkl\u0131l\u0131klar\u0131 bulunabilir. Bu durum, \u00fcr\u00fcn\u00fcn benzersizli\u011finin bir par\u00e7as\u0131d\u0131r.<\/p>","protected":false},"excerpt":{"rendered":"<p>The Brothers Jewellery koleksiyonuna ait bu y\u00fcz\u00fck, sadelik ve karakter aras\u0131nda kurulan dengeli bir form sunar. Merkezde yer alan faset kesim yakut (ruby), derin k\u0131rm\u0131z\u0131 tonlar\u0131yla g\u00fc\u00e7l\u00fc bir odak noktas\u0131 olu\u015ftururken; y\u00fcz\u00fc\u011f\u00fcn tamam\u0131na yay\u0131lan \u00f6zel dokulu y\u00fczey, par\u00e7aya organik ve \u00f6zg\u00fcn bir kimlik kazand\u0131r\u0131r.<br \/>\nYakut, tarih boyunca tutku, g\u00fc\u00e7 ve ya\u015fam enerjisiyle ili\u015fkilendirilmi\u015f de\u011ferli ta\u015flardan biridir. Bu modelde parlak ta\u015f y\u00fczeyi ile mat ve \u00e7izgisel doku aras\u0131ndaki kontrast, tasar\u0131m\u0131n en belirgin estetik unsurunu olu\u015fturur.<br \/>\nAbart\u0131dan uzak, ancak g\u00fc\u00e7l\u00fc bir duru\u015fa sahip olan bu y\u00fcz\u00fck; hem g\u00fcnl\u00fck kullan\u0131m hem de koleksiyon de\u011feri a\u00e7\u0131s\u0131ndan \u00f6ne \u00e7\u0131kan bir par\u00e7ad\u0131r.<br \/>\nBu model, tek adet \u00fcretilmi\u015f (one of a kind) olup tamamen el i\u015f\u00e7ili\u011fi ile \u015fekillendirilmi\u015ftir.<\/p>","protected":false},"featured_media":2201,"comment_status":"open","ping_status":"closed","template":"","meta":[],"product_brand":[],"product_cat":[116,79,54],"product_tag":[],"class_list":{"0":"post-2249","1":"product","2":"type-product","3":"status-publish","4":"has-post-thumbnail","6":"product_cat-ozel-tasarim","7":"product_cat-tasli-yuzukler","8":"product_cat-yuzuk","10":"first","11":"instock","12":"shipping-taxable","13":"purchasable","14":"product-type-variable"},"_links":{"self":[{"href":"https:\/\/brothersjewellery.com\/en\/wp-json\/wp\/v2\/product\/2249","targetHints":{"allow":["GET"]}}],"collection":[{"href":"https:\/\/brothersjewellery.com\/en\/wp-json\/wp\/v2\/product"}],"about":[{"href":"https:\/\/brothersjewellery.com\/en\/wp-json\/wp\/v2\/types\/product"}],"replies":[{"embeddable":true,"href":"https:\/\/brothersjewellery.com\/en\/wp-json\/wp\/v2\/comments?post=2249"}],"wp:featuredmedia":[{"embeddable":true,"href":"https:\/\/brothersjewellery.com\/en\/wp-json\/wp\/v2\/media\/2201"}],"wp:attachment":[{"href":"https:\/\/brothersjewellery.com\/en\/wp-json\/wp\/v2\/media?parent=2249"}],"wp:term":[{"taxonomy":"product_brand","embeddable":true,"href":"https:\/\/brothersjewellery.com\/en\/wp-json\/wp\/v2\/product_brand?post=2249"},{"taxonomy":"product_cat","embeddable":true,"href":"https:\/\/brothersjewellery.com\/en\/wp-json\/wp\/v2\/product_cat?post=2249"},{"taxonomy":"product_tag","embeddable":true,"href":"https:\/\/brothersjewellery.com\/en\/wp-json\/wp\/v2\/product_tag?post=2249"}],"curies":[{"name":"wp","href":"https:\/\/api.w.org\/{rel}","templated":true}]}}