{"id":2251,"date":"2026-03-31T01:19:53","date_gmt":"2026-03-30T22:19:53","guid":{"rendered":"https:\/\/brothersjewellery.com\/urun\/o18-oniks-tasli-el-yapimi-gumus-yuzuk\/"},"modified":"2026-04-01T01:06:24","modified_gmt":"2026-03-31T22:06:24","slug":"o18-oniks-tasli-el-yapimi-gumus-yuzuk","status":"publish","type":"product","link":"https:\/\/brothersjewellery.com\/en\/product\/o18-oniks-tasli-el-yapimi-gumus-yuzuk\/","title":{"rendered":"O18- Oniks Ta\u015fl\u0131 El Yap\u0131m\u0131 G\u00fcm\u00fc\u015f Y\u00fcz\u00fck"},"content":{"rendered":"","protected":false},"excerpt":{"rendered":"<p>The Brothers Jewellery\u2019nin karakteristik tasar\u0131m anlay\u0131\u015f\u0131n\u0131 yans\u0131tan bu \u00f6zel y\u00fcz\u00fck, g\u00fcc\u00fcn\u00fc sadelikten ve dengeden al\u0131r. Yatay (enlemesine) yerle\u015ftirilmi\u015f do\u011fal oniks ta\u015f\u0131, klasik formlar\u0131n d\u0131\u015f\u0131na \u00e7\u0131karak modern ve kendinden emin bir duru\u015f sergiler.<br \/>\nY\u00fcz\u00fc\u011f\u00fcn y\u00fczeyindeki dokulu i\u015f\u00e7ilik, \u0131\u015f\u0131\u011f\u0131 k\u0131rarak ta\u015f\u0131n derin siyah parlakl\u0131\u011f\u0131n\u0131 daha da \u00f6n plana \u00e7\u0131kar\u0131r. Parlak \u00e7er\u00e7eve ile mat\/dokulu g\u00f6vde aras\u0131ndaki kontrast, tasar\u0131ma g\u00fc\u00e7l\u00fc bir g\u00f6rsel derinlik kazand\u0131r\u0131r.<br \/>\nBu y\u00fcz\u00fck yaln\u0131zca bir aksesuar de\u011fil; karakter, denge ve i\u00e7sel g\u00fcc\u00fcn bir ifadesidir.<br \/>\nDo\u011fal Oniks ta\u015f<br \/>\nEl i\u015f\u00e7ili\u011fi ile \u015fekillendirilmi\u015f g\u00fcm\u00fc\u015f g\u00f6vde<br \/>\nYatay (horizontal) ta\u015f yerle\u015fimi<br \/>\nOksit ve cilal\u0131 y\u00fczey kombinasyonu<br \/>\nA\u011f\u0131rl\u0131k: 16.6 gr<br \/>\nTek \u00fcretim (One of a kind)<br \/>\nHer a\u00e7\u0131dan farkl\u0131 bir karakter sunan bu par\u00e7a, seri \u00fcretimden uzak, ger\u00e7ek bir zanaat \u00fcr\u00fcn\u00fcd\u00fcr.<\/p>","protected":false},"featured_media":2212,"comment_status":"open","ping_status":"closed","template":"","meta":[],"product_brand":[],"product_cat":[116,79,54],"product_tag":[],"class_list":{"0":"post-2251","1":"product","2":"type-product","3":"status-publish","4":"has-post-thumbnail","6":"product_cat-ozel-tasarim","7":"product_cat-tasli-yuzukler","8":"product_cat-yuzuk","10":"first","11":"instock","12":"shipping-taxable","13":"purchasable","14":"product-type-variable"},"_links":{"self":[{"href":"https:\/\/brothersjewellery.com\/en\/wp-json\/wp\/v2\/product\/2251","targetHints":{"allow":["GET"]}}],"collection":[{"href":"https:\/\/brothersjewellery.com\/en\/wp-json\/wp\/v2\/product"}],"about":[{"href":"https:\/\/brothersjewellery.com\/en\/wp-json\/wp\/v2\/types\/product"}],"replies":[{"embeddable":true,"href":"https:\/\/brothersjewellery.com\/en\/wp-json\/wp\/v2\/comments?post=2251"}],"wp:featuredmedia":[{"embeddable":true,"href":"https:\/\/brothersjewellery.com\/en\/wp-json\/wp\/v2\/media\/2212"}],"wp:attachment":[{"href":"https:\/\/brothersjewellery.com\/en\/wp-json\/wp\/v2\/media?parent=2251"}],"wp:term":[{"taxonomy":"product_brand","embeddable":true,"href":"https:\/\/brothersjewellery.com\/en\/wp-json\/wp\/v2\/product_brand?post=2251"},{"taxonomy":"product_cat","embeddable":true,"href":"https:\/\/brothersjewellery.com\/en\/wp-json\/wp\/v2\/product_cat?post=2251"},{"taxonomy":"product_tag","embeddable":true,"href":"https:\/\/brothersjewellery.com\/en\/wp-json\/wp\/v2\/product_tag?post=2251"}],"curies":[{"name":"wp","href":"https:\/\/api.w.org\/{rel}","templated":true}]}}