{"id":2252,"date":"2026-03-31T01:19:54","date_gmt":"2026-03-30T22:19:54","guid":{"rendered":"https:\/\/brothersjewellery.com\/urun\/o19-emerald-totem-ring-zumrut-tasli-el-yapimi-gumus-yuzuk\/"},"modified":"2026-04-01T01:06:23","modified_gmt":"2026-03-31T22:06:23","slug":"o19-emerald-totem-ring-zumrut-tasli-el-yapimi-gumus-yuzuk","status":"publish","type":"product","link":"https:\/\/brothersjewellery.com\/en\/product\/o19-emerald-totem-ring-zumrut-tasli-el-yapimi-gumus-yuzuk\/","title":{"rendered":"O19- Emerald Totem Ring \u2013 Z\u00fcmr\u00fct Ta\u015fl\u0131 El Yap\u0131m\u0131 G\u00fcm\u00fc\u015f Y\u00fcz\u00fck"},"content":{"rendered":"","protected":false},"excerpt":{"rendered":"<p>The Brothers Jewellery\u2019nin \u00f6zg\u00fcn tasar\u0131m diliyle hayat bulan bu \u00f6zel y\u00fcz\u00fck, do\u011fan\u0131n ham g\u00fcc\u00fcn\u00fc ve ilkel esteti\u011fini modern bir forma ta\u015f\u0131r. Y\u00fczeyde kullan\u0131lan ay\u0131 postunu and\u0131ran dokusal i\u015f\u00e7ilik, y\u00fcz\u00fc\u011fe organik ve g\u00fc\u00e7l\u00fc bir karakter kazand\u0131r\u0131r.<br \/>\nMerkezde yer alan do\u011fal z\u00fcmr\u00fct ta\u015f\u0131, y\u00fcz\u00fc\u011f\u00fcn i\u00e7ine g\u00f6m\u00fcl\u00fc formuyla adeta sakl\u0131 bir g\u00fc\u00e7 gibi varl\u0131\u011f\u0131n\u0131 hissettirir. Parlak ta\u015f ile oksitli ve dokulu g\u00fcm\u00fc\u015f y\u00fczey aras\u0131ndaki kontrast, tasar\u0131m\u0131n derinli\u011fini art\u0131r\u0131r.<br \/>\nBu y\u00fcz\u00fck, do\u011fayla ba\u011f kuran, sade ama g\u00fc\u00e7l\u00fc bir ifade arayanlar i\u00e7in tasarland\u0131.<br \/>\nDo\u011fal z\u00fcmr\u00fct ta\u015f<br \/>\nEl i\u015f\u00e7ili\u011fi ile \u015fekillendirilmi\u015f g\u00fcm\u00fc\u015f g\u00f6vde<br \/>\nAy\u0131 postu dokusundan ilham alan y\u00fczey<br \/>\nOksit ve cilal\u0131 y\u00fczey kombinasyonu<br \/>\nA\u011f\u0131rl\u0131k: 17.67 gr<br \/>\nTek \u00fcretim (One of a kind)<br \/>\nSeri \u00fcretimden uzak, karakter sahibi ger\u00e7ek bir zanaat par\u00e7as\u0131<\/p>","protected":false},"featured_media":2214,"comment_status":"open","ping_status":"closed","template":"","meta":[],"product_brand":[],"product_cat":[116,79,54],"product_tag":[],"class_list":{"0":"post-2252","1":"product","2":"type-product","3":"status-publish","4":"has-post-thumbnail","6":"product_cat-ozel-tasarim","7":"product_cat-tasli-yuzukler","8":"product_cat-yuzuk","10":"first","11":"instock","12":"shipping-taxable","13":"purchasable","14":"product-type-variable"},"_links":{"self":[{"href":"https:\/\/brothersjewellery.com\/en\/wp-json\/wp\/v2\/product\/2252","targetHints":{"allow":["GET"]}}],"collection":[{"href":"https:\/\/brothersjewellery.com\/en\/wp-json\/wp\/v2\/product"}],"about":[{"href":"https:\/\/brothersjewellery.com\/en\/wp-json\/wp\/v2\/types\/product"}],"replies":[{"embeddable":true,"href":"https:\/\/brothersjewellery.com\/en\/wp-json\/wp\/v2\/comments?post=2252"}],"wp:featuredmedia":[{"embeddable":true,"href":"https:\/\/brothersjewellery.com\/en\/wp-json\/wp\/v2\/media\/2214"}],"wp:attachment":[{"href":"https:\/\/brothersjewellery.com\/en\/wp-json\/wp\/v2\/media?parent=2252"}],"wp:term":[{"taxonomy":"product_brand","embeddable":true,"href":"https:\/\/brothersjewellery.com\/en\/wp-json\/wp\/v2\/product_brand?post=2252"},{"taxonomy":"product_cat","embeddable":true,"href":"https:\/\/brothersjewellery.com\/en\/wp-json\/wp\/v2\/product_cat?post=2252"},{"taxonomy":"product_tag","embeddable":true,"href":"https:\/\/brothersjewellery.com\/en\/wp-json\/wp\/v2\/product_tag?post=2252"}],"curies":[{"name":"wp","href":"https:\/\/api.w.org\/{rel}","templated":true}]}}