{"id":2262,"date":"2026-03-31T01:19:55","date_gmt":"2026-03-30T22:19:55","guid":{"rendered":"https:\/\/brothersjewellery.com\/urun\/o30-terra-akik-yuzuk-tek-uretim\/"},"modified":"2026-04-01T01:05:28","modified_gmt":"2026-03-31T22:05:28","slug":"o30-terra-akik-yuzuk-tek-uretim","status":"publish","type":"product","link":"https:\/\/brothersjewellery.com\/en\/product\/o30-terra-akik-yuzuk-tek-uretim\/","title":{"rendered":"O30- Terra Akik Y\u00fcz\u00fck \u2013 Tek \u00dcretim)"},"content":{"rendered":"<p>\u00dcr\u00fcn \u00d6zellikleri<br \/>\n\u00dcretim: El yap\u0131m\u0131<br \/>\nAdet: 1 adet (One of One)<br \/>\nTa\u015f: Do\u011fal akik<br \/>\nKesim: Dikd\u00f6rtgen<br \/>\nMalzeme: 925 ayar g\u00fcm\u00fc\u015f<br \/>\nStil: Minimal \/ klasik \/ zamans\u0131z<br \/>\nForm: Tok ve dengeli<br \/>\nA\u011f\u0131rl\u0131k: ~18.8 gr<\/p>","protected":false},"excerpt":{"rendered":"<p>El Yap\u0131m\u0131 Dikd\u00f6rtgen Kesim Akik Y\u00fcz\u00fck \u2013 925 Ayar G\u00fcm\u00fc\u015f \/ Zamans\u0131z Tasar\u0131m \/ Tek \u00dcretim<br \/>\n\u00dcr\u00fcn Metni<br \/>\nSade, dengeli ve kal\u0131c\u0131.<br \/>\nBu y\u00fcz\u00fck, gereksiz detaylardan ar\u0131nd\u0131r\u0131lm\u0131\u015f formu ve g\u00fc\u00e7l\u00fc ta\u015f karakteriyle \u00f6ne \u00e7\u0131kar.<br \/>\nMerkezde yer alan dikd\u00f6rtgen kesim do\u011fal akik, yumu\u015fak ge\u00e7i\u015fli tonlar\u0131yla sakin ama derin bir ifade sunar. A\u00e7\u0131k ve koyu kahve tonlar\u0131 aras\u0131ndaki do\u011fal ge\u00e7i\u015fler, ta\u015f\u0131n her a\u00e7\u0131dan farkl\u0131 bir karakter g\u00f6stermesini sa\u011flar.<br \/>\nTa\u015f\u0131n etraf\u0131n\u0131 saran minimal \u00e7er\u00e7eve, dikkat da\u011f\u0131tmadan ta\u015f\u0131 \u00f6n plana \u00e7\u0131kar\u0131r. G\u00f6vde ise sade ve tok formuyla, elde dengeli ve konforlu bir kullan\u0131m sunar.<br \/>\nBu y\u00fcz\u00fck, trendlerden ba\u011f\u0131ms\u0131z bir anlay\u0131\u015fla tasarlanm\u0131\u015ft\u0131r.<br \/>\nZamans\u0131zd\u0131r. Uzun y\u0131llar kullan\u0131lmak \u00fczere \u00fcretilmi\u015ftir.<br \/>\nBu par\u00e7a seri \u00fcretim de\u011fildir.<br \/>\nTek \u00fcretilmi\u015ftir ve tekrar\u0131 yoktur.<\/p>","protected":false},"featured_media":2017,"comment_status":"open","ping_status":"closed","template":"","meta":[],"product_brand":[],"product_cat":[116,79,54],"product_tag":[],"class_list":{"0":"post-2262","1":"product","2":"type-product","3":"status-publish","4":"has-post-thumbnail","6":"product_cat-ozel-tasarim","7":"product_cat-tasli-yuzukler","8":"product_cat-yuzuk","10":"first","11":"instock","12":"shipping-taxable","13":"purchasable","14":"product-type-variable"},"_links":{"self":[{"href":"https:\/\/brothersjewellery.com\/en\/wp-json\/wp\/v2\/product\/2262","targetHints":{"allow":["GET"]}}],"collection":[{"href":"https:\/\/brothersjewellery.com\/en\/wp-json\/wp\/v2\/product"}],"about":[{"href":"https:\/\/brothersjewellery.com\/en\/wp-json\/wp\/v2\/types\/product"}],"replies":[{"embeddable":true,"href":"https:\/\/brothersjewellery.com\/en\/wp-json\/wp\/v2\/comments?post=2262"}],"wp:featuredmedia":[{"embeddable":true,"href":"https:\/\/brothersjewellery.com\/en\/wp-json\/wp\/v2\/media\/2017"}],"wp:attachment":[{"href":"https:\/\/brothersjewellery.com\/en\/wp-json\/wp\/v2\/media?parent=2262"}],"wp:term":[{"taxonomy":"product_brand","embeddable":true,"href":"https:\/\/brothersjewellery.com\/en\/wp-json\/wp\/v2\/product_brand?post=2262"},{"taxonomy":"product_cat","embeddable":true,"href":"https:\/\/brothersjewellery.com\/en\/wp-json\/wp\/v2\/product_cat?post=2262"},{"taxonomy":"product_tag","embeddable":true,"href":"https:\/\/brothersjewellery.com\/en\/wp-json\/wp\/v2\/product_tag?post=2262"}],"curies":[{"name":"wp","href":"https:\/\/api.w.org\/{rel}","templated":true}]}}