{"id":2264,"date":"2026-03-31T01:19:55","date_gmt":"2026-03-30T22:19:55","guid":{"rendered":"https:\/\/brothersjewellery.com\/urun\/o32-noir-knight-safir-yuzuk-tek-uretim\/"},"modified":"2026-04-01T01:05:18","modified_gmt":"2026-03-31T22:05:18","slug":"o32-noir-knight-safir-yuzuk-tek-uretim","status":"publish","type":"product","link":"https:\/\/brothersjewellery.com\/en\/product\/o32-noir-knight-safir-yuzuk-tek-uretim\/","title":{"rendered":"O32- Noir Knight Safir Y\u00fcz\u00fck \u2013 Tek \u00dcretim"},"content":{"rendered":"<p>\u00dcr\u00fcn \u00d6zellikleri<br \/>\n\u00dcretim: El yap\u0131m\u0131<br \/>\nAdet: 1 adet (One of One)<br \/>\nTa\u015f: Do\u011fal safir<br \/>\nKesim: \u015e\u00f6valye kesim<br \/>\nMalzeme: 925 ayar g\u00fcm\u00fc\u015f<br \/>\nY\u00fczey: Parlak cila<br \/>\nStil: Minimal \/ modern \/ statement<br \/>\nForm: Kompakt ve dengeli<br \/>\nA\u011f\u0131rl\u0131k: ~8.2 gr<br \/>\nKullan\u0131m Notu<br \/>\nTek ba\u015f\u0131na g\u00fc\u00e7l\u00fc bir ifade sunar.<br \/>\nG\u00fcnl\u00fck kullan\u0131mda sade kombinlerle \u00f6ne \u00e7\u0131kar; \u00f6zel kombinlerde tamamlay\u0131c\u0131 de\u011fil, merkez par\u00e7ad\u0131r.<\/p>","protected":false},"excerpt":{"rendered":"<p>Kompakt form, g\u00fc\u00e7l\u00fc etki.<br \/>\nBu y\u00fcz\u00fck, klasik \u015f\u00f6valye y\u00fcz\u00fck esteti\u011fini minimal ve modern bir \u00e7izgide yeniden yorumlar.<br \/>\nMerkezde yer alan do\u011fal safir, derin lacivert tonuyla dikkat \u00e7eker. I\u015f\u0131\u011fa g\u00f6re siyaha yakla\u015fan y\u00fczeyi, sade g\u00f6vdeyle birle\u015ferek g\u00fc\u00e7l\u00fc ve net bir kontrast olu\u015fturur.<br \/>\nTa\u015f\u0131n \u015f\u00f6valye kesim formu, y\u00fcz\u00fc\u011fe karakter kazand\u0131r\u0131rken; y\u00fckseltilmi\u015f mont\u00fcr yap\u0131s\u0131 ta\u015f\u0131 \u00f6n plana \u00e7\u0131kar\u0131r. G\u00f6vde ise ak\u0131c\u0131 ve p\u00fcr\u00fczs\u00fcz hatlar\u0131yla elde dengeli bir duru\u015f sunar.<br \/>\nParlak y\u00fczeyli 925 ayar g\u00fcm\u00fc\u015f, ta\u015f\u0131n derin tonlar\u0131n\u0131 daha belirgin hale getirir.<br \/>\nAbart\u0131s\u0131z ama iddial\u0131.<br \/>\nBu y\u00fcz\u00fck bir aksesuardan \u00f6te, do\u011frudan bir statement par\u00e7as\u0131d\u0131r.<br \/>\nBu par\u00e7a seri \u00fcretim de\u011fildir.<br \/>\nTek \u00fcretilmi\u015ftir ve tekrar\u0131 yoktur.<\/p>","protected":false},"featured_media":2025,"comment_status":"open","ping_status":"closed","template":"","meta":[],"product_brand":[],"product_cat":[116,79,54],"product_tag":[],"class_list":{"0":"post-2264","1":"product","2":"type-product","3":"status-publish","4":"has-post-thumbnail","6":"product_cat-ozel-tasarim","7":"product_cat-tasli-yuzukler","8":"product_cat-yuzuk","10":"first","11":"instock","12":"shipping-taxable","13":"purchasable","14":"product-type-variable"},"_links":{"self":[{"href":"https:\/\/brothersjewellery.com\/en\/wp-json\/wp\/v2\/product\/2264","targetHints":{"allow":["GET"]}}],"collection":[{"href":"https:\/\/brothersjewellery.com\/en\/wp-json\/wp\/v2\/product"}],"about":[{"href":"https:\/\/brothersjewellery.com\/en\/wp-json\/wp\/v2\/types\/product"}],"replies":[{"embeddable":true,"href":"https:\/\/brothersjewellery.com\/en\/wp-json\/wp\/v2\/comments?post=2264"}],"wp:featuredmedia":[{"embeddable":true,"href":"https:\/\/brothersjewellery.com\/en\/wp-json\/wp\/v2\/media\/2025"}],"wp:attachment":[{"href":"https:\/\/brothersjewellery.com\/en\/wp-json\/wp\/v2\/media?parent=2264"}],"wp:term":[{"taxonomy":"product_brand","embeddable":true,"href":"https:\/\/brothersjewellery.com\/en\/wp-json\/wp\/v2\/product_brand?post=2264"},{"taxonomy":"product_cat","embeddable":true,"href":"https:\/\/brothersjewellery.com\/en\/wp-json\/wp\/v2\/product_cat?post=2264"},{"taxonomy":"product_tag","embeddable":true,"href":"https:\/\/brothersjewellery.com\/en\/wp-json\/wp\/v2\/product_tag?post=2264"}],"curies":[{"name":"wp","href":"https:\/\/api.w.org\/{rel}","templated":true}]}}