{"id":2265,"date":"2026-03-31T01:19:55","date_gmt":"2026-03-30T22:19:55","guid":{"rendered":"https:\/\/brothersjewellery.com\/urun\/o33-milano-akuamarin-yuzuk-tek-uretim\/"},"modified":"2026-04-01T01:05:08","modified_gmt":"2026-03-31T22:05:08","slug":"o33-milano-akuamarin-yuzuk-tek-uretim","status":"publish","type":"product","link":"https:\/\/brothersjewellery.com\/en\/product\/o33-milano-akuamarin-yuzuk-tek-uretim\/","title":{"rendered":"O33- Milano Akuamarin Y\u00fcz\u00fck \u2013 Tek \u00dcretim"},"content":{"rendered":"<p>\u00dcr\u00fcn \u00d6zellikleri<br \/>\n\u00dcretim: El yap\u0131m\u0131<br \/>\nAdet: 1 adet (One of One)<br \/>\nTa\u015f: Laboratuvar akuamarin<br \/>\nKesim: Dikd\u00f6rtgen fasetli<br \/>\nMalzeme: 925 ayar g\u00fcm\u00fc\u015f<br \/>\nY\u00fczey: Parlak cila<br \/>\nStil: \u0130talyan klasik \/ modern \/ zamans\u0131z<br \/>\nForm: Tok, dolgun ve dengeli<br \/>\nA\u011f\u0131rl\u0131k: ~20.5 gr<\/p>","protected":false},"excerpt":{"rendered":"<p>G\u00fc\u00e7l\u00fc form, net duru\u015f ve y\u00fcksek konfor.<br \/>\nBu y\u00fcz\u00fck, \u0130talyan beyaz alt\u0131n y\u00fcz\u00fck esteti\u011finden referans al\u0131narak tasarlanm\u0131\u015f, tok yap\u0131s\u0131yla \u00f6ne \u00e7\u0131kan bir par\u00e7ad\u0131r.<br \/>\nMerkezde yer alan laboratuvar akuamarin, a\u00e7\u0131k mavi tonlar\u0131 ve berrak yap\u0131s\u0131yla ferah ve sofistike bir g\u00f6r\u00fcn\u00fcm sunar. I\u015f\u0131kla birlikte ta\u015f\u0131n i\u00e7inde olu\u015fan yans\u0131malar, y\u00fcz\u00fc\u011fe canl\u0131 ve rafine bir karakter kazand\u0131r\u0131r.<br \/>\nG\u00f6vde, kal\u0131n ve dolgun formuyla elde y\u00fcksek bir a\u011f\u0131rl\u0131k hissi ve g\u00fcven veren bir duru\u015f sunar. Parlak y\u00fczey i\u015f\u00e7ili\u011fi, ta\u015f\u0131n temiz tonlar\u0131n\u0131 \u00f6n plana \u00e7\u0131kar\u0131rken tasar\u0131m\u0131n genel \u00e7izgisini sade ve g\u00fc\u00e7l\u00fc tutar.<br \/>\nBu model, trendlerden ba\u011f\u0131ms\u0131z bir anlay\u0131\u015fla tasarlanm\u0131\u015ft\u0131r.<br \/>\nZamans\u0131zd\u0131r. Uzun y\u0131llar keyifle kullan\u0131lmak \u00fczere \u00fcretilmi\u015ftir.<br \/>\nBu par\u00e7a seri \u00fcretim de\u011fildir.<br \/>\nTek \u00fcretilmi\u015ftir ve tekrar\u0131 yoktur.<\/p>","protected":false},"featured_media":2029,"comment_status":"open","ping_status":"closed","template":"","meta":[],"product_brand":[],"product_cat":[116,79,54],"product_tag":[],"class_list":{"0":"post-2265","1":"product","2":"type-product","3":"status-publish","4":"has-post-thumbnail","6":"product_cat-ozel-tasarim","7":"product_cat-tasli-yuzukler","8":"product_cat-yuzuk","10":"first","11":"instock","12":"shipping-taxable","13":"purchasable","14":"product-type-variable"},"_links":{"self":[{"href":"https:\/\/brothersjewellery.com\/en\/wp-json\/wp\/v2\/product\/2265","targetHints":{"allow":["GET"]}}],"collection":[{"href":"https:\/\/brothersjewellery.com\/en\/wp-json\/wp\/v2\/product"}],"about":[{"href":"https:\/\/brothersjewellery.com\/en\/wp-json\/wp\/v2\/types\/product"}],"replies":[{"embeddable":true,"href":"https:\/\/brothersjewellery.com\/en\/wp-json\/wp\/v2\/comments?post=2265"}],"wp:featuredmedia":[{"embeddable":true,"href":"https:\/\/brothersjewellery.com\/en\/wp-json\/wp\/v2\/media\/2029"}],"wp:attachment":[{"href":"https:\/\/brothersjewellery.com\/en\/wp-json\/wp\/v2\/media?parent=2265"}],"wp:term":[{"taxonomy":"product_brand","embeddable":true,"href":"https:\/\/brothersjewellery.com\/en\/wp-json\/wp\/v2\/product_brand?post=2265"},{"taxonomy":"product_cat","embeddable":true,"href":"https:\/\/brothersjewellery.com\/en\/wp-json\/wp\/v2\/product_cat?post=2265"},{"taxonomy":"product_tag","embeddable":true,"href":"https:\/\/brothersjewellery.com\/en\/wp-json\/wp\/v2\/product_tag?post=2265"}],"curies":[{"name":"wp","href":"https:\/\/api.w.org\/{rel}","templated":true}]}}