{"id":2267,"date":"2026-03-31T01:19:55","date_gmt":"2026-03-30T22:19:55","guid":{"rendered":"https:\/\/brothersjewellery.com\/urun\/o35-arbor-yosun-akik-yuzuk-tek-uretim\/"},"modified":"2026-04-01T01:04:57","modified_gmt":"2026-03-31T22:04:57","slug":"o35-arbor-yosun-akik-yuzuk-tek-uretim","status":"publish","type":"product","link":"https:\/\/brothersjewellery.com\/en\/product\/o35-arbor-yosun-akik-yuzuk-tek-uretim\/","title":{"rendered":"O35- Arbor Yosun Akik Y\u00fcz\u00fck \u2013 Tek \u00dcretim"},"content":{"rendered":"<p>\u00dcr\u00fcn \u00d6zellikleri<br \/>\n\u00dcretim: El yap\u0131m\u0131<br \/>\nAdet: 1 adet (One of One)<br \/>\nTa\u015f: Do\u011fal moss akik (a\u011fa\u00e7 g\u00f6r\u00fcn\u00fcml\u00fc desen)<br \/>\nKesim: Kaba\u015fon<br \/>\nMalzeme: 925 ayar g\u00fcm\u00fc\u015f<br \/>\nY\u00fczey: Parlak cila<br \/>\nStil: Minimal \/ do\u011fal \/ zamans\u0131z<\/p>\n<p>Form: Sade ve dengeli<br \/>\nA\u011f\u0131rl\u0131k: ~13.4 gr<\/p>","protected":false},"excerpt":{"rendered":"<p>Do\u011fadan gelen bir iz, sade bir formda hayat buluyor.<br \/>\nBu y\u00fcz\u00fck, abart\u0131dan uzak tasar\u0131m\u0131 ve benzersiz ta\u015f karakteriyle \u00f6ne \u00e7\u0131kar.<br \/>\nMerkezde yer alan moss akik (yosun akik), do\u011fan\u0131n kendi i\u00e7inde olu\u015fturdu\u011fu desenlerle adeta k\u00fc\u00e7\u00fck bir manzara sunar. Ta\u015f\u0131n i\u00e7indeki a\u011fa\u00e7 siluetini and\u0131ran olu\u015fumlar, her a\u00e7\u0131dan farkl\u0131 bir derinlik ve hik\u00e2ye hissi verir. Her ta\u015f e\u015fsizdir; bu y\u00fcz\u00fck de tamamen kendine \u00f6zg\u00fcd\u00fcr.<br \/>\n925 ayar g\u00fcm\u00fc\u015f g\u00f6vde, sade ve dengeli bir form \u00fczerine kurulmu\u015ftur. Parlak y\u00fczey, ta\u015f\u0131n do\u011fal desenlerini \u00f6n plana \u00e7\u0131kar\u0131rken y\u00fcz\u00fc\u011fe temiz ve zamans\u0131z bir estetik kazand\u0131r\u0131r.<br \/>\nBu model, trendlerden ba\u011f\u0131ms\u0131zd\u0131r.<br \/>\nZamans\u0131zd\u0131r ve uzun y\u0131llar kullan\u0131lmak \u00fczere tasarlanm\u0131\u015ft\u0131r.<br \/>\nBu par\u00e7a seri \u00fcretim de\u011fildir.<br \/>\nTek \u00fcretilmi\u015ftir ve tekrar\u0131 yoktur.<\/p>","protected":false},"featured_media":2038,"comment_status":"open","ping_status":"closed","template":"","meta":[],"product_brand":[],"product_cat":[116,79,54],"product_tag":[],"class_list":{"0":"post-2267","1":"product","2":"type-product","3":"status-publish","4":"has-post-thumbnail","6":"product_cat-ozel-tasarim","7":"product_cat-tasli-yuzukler","8":"product_cat-yuzuk","10":"first","11":"instock","12":"shipping-taxable","13":"purchasable","14":"product-type-variable"},"_links":{"self":[{"href":"https:\/\/brothersjewellery.com\/en\/wp-json\/wp\/v2\/product\/2267","targetHints":{"allow":["GET"]}}],"collection":[{"href":"https:\/\/brothersjewellery.com\/en\/wp-json\/wp\/v2\/product"}],"about":[{"href":"https:\/\/brothersjewellery.com\/en\/wp-json\/wp\/v2\/types\/product"}],"replies":[{"embeddable":true,"href":"https:\/\/brothersjewellery.com\/en\/wp-json\/wp\/v2\/comments?post=2267"}],"wp:featuredmedia":[{"embeddable":true,"href":"https:\/\/brothersjewellery.com\/en\/wp-json\/wp\/v2\/media\/2038"}],"wp:attachment":[{"href":"https:\/\/brothersjewellery.com\/en\/wp-json\/wp\/v2\/media?parent=2267"}],"wp:term":[{"taxonomy":"product_brand","embeddable":true,"href":"https:\/\/brothersjewellery.com\/en\/wp-json\/wp\/v2\/product_brand?post=2267"},{"taxonomy":"product_cat","embeddable":true,"href":"https:\/\/brothersjewellery.com\/en\/wp-json\/wp\/v2\/product_cat?post=2267"},{"taxonomy":"product_tag","embeddable":true,"href":"https:\/\/brothersjewellery.com\/en\/wp-json\/wp\/v2\/product_tag?post=2267"}],"curies":[{"name":"wp","href":"https:\/\/api.w.org\/{rel}","templated":true}]}}